{"id":7427,"date":"2025-10-01T06:35:51","date_gmt":"2025-10-01T06:35:51","guid":{"rendered":"https:\/\/skandiaelevator.com\/karriar\/arbetsmiljo\/"},"modified":"2025-10-01T11:55:06","modified_gmt":"2025-10-01T11:55:06","slug":"arbetsmiljo","status":"publish","type":"page","link":"https:\/\/skandiaelevator.com\/sv\/karriar\/arbetsmiljo\/","title":{"rendered":"Arbetsmilj\u00f6"},"content":{"rendered":"\t\t<div data-elementor-type=\"wp-page\" data-elementor-id=\"7427\" class=\"elementor elementor-7427\" data-elementor-post-type=\"page\">\n\t\t\t\t<div class=\"elementor-element elementor-element-59b4d73b e-flex e-con-boxed e-con e-parent\" data-id=\"59b4d73b\" data-element_type=\"container\" data-e-type=\"container\">\n\t\t\t\t\t<div class=\"e-con-inner\">\n\t\t\t\t<div class=\"elementor-element elementor-element-1bb0db50 elementor-widget elementor-widget-breadcrumbs\" data-id=\"1bb0db50\" data-element_type=\"widget\" data-e-type=\"widget\" data-widget_type=\"breadcrumbs.default\">\n\t\t\t\t\t<p id=\"breadcrumbs\"><span><span><a href=\"https:\/\/skandiaelevator.com\/sv\/home\/\">Hem<\/a><\/span><\/span><\/p>\t\t\t\t<\/div>\n\t\t\t\t\t<\/div>\n\t\t\t\t<\/div>\n\t\t<div class=\"elementor-element elementor-element-2cf5b3c5 e-flex e-con-boxed e-con e-parent\" data-id=\"2cf5b3c5\" data-element_type=\"container\" data-e-type=\"container\">\n\t\t\t\t\t<div class=\"e-con-inner\">\n\t\t<div class=\"elementor-element elementor-element-771ac218 e-con-full e-flex e-con e-child\" data-id=\"771ac218\" data-element_type=\"container\" data-e-type=\"container\">\n\t\t<div class=\"elementor-element elementor-element-6dbc58e3 e-con-full e-flex e-con e-child\" data-id=\"6dbc58e3\" data-element_type=\"container\" data-e-type=\"container\">\n\t\t\t\t<div class=\"elementor-element elementor-element-6665b297 elementor-widget elementor-widget-heading\" data-id=\"6665b297\" data-element_type=\"widget\" data-e-type=\"widget\" data-widget_type=\"heading.default\">\n\t\t\t\t\t<h2 class=\"elementor-heading-title elementor-size-default\">Arbetsmilj\u00f6<\/h2>\t\t\t\t<\/div>\n\t\t\t\t<\/div>\n\t\t<div class=\"elementor-element elementor-element-520c34aa e-con-full e-flex e-con e-child\" data-id=\"520c34aa\" data-element_type=\"container\" data-e-type=\"container\">\n\t\t\t\t<div class=\"elementor-element elementor-element-70f77701 elementor-widget elementor-widget-text-editor\" data-id=\"70f77701\" data-element_type=\"widget\" data-e-type=\"widget\" data-widget_type=\"text-editor.default\">\n\t\t\t\t\t\t\t\t\t<p>P\u00e5 Skandia Elevator arbetar vi alla tillsammans f\u00f6r att skapa en god arbetsmilj\u00f6, b\u00e5de fysiskt och mentalt. F\u00f6r att lyckas med det m\u00e5ste alla ta sitt ansvar och hj\u00e4lpa till, till exempel genom att f\u00f6lja de instruktioner som finns och att anv\u00e4nda den skyddsutrustning som kr\u00e4vs. Det \u00e4r ocks\u00e5 viktigt att s\u00e4ga till om man uppt\u00e4cker n\u00e5gra risker eller brister i arbetsvardagen.  <\/p><p>En god arbetsmilj\u00f6 minskar inte bara riskerna f\u00f6r olycksfall, f\u00f6rslitningsskador och annan oh\u00e4lsa. Det skapar ocks\u00e5 trygghet i det dagliga arbetet, \u00f6kar engagemanget och arbetsgl\u00e4djen och d\u00e4rmed trivseln. P\u00e5 l\u00e4ngre sikt leder det till en st\u00f6rre arbetstillfredsst\u00e4llelse och \u00f6kade m\u00f6jligheter till personlig utveckling.  <\/p><p>En god arbetsmilj\u00f6 \u00e4r ocks\u00e5 f\u00f6ruts\u00e4ttningen f\u00f6r att h\u00e5lla ordning och reda och leder till ett \u00f6kat kvalitetst\u00e4nkande. Det g\u00e5r helt i linje med v\u00e5r vilja att g\u00f6ra r\u00e4tt fr\u00e5n b\u00f6rjan och st\u00e4ndigt f\u00f6rb\u00e4ttra oss. Vi har med oss v\u00e5r v\u00e4rdegrund i allt vi g\u00f6r och \u00e4r positiva, innovativa och ansvarstagande.  <\/p><p>P\u00e5 Skandia Elevator inneb\u00e4r det att:<\/p><ul><li>Arbetsmilj\u00f6arbetet \u00e4r en naturlig del i allt vi g\u00f6r.<\/li><li>Alla anst\u00e4llda f\u00e5r den introduktion och utbildning som beh\u00f6vs f\u00f6r att kunna arbeta s\u00e4kert.<\/li><li>Regelbundet \u2013 och speciellt vid f\u00f6r\u00e4ndringar \u2013 unders\u00f6ker vi och riskbed\u00f6mer arbetsmilj\u00f6n utifr\u00e5n fysiska, organisatoriska och sociala aspekter.<\/li><li>Vi genomf\u00f6r de \u00e5tg\u00e4rder som kr\u00e4vs f\u00f6r att skapa en s\u00e4ker och trygg arbetsplats.<\/li><li>Alla tillbud och olyckor som intr\u00e4ffar rapporteras och utreds s\u00e5 att vi kan vidta \u00e5tg\u00e4rder.<\/li><li>Vi lever upp till den lagstiftning som finns p\u00e5 arbetsmilj\u00f6omr\u00e5det och n\u00e5r v\u00e5ra arbetsmilj\u00f6m\u00e5l.<\/li><li>Vi f\u00f6ljer \u00e5rligen upp v\u00e5rt systematiska arbetsmilj\u00f6arbete.<\/li><\/ul><p>Vi g\u00f6r det h\u00e4r eftersom en s\u00e4ker och trivsam arbetsmilj\u00f6 \u00e4r en f\u00f6ruts\u00e4ttning och ett sj\u00e4lvklart m\u00e5l f\u00f6r att vi ska kunna vara produktiva och konkurrenskraftiga.<\/p>\t\t\t\t\t\t\t\t<\/div>\n\t\t\t\t<\/div>\n\t\t\t\t<\/div>\n\t\t\t\t\t<\/div>\n\t\t\t\t<\/div>\n\t\t\t\t<\/div>\n\t\t","protected":false},"excerpt":{"rendered":"<p>Arbetsmilj\u00f6 P\u00e5 Skandia Elevator arbetar vi alla tillsammans f\u00f6r att skapa en god arbetsmilj\u00f6, b\u00e5de fysiskt och mentalt. F\u00f6r att lyckas med det m\u00e5ste alla ta sitt ansvar och hj\u00e4lpa till, till exempel genom att f\u00f6lja de instruktioner som finns och att anv\u00e4nda den skyddsutrustning som kr\u00e4vs. Det \u00e4r ocks\u00e5 viktigt att s\u00e4ga till om [&hellip;]<\/p>\n","protected":false},"author":1,"featured_media":0,"parent":2864,"menu_order":0,"comment_status":"closed","ping_status":"closed","template":"","meta":{"_acf_changed":false,"footnotes":""},"class_list":["post-7427","page","type-page","status-publish","hentry"],"acf":[],"yoast_head":"<!-- This site is optimized with the Yoast SEO plugin v27.4 - https:\/\/yoast.com\/product\/yoast-seo-wordpress\/ -->\n<title>Arbetsmilj\u00f6 - Skandia elevator<\/title>\n<meta name=\"robots\" content=\"index, follow, max-snippet:-1, max-image-preview:large, max-video-preview:-1\" \/>\n<link rel=\"canonical\" href=\"https:\/\/skandiaelevator.com\/sv\/karriar\/arbetsmiljo\/\" \/>\n<meta property=\"og:locale\" content=\"sv_SE\" \/>\n<meta property=\"og:type\" content=\"article\" \/>\n<meta property=\"og:title\" content=\"Arbetsmilj\u00f6 - Skandia elevator\" \/>\n<meta property=\"og:description\" content=\"Arbetsmilj\u00f6 P\u00e5 Skandia Elevator arbetar vi alla tillsammans f\u00f6r att skapa en god arbetsmilj\u00f6, b\u00e5de fysiskt och mentalt. F\u00f6r att lyckas med det m\u00e5ste alla ta sitt ansvar och hj\u00e4lpa till, till exempel genom att f\u00f6lja de instruktioner som finns och att anv\u00e4nda den skyddsutrustning som kr\u00e4vs. Det \u00e4r ocks\u00e5 viktigt att s\u00e4ga till om [&hellip;]\" \/>\n<meta property=\"og:url\" content=\"https:\/\/skandiaelevator.com\/sv\/karriar\/arbetsmiljo\/\" \/>\n<meta property=\"og:site_name\" content=\"Skandia elevator\" \/>\n<meta property=\"article:modified_time\" content=\"2025-10-01T11:55:06+00:00\" \/>\n<meta property=\"og:image\" content=\"https:\/\/skandiaelevator.com\/wp-content\/uploads\/2025\/09\/cropped-FAV_512x512px.png\" \/>\n\t<meta property=\"og:image:width\" content=\"512\" \/>\n\t<meta property=\"og:image:height\" content=\"512\" \/>\n\t<meta property=\"og:image:type\" content=\"image\/png\" \/>\n<meta name=\"twitter:card\" content=\"summary_large_image\" \/>\n<meta name=\"twitter:label1\" content=\"Ber\u00e4knad l\u00e4stid\" \/>\n\t<meta name=\"twitter:data1\" content=\"2 minuter\" \/>\n<script type=\"application\/ld+json\" class=\"yoast-schema-graph\">{\"@context\":\"https:\\\/\\\/schema.org\",\"@graph\":[{\"@type\":\"WebPage\",\"@id\":\"https:\\\/\\\/skandiaelevator.com\\\/sv\\\/karriar\\\/arbetsmiljo\\\/\",\"url\":\"https:\\\/\\\/skandiaelevator.com\\\/sv\\\/karriar\\\/arbetsmiljo\\\/\",\"name\":\"Arbetsmilj\u00f6 - Skandia elevator\",\"isPartOf\":{\"@id\":\"https:\\\/\\\/skandiaelevator.com\\\/#website\"},\"datePublished\":\"2025-10-01T06:35:51+00:00\",\"dateModified\":\"2025-10-01T11:55:06+00:00\",\"breadcrumb\":{\"@id\":\"https:\\\/\\\/skandiaelevator.com\\\/sv\\\/karriar\\\/arbetsmiljo\\\/#breadcrumb\"},\"inLanguage\":\"sv-SE\",\"potentialAction\":[{\"@type\":\"ReadAction\",\"target\":[\"https:\\\/\\\/skandiaelevator.com\\\/sv\\\/karriar\\\/arbetsmiljo\\\/\"]}]},{\"@type\":\"BreadcrumbList\",\"@id\":\"https:\\\/\\\/skandiaelevator.com\\\/sv\\\/karriar\\\/arbetsmiljo\\\/#breadcrumb\",\"itemListElement\":[{\"@type\":\"ListItem\",\"position\":1,\"name\":\"Hem\",\"item\":\"https:\\\/\\\/skandiaelevator.com\\\/sv\\\/home\\\/\"},{\"@type\":\"ListItem\",\"position\":2,\"name\":\"Karri\u00e4r\",\"item\":\"https:\\\/\\\/skandiaelevator.com\\\/sv\\\/karriar\\\/\"},{\"@type\":\"ListItem\",\"position\":3,\"name\":\"Arbetsmilj\u00f6\"}]},{\"@type\":\"WebSite\",\"@id\":\"https:\\\/\\\/skandiaelevator.com\\\/#website\",\"url\":\"https:\\\/\\\/skandiaelevator.com\\\/\",\"name\":\"Skandia elevator\",\"description\":\"\",\"publisher\":{\"@id\":\"https:\\\/\\\/skandiaelevator.com\\\/#organization\"},\"potentialAction\":[{\"@type\":\"SearchAction\",\"target\":{\"@type\":\"EntryPoint\",\"urlTemplate\":\"https:\\\/\\\/skandiaelevator.com\\\/?s={search_term_string}\"},\"query-input\":{\"@type\":\"PropertyValueSpecification\",\"valueRequired\":true,\"valueName\":\"search_term_string\"}}],\"inLanguage\":\"sv-SE\"},{\"@type\":\"Organization\",\"@id\":\"https:\\\/\\\/skandiaelevator.com\\\/#organization\",\"name\":\"Skandia elevator\",\"url\":\"https:\\\/\\\/skandiaelevator.com\\\/\",\"logo\":{\"@type\":\"ImageObject\",\"inLanguage\":\"sv-SE\",\"@id\":\"https:\\\/\\\/skandiaelevator.com\\\/#\\\/schema\\\/logo\\\/image\\\/\",\"url\":\"https:\\\/\\\/skandiaelevator.com\\\/wp-content\\\/uploads\\\/2025\\\/09\\\/cropped-FAV_512x512px.png\",\"contentUrl\":\"https:\\\/\\\/skandiaelevator.com\\\/wp-content\\\/uploads\\\/2025\\\/09\\\/cropped-FAV_512x512px.png\",\"width\":512,\"height\":512,\"caption\":\"Skandia elevator\"},\"image\":{\"@id\":\"https:\\\/\\\/skandiaelevator.com\\\/#\\\/schema\\\/logo\\\/image\\\/\"}}]}<\/script>\n<!-- \/ Yoast SEO plugin. -->","yoast_head_json":{"title":"Arbetsmilj\u00f6 - Skandia elevator","robots":{"index":"index","follow":"follow","max-snippet":"max-snippet:-1","max-image-preview":"max-image-preview:large","max-video-preview":"max-video-preview:-1"},"canonical":"https:\/\/skandiaelevator.com\/sv\/karriar\/arbetsmiljo\/","og_locale":"sv_SE","og_type":"article","og_title":"Arbetsmilj\u00f6 - Skandia elevator","og_description":"Arbetsmilj\u00f6 P\u00e5 Skandia Elevator arbetar vi alla tillsammans f\u00f6r att skapa en god arbetsmilj\u00f6, b\u00e5de fysiskt och mentalt. F\u00f6r att lyckas med det m\u00e5ste alla ta sitt ansvar och hj\u00e4lpa till, till exempel genom att f\u00f6lja de instruktioner som finns och att anv\u00e4nda den skyddsutrustning som kr\u00e4vs. Det \u00e4r ocks\u00e5 viktigt att s\u00e4ga till om [&hellip;]","og_url":"https:\/\/skandiaelevator.com\/sv\/karriar\/arbetsmiljo\/","og_site_name":"Skandia elevator","article_modified_time":"2025-10-01T11:55:06+00:00","og_image":[{"width":512,"height":512,"url":"https:\/\/skandiaelevator.com\/wp-content\/uploads\/2025\/09\/cropped-FAV_512x512px.png","type":"image\/png"}],"twitter_card":"summary_large_image","twitter_misc":{"Ber\u00e4knad l\u00e4stid":"2 minuter"},"schema":{"@context":"https:\/\/schema.org","@graph":[{"@type":"WebPage","@id":"https:\/\/skandiaelevator.com\/sv\/karriar\/arbetsmiljo\/","url":"https:\/\/skandiaelevator.com\/sv\/karriar\/arbetsmiljo\/","name":"Arbetsmilj\u00f6 - Skandia elevator","isPartOf":{"@id":"https:\/\/skandiaelevator.com\/#website"},"datePublished":"2025-10-01T06:35:51+00:00","dateModified":"2025-10-01T11:55:06+00:00","breadcrumb":{"@id":"https:\/\/skandiaelevator.com\/sv\/karriar\/arbetsmiljo\/#breadcrumb"},"inLanguage":"sv-SE","potentialAction":[{"@type":"ReadAction","target":["https:\/\/skandiaelevator.com\/sv\/karriar\/arbetsmiljo\/"]}]},{"@type":"BreadcrumbList","@id":"https:\/\/skandiaelevator.com\/sv\/karriar\/arbetsmiljo\/#breadcrumb","itemListElement":[{"@type":"ListItem","position":1,"name":"Hem","item":"https:\/\/skandiaelevator.com\/sv\/home\/"},{"@type":"ListItem","position":2,"name":"Karri\u00e4r","item":"https:\/\/skandiaelevator.com\/sv\/karriar\/"},{"@type":"ListItem","position":3,"name":"Arbetsmilj\u00f6"}]},{"@type":"WebSite","@id":"https:\/\/skandiaelevator.com\/#website","url":"https:\/\/skandiaelevator.com\/","name":"Skandia elevator","description":"","publisher":{"@id":"https:\/\/skandiaelevator.com\/#organization"},"potentialAction":[{"@type":"SearchAction","target":{"@type":"EntryPoint","urlTemplate":"https:\/\/skandiaelevator.com\/?s={search_term_string}"},"query-input":{"@type":"PropertyValueSpecification","valueRequired":true,"valueName":"search_term_string"}}],"inLanguage":"sv-SE"},{"@type":"Organization","@id":"https:\/\/skandiaelevator.com\/#organization","name":"Skandia elevator","url":"https:\/\/skandiaelevator.com\/","logo":{"@type":"ImageObject","inLanguage":"sv-SE","@id":"https:\/\/skandiaelevator.com\/#\/schema\/logo\/image\/","url":"https:\/\/skandiaelevator.com\/wp-content\/uploads\/2025\/09\/cropped-FAV_512x512px.png","contentUrl":"https:\/\/skandiaelevator.com\/wp-content\/uploads\/2025\/09\/cropped-FAV_512x512px.png","width":512,"height":512,"caption":"Skandia elevator"},"image":{"@id":"https:\/\/skandiaelevator.com\/#\/schema\/logo\/image\/"}}]}},"_links":{"self":[{"href":"https:\/\/skandiaelevator.com\/sv\/wp-json\/wp\/v2\/pages\/7427","targetHints":{"allow":["GET"]}}],"collection":[{"href":"https:\/\/skandiaelevator.com\/sv\/wp-json\/wp\/v2\/pages"}],"about":[{"href":"https:\/\/skandiaelevator.com\/sv\/wp-json\/wp\/v2\/types\/page"}],"author":[{"embeddable":true,"href":"https:\/\/skandiaelevator.com\/sv\/wp-json\/wp\/v2\/users\/1"}],"replies":[{"embeddable":true,"href":"https:\/\/skandiaelevator.com\/sv\/wp-json\/wp\/v2\/comments?post=7427"}],"version-history":[{"count":3,"href":"https:\/\/skandiaelevator.com\/sv\/wp-json\/wp\/v2\/pages\/7427\/revisions"}],"predecessor-version":[{"id":7464,"href":"https:\/\/skandiaelevator.com\/sv\/wp-json\/wp\/v2\/pages\/7427\/revisions\/7464"}],"up":[{"embeddable":true,"href":"https:\/\/skandiaelevator.com\/sv\/wp-json\/wp\/v2\/pages\/2864"}],"wp:attachment":[{"href":"https:\/\/skandiaelevator.com\/sv\/wp-json\/wp\/v2\/media?parent=7427"}],"curies":[{"name":"wp","href":"https:\/\/api.w.org\/{rel}","templated":true}]}}