{"id":7422,"date":"2025-10-01T06:36:37","date_gmt":"2025-10-01T06:36:37","guid":{"rendered":"https:\/\/skandiaelevator.com\/karriar\/personalvard\/"},"modified":"2025-10-01T11:54:28","modified_gmt":"2025-10-01T11:54:28","slug":"personalvard","status":"publish","type":"page","link":"https:\/\/skandiaelevator.com\/sv\/karriar\/personalvard\/","title":{"rendered":"Personalv\u00e5rd"},"content":{"rendered":"\t\t<div data-elementor-type=\"wp-page\" data-elementor-id=\"7422\" class=\"elementor elementor-7422\" data-elementor-post-type=\"page\">\n\t\t\t\t<div class=\"elementor-element elementor-element-16cc4baf e-flex e-con-boxed e-con e-parent\" data-id=\"16cc4baf\" data-element_type=\"container\" data-e-type=\"container\">\n\t\t\t\t\t<div class=\"e-con-inner\">\n\t\t\t\t<div class=\"elementor-element elementor-element-1cc2d1c4 elementor-widget elementor-widget-breadcrumbs\" data-id=\"1cc2d1c4\" data-element_type=\"widget\" data-e-type=\"widget\" data-widget_type=\"breadcrumbs.default\">\n\t\t\t\t\t<p id=\"breadcrumbs\"><span><span><a href=\"https:\/\/skandiaelevator.com\/sv\/home\/\">Hem<\/a><\/span><\/span><\/p>\t\t\t\t<\/div>\n\t\t\t\t\t<\/div>\n\t\t\t\t<\/div>\n\t\t<div class=\"elementor-element elementor-element-56c02592 e-flex e-con-boxed e-con e-parent\" data-id=\"56c02592\" data-element_type=\"container\" data-e-type=\"container\">\n\t\t\t\t\t<div class=\"e-con-inner\">\n\t\t<div class=\"elementor-element elementor-element-2ea73a42 e-con-full e-flex e-con e-child\" data-id=\"2ea73a42\" data-element_type=\"container\" data-e-type=\"container\">\n\t\t<div class=\"elementor-element elementor-element-7a9133ea e-con-full e-flex e-con e-child\" data-id=\"7a9133ea\" data-element_type=\"container\" data-e-type=\"container\">\n\t\t\t\t<div class=\"elementor-element elementor-element-125bff8f elementor-widget elementor-widget-heading\" data-id=\"125bff8f\" data-element_type=\"widget\" data-e-type=\"widget\" data-widget_type=\"heading.default\">\n\t\t\t\t\t<h2 class=\"elementor-heading-title elementor-size-default\">Personalv\u00e5rd<\/h2>\t\t\t\t<\/div>\n\t\t\t\t<\/div>\n\t\t<div class=\"elementor-element elementor-element-7a964e6f e-con-full e-flex e-con e-child\" data-id=\"7a964e6f\" data-element_type=\"container\" data-e-type=\"container\">\n\t\t\t\t<div class=\"elementor-element elementor-element-2453ab69 elementor-widget elementor-widget-text-editor\" data-id=\"2453ab69\" data-element_type=\"widget\" data-e-type=\"widget\" data-widget_type=\"text-editor.default\">\n\t\t\t\t\t\t\t\t\t<p>Personalv\u00e5rd ligger oss varmt om hj\u00e4rtat och vi vill att alla medarbetare ska m\u00e5 bra<br>och trivas p\u00e5 jobbet. Friskv\u00e5rdspeng g\u00e5r ut till b\u00e5de tillsvidareanst\u00e4llda och visstidsanst\u00e4llda och det finns \u00e4ven m\u00f6jlighet att f\u00e5 massage under arbetstid. Som anst\u00e4lld p\u00e5 Skandia Elevator simmar du ocks\u00e5 gratis p\u00e5 N\u00e4steg\u00e5rdsbadet i Kv\u00e4num och i Vara Badhus.  <\/p>\n\nV\u00e5rt l\u00f6fte till alla anst\u00e4llda \u00e4r att:\n<ul>\n \t<li>Skapa f\u00f6ruts\u00e4ttningar f\u00f6r att alla ska trivas och k\u00e4nna sig motiverade att arbeta.<\/li>\n \t<li>Alla ska f\u00e5 den utbildning som beh\u00f6vs f\u00f6r att kunna utf\u00f6ra sina arbetsuppgifter.<\/li>\n \t<li>Kompetensutveckling ska stimulera till kreativitet och utveckling f\u00f6r b\u00e5de\nmedarbetaren och verksamheten.<\/li>\n \t<li>Vi har en positiv inst\u00e4llning till intern r\u00f6rlighet f\u00f6r att anst\u00e4llda ska kunna prova p\u00e5 nya arbetsuppgifter och f\u00e5 nya utvecklingsm\u00f6jligheter.<\/li>\n \t<li>Cheferna p\u00e5 Skandia Elevator ska:<\/li>\n \t<li>Arbeta m\u00e5linriktat f\u00f6r att organisationen ska pr\u00e4glas av arbetsgl\u00e4dje, effektivitet och utveckling<\/li>\n \t<li>Genomf\u00f6ra regelbundna utvecklingssamtal och d\u00e4r diskutera kompetensutveckling utifr\u00e5n individens och verksamhetens behov.<\/li>\n \t<li>Vara nyt\u00e4nkande, ta vara p\u00e5 id\u00e9er och v\u00e5ga g\u00e5 f\u00f6re.<\/li>\n \t<li>Skapa delaktighet och ge frihet under ansvar till sina medarbetare.<\/li>\n<\/ul>\n<p><strong>SJUKFR\u00c5NVARO OCH REHABILITERING\n<\/strong><\/p>\nAmbitionen \u00e4r att ingen ska beh\u00f6va vara sjukskriven p\u00e5 grund av jobbet.\nChefer och anst\u00e4llda ska tillsammans vara uppm\u00e4rksamma p\u00e5 tidiga signaler p\u00e5 oh\u00e4lsa och agera l\u00f6sningsorienterat. Det finns v\u00e4l utvecklade planer f\u00f6r rehabilitering och arbetsanpassning. \t\t\t\t\t\t\t\t<\/div>\n\t\t\t\t<\/div>\n\t\t\t\t<\/div>\n\t\t\t\t\t<\/div>\n\t\t\t\t<\/div>\n\t\t\t\t<\/div>\n\t\t","protected":false},"excerpt":{"rendered":"<p>Personalv\u00e5rd Personalv\u00e5rd ligger oss varmt om hj\u00e4rtat och vi vill att alla medarbetare ska m\u00e5 braoch trivas p\u00e5 jobbet. Friskv\u00e5rdspeng g\u00e5r ut till b\u00e5de tillsvidareanst\u00e4llda och visstidsanst\u00e4llda och det finns \u00e4ven m\u00f6jlighet att f\u00e5 massage under arbetstid. Som anst\u00e4lld p\u00e5 Skandia Elevator simmar du ocks\u00e5 gratis p\u00e5 N\u00e4steg\u00e5rdsbadet i Kv\u00e4num och i Vara Badhus. V\u00e5rt [&hellip;]<\/p>\n","protected":false},"author":1,"featured_media":0,"parent":2864,"menu_order":0,"comment_status":"closed","ping_status":"closed","template":"","meta":{"_acf_changed":false,"footnotes":""},"class_list":["post-7422","page","type-page","status-publish","hentry"],"acf":[],"yoast_head":"<!-- This site is optimized with the Yoast SEO plugin v27.4 - https:\/\/yoast.com\/product\/yoast-seo-wordpress\/ -->\n<title>Personalv\u00e5rd - Skandia elevator<\/title>\n<meta name=\"robots\" content=\"index, follow, max-snippet:-1, max-image-preview:large, max-video-preview:-1\" \/>\n<link rel=\"canonical\" href=\"https:\/\/skandiaelevator.com\/sv\/karriar\/personalvard\/\" \/>\n<meta property=\"og:locale\" content=\"sv_SE\" \/>\n<meta property=\"og:type\" content=\"article\" \/>\n<meta property=\"og:title\" content=\"Personalv\u00e5rd - Skandia elevator\" \/>\n<meta property=\"og:description\" content=\"Personalv\u00e5rd Personalv\u00e5rd ligger oss varmt om hj\u00e4rtat och vi vill att alla medarbetare ska m\u00e5 braoch trivas p\u00e5 jobbet. Friskv\u00e5rdspeng g\u00e5r ut till b\u00e5de tillsvidareanst\u00e4llda och visstidsanst\u00e4llda och det finns \u00e4ven m\u00f6jlighet att f\u00e5 massage under arbetstid. Som anst\u00e4lld p\u00e5 Skandia Elevator simmar du ocks\u00e5 gratis p\u00e5 N\u00e4steg\u00e5rdsbadet i Kv\u00e4num och i Vara Badhus. V\u00e5rt [&hellip;]\" \/>\n<meta property=\"og:url\" content=\"https:\/\/skandiaelevator.com\/sv\/karriar\/personalvard\/\" \/>\n<meta property=\"og:site_name\" content=\"Skandia elevator\" \/>\n<meta property=\"article:modified_time\" content=\"2025-10-01T11:54:28+00:00\" \/>\n<meta property=\"og:image\" content=\"https:\/\/skandiaelevator.com\/wp-content\/uploads\/2025\/09\/cropped-FAV_512x512px.png\" \/>\n\t<meta property=\"og:image:width\" content=\"512\" \/>\n\t<meta property=\"og:image:height\" content=\"512\" \/>\n\t<meta property=\"og:image:type\" content=\"image\/png\" \/>\n<meta name=\"twitter:card\" content=\"summary_large_image\" \/>\n<meta name=\"twitter:label1\" content=\"Ber\u00e4knad l\u00e4stid\" \/>\n\t<meta name=\"twitter:data1\" content=\"1 minut\" \/>\n<script type=\"application\/ld+json\" class=\"yoast-schema-graph\">{\"@context\":\"https:\\\/\\\/schema.org\",\"@graph\":[{\"@type\":\"WebPage\",\"@id\":\"https:\\\/\\\/skandiaelevator.com\\\/sv\\\/karriar\\\/personalvard\\\/\",\"url\":\"https:\\\/\\\/skandiaelevator.com\\\/sv\\\/karriar\\\/personalvard\\\/\",\"name\":\"Personalv\u00e5rd - Skandia elevator\",\"isPartOf\":{\"@id\":\"https:\\\/\\\/skandiaelevator.com\\\/#website\"},\"datePublished\":\"2025-10-01T06:36:37+00:00\",\"dateModified\":\"2025-10-01T11:54:28+00:00\",\"breadcrumb\":{\"@id\":\"https:\\\/\\\/skandiaelevator.com\\\/sv\\\/karriar\\\/personalvard\\\/#breadcrumb\"},\"inLanguage\":\"sv-SE\",\"potentialAction\":[{\"@type\":\"ReadAction\",\"target\":[\"https:\\\/\\\/skandiaelevator.com\\\/sv\\\/karriar\\\/personalvard\\\/\"]}]},{\"@type\":\"BreadcrumbList\",\"@id\":\"https:\\\/\\\/skandiaelevator.com\\\/sv\\\/karriar\\\/personalvard\\\/#breadcrumb\",\"itemListElement\":[{\"@type\":\"ListItem\",\"position\":1,\"name\":\"Hem\",\"item\":\"https:\\\/\\\/skandiaelevator.com\\\/sv\\\/home\\\/\"},{\"@type\":\"ListItem\",\"position\":2,\"name\":\"Karri\u00e4r\",\"item\":\"https:\\\/\\\/skandiaelevator.com\\\/sv\\\/karriar\\\/\"},{\"@type\":\"ListItem\",\"position\":3,\"name\":\"Personalv\u00e5rd\"}]},{\"@type\":\"WebSite\",\"@id\":\"https:\\\/\\\/skandiaelevator.com\\\/#website\",\"url\":\"https:\\\/\\\/skandiaelevator.com\\\/\",\"name\":\"Skandia elevator\",\"description\":\"\",\"publisher\":{\"@id\":\"https:\\\/\\\/skandiaelevator.com\\\/#organization\"},\"potentialAction\":[{\"@type\":\"SearchAction\",\"target\":{\"@type\":\"EntryPoint\",\"urlTemplate\":\"https:\\\/\\\/skandiaelevator.com\\\/?s={search_term_string}\"},\"query-input\":{\"@type\":\"PropertyValueSpecification\",\"valueRequired\":true,\"valueName\":\"search_term_string\"}}],\"inLanguage\":\"sv-SE\"},{\"@type\":\"Organization\",\"@id\":\"https:\\\/\\\/skandiaelevator.com\\\/#organization\",\"name\":\"Skandia elevator\",\"url\":\"https:\\\/\\\/skandiaelevator.com\\\/\",\"logo\":{\"@type\":\"ImageObject\",\"inLanguage\":\"sv-SE\",\"@id\":\"https:\\\/\\\/skandiaelevator.com\\\/#\\\/schema\\\/logo\\\/image\\\/\",\"url\":\"https:\\\/\\\/skandiaelevator.com\\\/wp-content\\\/uploads\\\/2025\\\/09\\\/cropped-FAV_512x512px.png\",\"contentUrl\":\"https:\\\/\\\/skandiaelevator.com\\\/wp-content\\\/uploads\\\/2025\\\/09\\\/cropped-FAV_512x512px.png\",\"width\":512,\"height\":512,\"caption\":\"Skandia elevator\"},\"image\":{\"@id\":\"https:\\\/\\\/skandiaelevator.com\\\/#\\\/schema\\\/logo\\\/image\\\/\"}}]}<\/script>\n<!-- \/ Yoast SEO plugin. -->","yoast_head_json":{"title":"Personalv\u00e5rd - Skandia elevator","robots":{"index":"index","follow":"follow","max-snippet":"max-snippet:-1","max-image-preview":"max-image-preview:large","max-video-preview":"max-video-preview:-1"},"canonical":"https:\/\/skandiaelevator.com\/sv\/karriar\/personalvard\/","og_locale":"sv_SE","og_type":"article","og_title":"Personalv\u00e5rd - Skandia elevator","og_description":"Personalv\u00e5rd Personalv\u00e5rd ligger oss varmt om hj\u00e4rtat och vi vill att alla medarbetare ska m\u00e5 braoch trivas p\u00e5 jobbet. Friskv\u00e5rdspeng g\u00e5r ut till b\u00e5de tillsvidareanst\u00e4llda och visstidsanst\u00e4llda och det finns \u00e4ven m\u00f6jlighet att f\u00e5 massage under arbetstid. Som anst\u00e4lld p\u00e5 Skandia Elevator simmar du ocks\u00e5 gratis p\u00e5 N\u00e4steg\u00e5rdsbadet i Kv\u00e4num och i Vara Badhus. V\u00e5rt [&hellip;]","og_url":"https:\/\/skandiaelevator.com\/sv\/karriar\/personalvard\/","og_site_name":"Skandia elevator","article_modified_time":"2025-10-01T11:54:28+00:00","og_image":[{"width":512,"height":512,"url":"https:\/\/skandiaelevator.com\/wp-content\/uploads\/2025\/09\/cropped-FAV_512x512px.png","type":"image\/png"}],"twitter_card":"summary_large_image","twitter_misc":{"Ber\u00e4knad l\u00e4stid":"1 minut"},"schema":{"@context":"https:\/\/schema.org","@graph":[{"@type":"WebPage","@id":"https:\/\/skandiaelevator.com\/sv\/karriar\/personalvard\/","url":"https:\/\/skandiaelevator.com\/sv\/karriar\/personalvard\/","name":"Personalv\u00e5rd - Skandia elevator","isPartOf":{"@id":"https:\/\/skandiaelevator.com\/#website"},"datePublished":"2025-10-01T06:36:37+00:00","dateModified":"2025-10-01T11:54:28+00:00","breadcrumb":{"@id":"https:\/\/skandiaelevator.com\/sv\/karriar\/personalvard\/#breadcrumb"},"inLanguage":"sv-SE","potentialAction":[{"@type":"ReadAction","target":["https:\/\/skandiaelevator.com\/sv\/karriar\/personalvard\/"]}]},{"@type":"BreadcrumbList","@id":"https:\/\/skandiaelevator.com\/sv\/karriar\/personalvard\/#breadcrumb","itemListElement":[{"@type":"ListItem","position":1,"name":"Hem","item":"https:\/\/skandiaelevator.com\/sv\/home\/"},{"@type":"ListItem","position":2,"name":"Karri\u00e4r","item":"https:\/\/skandiaelevator.com\/sv\/karriar\/"},{"@type":"ListItem","position":3,"name":"Personalv\u00e5rd"}]},{"@type":"WebSite","@id":"https:\/\/skandiaelevator.com\/#website","url":"https:\/\/skandiaelevator.com\/","name":"Skandia elevator","description":"","publisher":{"@id":"https:\/\/skandiaelevator.com\/#organization"},"potentialAction":[{"@type":"SearchAction","target":{"@type":"EntryPoint","urlTemplate":"https:\/\/skandiaelevator.com\/?s={search_term_string}"},"query-input":{"@type":"PropertyValueSpecification","valueRequired":true,"valueName":"search_term_string"}}],"inLanguage":"sv-SE"},{"@type":"Organization","@id":"https:\/\/skandiaelevator.com\/#organization","name":"Skandia elevator","url":"https:\/\/skandiaelevator.com\/","logo":{"@type":"ImageObject","inLanguage":"sv-SE","@id":"https:\/\/skandiaelevator.com\/#\/schema\/logo\/image\/","url":"https:\/\/skandiaelevator.com\/wp-content\/uploads\/2025\/09\/cropped-FAV_512x512px.png","contentUrl":"https:\/\/skandiaelevator.com\/wp-content\/uploads\/2025\/09\/cropped-FAV_512x512px.png","width":512,"height":512,"caption":"Skandia elevator"},"image":{"@id":"https:\/\/skandiaelevator.com\/#\/schema\/logo\/image\/"}}]}},"_links":{"self":[{"href":"https:\/\/skandiaelevator.com\/sv\/wp-json\/wp\/v2\/pages\/7422","targetHints":{"allow":["GET"]}}],"collection":[{"href":"https:\/\/skandiaelevator.com\/sv\/wp-json\/wp\/v2\/pages"}],"about":[{"href":"https:\/\/skandiaelevator.com\/sv\/wp-json\/wp\/v2\/types\/page"}],"author":[{"embeddable":true,"href":"https:\/\/skandiaelevator.com\/sv\/wp-json\/wp\/v2\/users\/1"}],"replies":[{"embeddable":true,"href":"https:\/\/skandiaelevator.com\/sv\/wp-json\/wp\/v2\/comments?post=7422"}],"version-history":[{"count":6,"href":"https:\/\/skandiaelevator.com\/sv\/wp-json\/wp\/v2\/pages\/7422\/revisions"}],"predecessor-version":[{"id":7460,"href":"https:\/\/skandiaelevator.com\/sv\/wp-json\/wp\/v2\/pages\/7422\/revisions\/7460"}],"up":[{"embeddable":true,"href":"https:\/\/skandiaelevator.com\/sv\/wp-json\/wp\/v2\/pages\/2864"}],"wp:attachment":[{"href":"https:\/\/skandiaelevator.com\/sv\/wp-json\/wp\/v2\/media?parent=7422"}],"curies":[{"name":"wp","href":"https:\/\/api.w.org\/{rel}","templated":true}]}}