{"id":3079,"date":"2025-09-02T13:03:45","date_gmt":"2025-09-02T13:03:45","guid":{"rendered":"https:\/\/skandiaelevator.com\/privacy-policy\/"},"modified":"2025-10-31T10:29:36","modified_gmt":"2025-10-31T10:29:36","slug":"privacy-policy","status":"publish","type":"page","link":"https:\/\/skandiaelevator.com\/sv\/privacy-policy\/","title":{"rendered":"Integritetspolicy"},"content":{"rendered":"\t\t<div data-elementor-type=\"wp-page\" data-elementor-id=\"3079\" class=\"elementor elementor-3079 elementor-1964\" data-elementor-post-type=\"page\">\n\t\t\t\t<div class=\"elementor-element elementor-element-2201e38 e-flex e-con-boxed e-con e-parent\" data-id=\"2201e38\" data-element_type=\"container\" data-e-type=\"container\">\n\t\t\t\t\t<div class=\"e-con-inner\">\n\t\t\t\t<div class=\"elementor-element elementor-element-779fa54 elementor-widget elementor-widget-breadcrumbs\" data-id=\"779fa54\" data-element_type=\"widget\" data-e-type=\"widget\" data-widget_type=\"breadcrumbs.default\">\n\t\t\t\t\t<p id=\"breadcrumbs\"><span><span><a href=\"https:\/\/skandiaelevator.com\/sv\/home\/\">Hem<\/a><\/span><\/span><\/p>\t\t\t\t<\/div>\n\t\t\t\t\t<\/div>\n\t\t\t\t<\/div>\n\t\t<div class=\"elementor-element elementor-element-301a6cbb e-flex e-con-boxed e-con e-parent\" data-id=\"301a6cbb\" data-element_type=\"container\" data-e-type=\"container\">\n\t\t\t\t\t<div class=\"e-con-inner\">\n\t\t<div class=\"elementor-element elementor-element-1e0887e1 e-con-full e-flex e-con e-child\" data-id=\"1e0887e1\" data-element_type=\"container\" data-e-type=\"container\">\n\t\t<div class=\"elementor-element elementor-element-705d4547 e-con-full e-flex e-con e-child\" data-id=\"705d4547\" data-element_type=\"container\" data-e-type=\"container\">\n\t\t\t\t<div class=\"elementor-element elementor-element-7c9cbf09 elementor-widget elementor-widget-heading\" data-id=\"7c9cbf09\" data-element_type=\"widget\" data-e-type=\"widget\" data-widget_type=\"heading.default\">\n\t\t\t\t\t<h2 class=\"elementor-heading-title elementor-size-default\">PRIVACY POLICY (GDPR)<\/h2>\t\t\t\t<\/div>\n\t\t\t\t<\/div>\n\t\t<div class=\"elementor-element elementor-element-675ddb4e e-con-full e-flex e-con e-child\" data-id=\"675ddb4e\" data-element_type=\"container\" data-e-type=\"container\">\n\t\t\t\t<div class=\"elementor-element elementor-element-38f1008d elementor-widget elementor-widget-text-editor\" data-id=\"38f1008d\" data-element_type=\"widget\" data-e-type=\"widget\" data-widget_type=\"text-editor.default\">\n\t\t\t\t\t\t\t\t\t<p>Skandia Elevator ska vidta alla l\u00e4mpliga \u00e5tg\u00e4rder f\u00f6r att s\u00e4kerst\u00e4lla starkt skydd av personlig integritet inom f\u00f6retaget. Detta g\u00e4ller behandling av personuppgifter om kunder, leverant\u00f6rer och personal, samt f\u00f6r andra individer som kan bli registrerade i f\u00f6retagets IT-system.<br>Skandia Elevator \u00e4r personuppgiftsansvarig f\u00f6r de personuppgifter som samlas in och behandlas inom f\u00f6retaget.<br>Skandia Elevator lagrar endast de personuppgifter som beh\u00f6vs f\u00f6r att uppfylla avtalet mellan Skandia Elevator och kundens kunder, leverant\u00f6rer, anst\u00e4llda eller andra parter som kan bli registrerade i f\u00f6retagets IT-system. Vi sparar personuppgifterna s\u00e5 l\u00e4nge det \u00e4r n\u00f6dv\u00e4ndigt f\u00f6r att uppfylla de syften f\u00f6r vilka uppgifterna samlades in. Uppgifterna kan ocks\u00e5 sparas under den tidsperiod som kr\u00e4vs enligt g\u00e4llande lagstiftning. Hos Skandia Elevator finns kontinuerliga rutiner som s\u00e4kerst\u00e4ller att vi inte lagrar on\u00f6diga personuppgifter och att lagringstiden minimeras i st\u00f6rsta m\u00f6jliga utstr\u00e4ckning.    <br><br><strong>R\u00c4TTELSE OCH TRANSPARENS<\/strong><br>Skandia Elevator str\u00e4var efter att all information vi behandlar ska vara korrekt. Om du vill ha tillg\u00e5ng till behandlingen av dina personuppgifter har du r\u00e4tt att beg\u00e4ra utdrag ur registret. Om vi f\u00e5r en beg\u00e4ran fr\u00e5n dig kan vi komma att beg\u00e4ra kompletterande information f\u00f6r att s\u00e4kerst\u00e4lla att vi l\u00e4mnar dina uppgifter till r\u00e4tt person. En beg\u00e4ran om utdrag ur registret m\u00e5ste undertecknas skriftligt av dig. Du har ocks\u00e5 r\u00e4tt att n\u00e4r som helst beg\u00e4ra att dina personuppgifter r\u00e4ttas.<br>Du kan beg\u00e4ra radering av dina uppgifter i den utstr\u00e4ckning det \u00e4r f\u00f6renligt med g\u00e4llande lagstiftning och enligt ing\u00e5ngna avtal, och vi ska sj\u00e4lvklart alltid g\u00f6ra v\u00e5rt b\u00e4sta f\u00f6r att uppfylla din beg\u00e4ran om radering. Du har \u00e4ven r\u00e4tt att inv\u00e4nda mot v\u00e5r behandling (t.ex. om n\u00e5gra av de insamlade uppgifterna \u00e4r felaktiga). I vissa fall kan Skandia Elevator inte uppfylla din beg\u00e4ran om radering om uppgifterna beh\u00f6vs f\u00f6r att uppfylla g\u00e4llande lagstiftning.      <br><br><strong>Kontakta oss:<\/strong><br>Tel: +46 (0)512-797 020<br>Fax: +46 (0)512-134 00<br>Postadress: Kedumsv\u00e4gen 14, Arentorp, 534 94 Vara<br>E-post: info@skandiaelevator.com<\/p>\t\t\t\t\t\t\t\t<\/div>\n\t\t\t\t<\/div>\n\t\t\t\t<\/div>\n\t\t\t\t\t<\/div>\n\t\t\t\t<\/div>\n\t\t\t\t<\/div>\n\t\t","protected":false},"excerpt":{"rendered":"<p>PRIVACY POLICY (GDPR) Skandia Elevator ska vidta alla l\u00e4mpliga \u00e5tg\u00e4rder f\u00f6r att s\u00e4kerst\u00e4lla starkt skydd av personlig integritet inom f\u00f6retaget. Detta g\u00e4ller behandling av personuppgifter om kunder, leverant\u00f6rer och personal, samt f\u00f6r andra individer som kan bli registrerade i f\u00f6retagets IT-system.Skandia Elevator \u00e4r personuppgiftsansvarig f\u00f6r de personuppgifter som samlas in och behandlas inom f\u00f6retaget.Skandia Elevator [&hellip;]<\/p>\n","protected":false},"author":1,"featured_media":0,"parent":0,"menu_order":0,"comment_status":"closed","ping_status":"closed","template":"","meta":{"_acf_changed":false,"footnotes":""},"class_list":["post-3079","page","type-page","status-publish","hentry"],"acf":[],"yoast_head":"<!-- This site is optimized with the Yoast SEO plugin v27.5 - https:\/\/yoast.com\/product\/yoast-seo-wordpress\/ -->\n<title>Integritetspolicy - Skandia elevator<\/title>\n<meta name=\"description\" content=\"L\u00e4s hur vi p\u00e5 Skandia Elevator behandlar dina personuppgifter enligt GDPR \u2013 genom trygg hantering av kund-, leverant\u00f6rs- och personliga data.\" \/>\n<meta name=\"robots\" content=\"index, follow, max-snippet:-1, max-image-preview:large, max-video-preview:-1\" \/>\n<link rel=\"canonical\" href=\"https:\/\/skandiaelevator.com\/sv\/privacy-policy\/\" \/>\n<meta property=\"og:locale\" content=\"sv_SE\" \/>\n<meta property=\"og:type\" content=\"article\" \/>\n<meta property=\"og:title\" content=\"Integritetspolicy - Skandia elevator\" \/>\n<meta property=\"og:description\" content=\"L\u00e4s hur vi p\u00e5 Skandia Elevator behandlar dina personuppgifter enligt GDPR \u2013 genom trygg hantering av kund-, leverant\u00f6rs- och personliga data.\" \/>\n<meta property=\"og:url\" content=\"https:\/\/skandiaelevator.com\/sv\/privacy-policy\/\" \/>\n<meta property=\"og:site_name\" content=\"Skandia elevator\" \/>\n<meta property=\"article:modified_time\" content=\"2025-10-31T10:29:36+00:00\" \/>\n<meta property=\"og:image\" content=\"https:\/\/skandiaelevator.com\/wp-content\/uploads\/2025\/09\/cropped-FAV_512x512px.png\" \/>\n\t<meta property=\"og:image:width\" content=\"512\" \/>\n\t<meta property=\"og:image:height\" content=\"512\" \/>\n\t<meta property=\"og:image:type\" content=\"image\/png\" \/>\n<meta name=\"twitter:card\" content=\"summary_large_image\" \/>\n<meta name=\"twitter:label1\" content=\"Ber\u00e4knad l\u00e4stid\" \/>\n\t<meta name=\"twitter:data1\" content=\"2 minuter\" \/>\n<script type=\"application\/ld+json\" class=\"yoast-schema-graph\">{\"@context\":\"https:\\\/\\\/schema.org\",\"@graph\":[{\"@type\":\"WebPage\",\"@id\":\"https:\\\/\\\/skandiaelevator.com\\\/sv\\\/privacy-policy\\\/\",\"url\":\"https:\\\/\\\/skandiaelevator.com\\\/sv\\\/privacy-policy\\\/\",\"name\":\"Integritetspolicy - Skandia elevator\",\"isPartOf\":{\"@id\":\"https:\\\/\\\/skandiaelevator.com\\\/#website\"},\"datePublished\":\"2025-09-02T13:03:45+00:00\",\"dateModified\":\"2025-10-31T10:29:36+00:00\",\"description\":\"L\u00e4s hur vi p\u00e5 Skandia Elevator behandlar dina personuppgifter enligt GDPR \u2013 genom trygg hantering av kund-, leverant\u00f6rs- och personliga data.\",\"breadcrumb\":{\"@id\":\"https:\\\/\\\/skandiaelevator.com\\\/sv\\\/privacy-policy\\\/#breadcrumb\"},\"inLanguage\":\"sv-SE\",\"potentialAction\":[{\"@type\":\"ReadAction\",\"target\":[\"https:\\\/\\\/skandiaelevator.com\\\/sv\\\/privacy-policy\\\/\"]}]},{\"@type\":\"BreadcrumbList\",\"@id\":\"https:\\\/\\\/skandiaelevator.com\\\/sv\\\/privacy-policy\\\/#breadcrumb\",\"itemListElement\":[{\"@type\":\"ListItem\",\"position\":1,\"name\":\"Hem\",\"item\":\"https:\\\/\\\/skandiaelevator.com\\\/sv\\\/home\\\/\"},{\"@type\":\"ListItem\",\"position\":2,\"name\":\"Integritetspolicy\"}]},{\"@type\":\"WebSite\",\"@id\":\"https:\\\/\\\/skandiaelevator.com\\\/#website\",\"url\":\"https:\\\/\\\/skandiaelevator.com\\\/\",\"name\":\"Skandia elevator\",\"description\":\"\",\"publisher\":{\"@id\":\"https:\\\/\\\/skandiaelevator.com\\\/#organization\"},\"potentialAction\":[{\"@type\":\"SearchAction\",\"target\":{\"@type\":\"EntryPoint\",\"urlTemplate\":\"https:\\\/\\\/skandiaelevator.com\\\/?s={search_term_string}\"},\"query-input\":{\"@type\":\"PropertyValueSpecification\",\"valueRequired\":true,\"valueName\":\"search_term_string\"}}],\"inLanguage\":\"sv-SE\"},{\"@type\":\"Organization\",\"@id\":\"https:\\\/\\\/skandiaelevator.com\\\/#organization\",\"name\":\"Skandia elevator\",\"url\":\"https:\\\/\\\/skandiaelevator.com\\\/\",\"logo\":{\"@type\":\"ImageObject\",\"inLanguage\":\"sv-SE\",\"@id\":\"https:\\\/\\\/skandiaelevator.com\\\/#\\\/schema\\\/logo\\\/image\\\/\",\"url\":\"https:\\\/\\\/skandiaelevator.com\\\/wp-content\\\/uploads\\\/2025\\\/09\\\/cropped-FAV_512x512px.png\",\"contentUrl\":\"https:\\\/\\\/skandiaelevator.com\\\/wp-content\\\/uploads\\\/2025\\\/09\\\/cropped-FAV_512x512px.png\",\"width\":512,\"height\":512,\"caption\":\"Skandia elevator\"},\"image\":{\"@id\":\"https:\\\/\\\/skandiaelevator.com\\\/#\\\/schema\\\/logo\\\/image\\\/\"}}]}<\/script>\n<!-- \/ Yoast SEO plugin. -->","yoast_head_json":{"title":"Integritetspolicy - Skandia elevator","description":"L\u00e4s hur vi p\u00e5 Skandia Elevator behandlar dina personuppgifter enligt GDPR \u2013 genom trygg hantering av kund-, leverant\u00f6rs- och personliga data.","robots":{"index":"index","follow":"follow","max-snippet":"max-snippet:-1","max-image-preview":"max-image-preview:large","max-video-preview":"max-video-preview:-1"},"canonical":"https:\/\/skandiaelevator.com\/sv\/privacy-policy\/","og_locale":"sv_SE","og_type":"article","og_title":"Integritetspolicy - Skandia elevator","og_description":"L\u00e4s hur vi p\u00e5 Skandia Elevator behandlar dina personuppgifter enligt GDPR \u2013 genom trygg hantering av kund-, leverant\u00f6rs- och personliga data.","og_url":"https:\/\/skandiaelevator.com\/sv\/privacy-policy\/","og_site_name":"Skandia elevator","article_modified_time":"2025-10-31T10:29:36+00:00","og_image":[{"width":512,"height":512,"url":"https:\/\/skandiaelevator.com\/wp-content\/uploads\/2025\/09\/cropped-FAV_512x512px.png","type":"image\/png"}],"twitter_card":"summary_large_image","twitter_misc":{"Ber\u00e4knad l\u00e4stid":"2 minuter"},"schema":{"@context":"https:\/\/schema.org","@graph":[{"@type":"WebPage","@id":"https:\/\/skandiaelevator.com\/sv\/privacy-policy\/","url":"https:\/\/skandiaelevator.com\/sv\/privacy-policy\/","name":"Integritetspolicy - Skandia elevator","isPartOf":{"@id":"https:\/\/skandiaelevator.com\/#website"},"datePublished":"2025-09-02T13:03:45+00:00","dateModified":"2025-10-31T10:29:36+00:00","description":"L\u00e4s hur vi p\u00e5 Skandia Elevator behandlar dina personuppgifter enligt GDPR \u2013 genom trygg hantering av kund-, leverant\u00f6rs- och personliga data.","breadcrumb":{"@id":"https:\/\/skandiaelevator.com\/sv\/privacy-policy\/#breadcrumb"},"inLanguage":"sv-SE","potentialAction":[{"@type":"ReadAction","target":["https:\/\/skandiaelevator.com\/sv\/privacy-policy\/"]}]},{"@type":"BreadcrumbList","@id":"https:\/\/skandiaelevator.com\/sv\/privacy-policy\/#breadcrumb","itemListElement":[{"@type":"ListItem","position":1,"name":"Hem","item":"https:\/\/skandiaelevator.com\/sv\/home\/"},{"@type":"ListItem","position":2,"name":"Integritetspolicy"}]},{"@type":"WebSite","@id":"https:\/\/skandiaelevator.com\/#website","url":"https:\/\/skandiaelevator.com\/","name":"Skandia elevator","description":"","publisher":{"@id":"https:\/\/skandiaelevator.com\/#organization"},"potentialAction":[{"@type":"SearchAction","target":{"@type":"EntryPoint","urlTemplate":"https:\/\/skandiaelevator.com\/?s={search_term_string}"},"query-input":{"@type":"PropertyValueSpecification","valueRequired":true,"valueName":"search_term_string"}}],"inLanguage":"sv-SE"},{"@type":"Organization","@id":"https:\/\/skandiaelevator.com\/#organization","name":"Skandia elevator","url":"https:\/\/skandiaelevator.com\/","logo":{"@type":"ImageObject","inLanguage":"sv-SE","@id":"https:\/\/skandiaelevator.com\/#\/schema\/logo\/image\/","url":"https:\/\/skandiaelevator.com\/wp-content\/uploads\/2025\/09\/cropped-FAV_512x512px.png","contentUrl":"https:\/\/skandiaelevator.com\/wp-content\/uploads\/2025\/09\/cropped-FAV_512x512px.png","width":512,"height":512,"caption":"Skandia elevator"},"image":{"@id":"https:\/\/skandiaelevator.com\/#\/schema\/logo\/image\/"}}]}},"_links":{"self":[{"href":"https:\/\/skandiaelevator.com\/sv\/wp-json\/wp\/v2\/pages\/3079","targetHints":{"allow":["GET"]}}],"collection":[{"href":"https:\/\/skandiaelevator.com\/sv\/wp-json\/wp\/v2\/pages"}],"about":[{"href":"https:\/\/skandiaelevator.com\/sv\/wp-json\/wp\/v2\/types\/page"}],"author":[{"embeddable":true,"href":"https:\/\/skandiaelevator.com\/sv\/wp-json\/wp\/v2\/users\/1"}],"replies":[{"embeddable":true,"href":"https:\/\/skandiaelevator.com\/sv\/wp-json\/wp\/v2\/comments?post=3079"}],"version-history":[{"count":5,"href":"https:\/\/skandiaelevator.com\/sv\/wp-json\/wp\/v2\/pages\/3079\/revisions"}],"predecessor-version":[{"id":6286,"href":"https:\/\/skandiaelevator.com\/sv\/wp-json\/wp\/v2\/pages\/3079\/revisions\/6286"}],"wp:attachment":[{"href":"https:\/\/skandiaelevator.com\/sv\/wp-json\/wp\/v2\/media?parent=3079"}],"curies":[{"name":"wp","href":"https:\/\/api.w.org\/{rel}","templated":true}]}}