{"id":3070,"date":"2025-09-02T17:16:18","date_gmt":"2025-09-02T17:16:18","guid":{"rendered":"https:\/\/skandiaelevator.com\/nedladdningar\/"},"modified":"2025-10-27T08:37:28","modified_gmt":"2025-10-27T08:37:28","slug":"nedladdningar","status":"publish","type":"page","link":"https:\/\/skandiaelevator.com\/sv\/nedladdningar\/","title":{"rendered":"Nedladdningar"},"content":{"rendered":"\t\t<div data-elementor-type=\"wp-page\" data-elementor-id=\"3070\" class=\"elementor elementor-3070 elementor-2176\" data-elementor-post-type=\"page\">\n\t\t\t\t<div class=\"elementor-element elementor-element-33ba0f3b e-con-full e-flex e-con e-parent\" data-id=\"33ba0f3b\" data-element_type=\"container\" data-e-type=\"container\" data-settings=\"{&quot;background_background&quot;:&quot;classic&quot;}\">\n\t\t<div class=\"elementor-element elementor-element-1d99a0a7 e-flex e-con-boxed e-con e-child\" data-id=\"1d99a0a7\" data-element_type=\"container\" data-e-type=\"container\">\n\t\t\t\t\t<div class=\"e-con-inner\">\n\t\t\t\t<div class=\"elementor-element elementor-element-12f9601 elementor-widget__width-inherit elementor-widget elementor-widget-heading\" data-id=\"12f9601\" data-element_type=\"widget\" data-e-type=\"widget\" data-widget_type=\"heading.default\">\n\t\t\t\t\t<h2 class=\"elementor-heading-title elementor-size-default\">Ladda ned<\/h2>\t\t\t\t<\/div>\n\t\t\t\t<div class=\"elementor-element elementor-element-6934dc1b elementor-widget__width-initial elementor-widget elementor-widget-text-editor\" data-id=\"6934dc1b\" data-element_type=\"widget\" data-e-type=\"widget\" data-widget_type=\"text-editor.default\">\n\t\t\t\t\t\t\t\t\t<p>F\u00e5 snabb och enkel \u00e5tkomst till broschyrer, manualer, certifikat och produktblad. Alla filer uppdateras regelbundet f\u00f6r att du ska ha den senaste informationen. <\/p><p>F\u00f6r pressmaterial, logotyper, bilder och mer, bes\u00f6k v\u00e5r <a href=\"https:\/\/skandiaelevator.com\/sv\/media\/\">Media<\/a>-sida.<\/p><p>F\u00f6r dokument och material relaterade till Grain Cloud, bes\u00f6k <a href=\"https:\/\/graincloud.com\/\" target=\"_blank\" rel=\"noopener\">graincloud.com<\/a><\/p>\t\t\t\t\t\t\t\t<\/div>\n\t\t\t\t\t<\/div>\n\t\t\t\t<\/div>\n\t\t\t\t<\/div>\n\t\t<div class=\"elementor-element elementor-element-8e436a8 e-con-full e-flex e-con e-parent\" data-id=\"8e436a8\" data-element_type=\"container\" data-e-type=\"container\">\n\t\t\t\t<div class=\"elementor-element elementor-element-f2f3fe4 elementor-widget elementor-widget-html\" data-id=\"f2f3fe4\" data-element_type=\"widget\" data-e-type=\"widget\" data-widget_type=\"html.default\">\n\t\t\t\t\t<iframe src=\"https:\/\/downloads.skandiaelevator.com\/?l=en\" width=\"100%\" height=\"845\" style=\"border:0;\" allowfullscreen=\"\">\n<\/iframe>\n\t\t\t\t<\/div>\n\t\t\t\t<\/div>\n\t\t<div class=\"elementor-element elementor-element-a56fd30 e-flex e-con-boxed e-con e-child\" data-id=\"a56fd30\" data-element_type=\"container\" data-e-type=\"container\" data-settings=\"{&quot;background_background&quot;:&quot;classic&quot;}\">\n\t\t\t\t\t<div class=\"e-con-inner\">\n\t\t<div class=\"elementor-element elementor-element-b96a69f e-con-full e-flex e-con e-child\" data-id=\"b96a69f\" data-element_type=\"container\" data-e-type=\"container\">\n\t\t\t\t<div class=\"elementor-element elementor-element-dc02bdf elementor-widget elementor-widget-text-editor\" data-id=\"dc02bdf\" data-element_type=\"widget\" data-e-type=\"widget\" data-widget_type=\"text-editor.default\">\n\t\t\t\t\t\t\t\t\t<p>Grain Cloud<\/p>\t\t\t\t\t\t\t\t<\/div>\n\t\t\t\t<div class=\"elementor-element elementor-element-9b54ef0 elementor-widget elementor-widget-heading\" data-id=\"9b54ef0\" data-element_type=\"widget\" data-e-type=\"widget\" data-widget_type=\"heading.default\">\n\t\t\t\t\t<h3 class=\"elementor-heading-title elementor-size-default\">Letar du efter produktdatablad<br>f\u00f6r Grain Cloud?<\/h3>\t\t\t\t<\/div>\n\t\t\t\t<div class=\"elementor-element elementor-element-02ab0c8 elementor-widget elementor-widget-button\" data-id=\"02ab0c8\" data-element_type=\"widget\" data-e-type=\"widget\" data-widget_type=\"button.default\">\n\t\t\t\t\t\t\t\t\t\t<a class=\"elementor-button elementor-button-link elementor-size-sm\" href=\"https:\/\/graincloud.com\/\" target=\"_blank\">\n\t\t\t\t\t\t<span class=\"elementor-button-content-wrapper\">\n\t\t\t\t\t\t\t\t\t<span class=\"elementor-button-text\">G\u00e5 till graincloud.com<\/span>\n\t\t\t\t\t<\/span>\n\t\t\t\t\t<\/a>\n\t\t\t\t\t\t\t\t<\/div>\n\t\t\t\t<\/div>\n\t\t\t\t\t<\/div>\n\t\t\t\t<\/div>\n\t\t\t\t<\/div>\n\t\t","protected":false},"excerpt":{"rendered":"<p>Ladda ned F\u00e5 snabb och enkel \u00e5tkomst till broschyrer, manualer, certifikat och produktblad. Alla filer uppdateras regelbundet f\u00f6r att du ska ha den senaste informationen. F\u00f6r pressmaterial, logotyper, bilder och mer, bes\u00f6k v\u00e5r Media-sida. F\u00f6r dokument och material relaterade till Grain Cloud, bes\u00f6k graincloud.com Grain Cloud Letar du efter produktdatabladf\u00f6r Grain Cloud? G\u00e5 till graincloud.com<\/p>\n","protected":false},"author":1,"featured_media":0,"parent":0,"menu_order":0,"comment_status":"closed","ping_status":"closed","template":"","meta":{"_acf_changed":false,"footnotes":""},"class_list":["post-3070","page","type-page","status-publish","hentry"],"acf":[],"yoast_head":"<!-- This site is optimized with the Yoast SEO plugin v27.5 - https:\/\/yoast.com\/product\/yoast-seo-wordpress\/ -->\n<title>Nedladdningar - Skandia elevator<\/title>\n<meta name=\"description\" content=\"Ladda ner broschyrer, manualer &amp; tekniska dokument fr\u00e5n Skandia Elevator. H\u00e4r hittar du all info du beh\u00f6ver om v\u00e5ra spannm\u00e5lshanteringssystem.\" \/>\n<meta name=\"robots\" content=\"index, follow, max-snippet:-1, max-image-preview:large, max-video-preview:-1\" \/>\n<link rel=\"canonical\" href=\"https:\/\/skandiaelevator.com\/sv\/nedladdningar\/\" \/>\n<meta property=\"og:locale\" content=\"sv_SE\" \/>\n<meta property=\"og:type\" content=\"article\" \/>\n<meta property=\"og:title\" content=\"Nedladdningar - Skandia elevator\" \/>\n<meta property=\"og:description\" content=\"Ladda ner broschyrer, manualer &amp; tekniska dokument fr\u00e5n Skandia Elevator. H\u00e4r hittar du all info du beh\u00f6ver om v\u00e5ra spannm\u00e5lshanteringssystem.\" \/>\n<meta property=\"og:url\" content=\"https:\/\/skandiaelevator.com\/sv\/nedladdningar\/\" \/>\n<meta property=\"og:site_name\" content=\"Skandia elevator\" \/>\n<meta property=\"article:modified_time\" content=\"2025-10-27T08:37:28+00:00\" \/>\n<meta property=\"og:image\" content=\"https:\/\/skandiaelevator.com\/wp-content\/uploads\/2025\/09\/cropped-FAV_512x512px.png\" \/>\n\t<meta property=\"og:image:width\" content=\"512\" \/>\n\t<meta property=\"og:image:height\" content=\"512\" \/>\n\t<meta property=\"og:image:type\" content=\"image\/png\" \/>\n<meta name=\"twitter:card\" content=\"summary_large_image\" \/>\n<meta name=\"twitter:label1\" content=\"Ber\u00e4knad l\u00e4stid\" \/>\n\t<meta name=\"twitter:data1\" content=\"1 minut\" \/>\n<script type=\"application\/ld+json\" class=\"yoast-schema-graph\">{\"@context\":\"https:\\\/\\\/schema.org\",\"@graph\":[{\"@type\":\"WebPage\",\"@id\":\"https:\\\/\\\/skandiaelevator.com\\\/sv\\\/nedladdningar\\\/\",\"url\":\"https:\\\/\\\/skandiaelevator.com\\\/sv\\\/nedladdningar\\\/\",\"name\":\"Nedladdningar - Skandia elevator\",\"isPartOf\":{\"@id\":\"https:\\\/\\\/skandiaelevator.com\\\/#website\"},\"datePublished\":\"2025-09-02T17:16:18+00:00\",\"dateModified\":\"2025-10-27T08:37:28+00:00\",\"description\":\"Ladda ner broschyrer, manualer & tekniska dokument fr\u00e5n Skandia Elevator. H\u00e4r hittar du all info du beh\u00f6ver om v\u00e5ra spannm\u00e5lshanteringssystem.\",\"breadcrumb\":{\"@id\":\"https:\\\/\\\/skandiaelevator.com\\\/sv\\\/nedladdningar\\\/#breadcrumb\"},\"inLanguage\":\"sv-SE\",\"potentialAction\":[{\"@type\":\"ReadAction\",\"target\":[\"https:\\\/\\\/skandiaelevator.com\\\/sv\\\/nedladdningar\\\/\"]}]},{\"@type\":\"BreadcrumbList\",\"@id\":\"https:\\\/\\\/skandiaelevator.com\\\/sv\\\/nedladdningar\\\/#breadcrumb\",\"itemListElement\":[{\"@type\":\"ListItem\",\"position\":1,\"name\":\"Hem\",\"item\":\"https:\\\/\\\/skandiaelevator.com\\\/sv\\\/home\\\/\"},{\"@type\":\"ListItem\",\"position\":2,\"name\":\"Nedladdningar\"}]},{\"@type\":\"WebSite\",\"@id\":\"https:\\\/\\\/skandiaelevator.com\\\/#website\",\"url\":\"https:\\\/\\\/skandiaelevator.com\\\/\",\"name\":\"Skandia elevator\",\"description\":\"\",\"publisher\":{\"@id\":\"https:\\\/\\\/skandiaelevator.com\\\/#organization\"},\"potentialAction\":[{\"@type\":\"SearchAction\",\"target\":{\"@type\":\"EntryPoint\",\"urlTemplate\":\"https:\\\/\\\/skandiaelevator.com\\\/?s={search_term_string}\"},\"query-input\":{\"@type\":\"PropertyValueSpecification\",\"valueRequired\":true,\"valueName\":\"search_term_string\"}}],\"inLanguage\":\"sv-SE\"},{\"@type\":\"Organization\",\"@id\":\"https:\\\/\\\/skandiaelevator.com\\\/#organization\",\"name\":\"Skandia elevator\",\"url\":\"https:\\\/\\\/skandiaelevator.com\\\/\",\"logo\":{\"@type\":\"ImageObject\",\"inLanguage\":\"sv-SE\",\"@id\":\"https:\\\/\\\/skandiaelevator.com\\\/#\\\/schema\\\/logo\\\/image\\\/\",\"url\":\"https:\\\/\\\/skandiaelevator.com\\\/wp-content\\\/uploads\\\/2025\\\/09\\\/cropped-FAV_512x512px.png\",\"contentUrl\":\"https:\\\/\\\/skandiaelevator.com\\\/wp-content\\\/uploads\\\/2025\\\/09\\\/cropped-FAV_512x512px.png\",\"width\":512,\"height\":512,\"caption\":\"Skandia elevator\"},\"image\":{\"@id\":\"https:\\\/\\\/skandiaelevator.com\\\/#\\\/schema\\\/logo\\\/image\\\/\"}}]}<\/script>\n<!-- \/ Yoast SEO plugin. -->","yoast_head_json":{"title":"Nedladdningar - Skandia elevator","description":"Ladda ner broschyrer, manualer & tekniska dokument fr\u00e5n Skandia Elevator. H\u00e4r hittar du all info du beh\u00f6ver om v\u00e5ra spannm\u00e5lshanteringssystem.","robots":{"index":"index","follow":"follow","max-snippet":"max-snippet:-1","max-image-preview":"max-image-preview:large","max-video-preview":"max-video-preview:-1"},"canonical":"https:\/\/skandiaelevator.com\/sv\/nedladdningar\/","og_locale":"sv_SE","og_type":"article","og_title":"Nedladdningar - Skandia elevator","og_description":"Ladda ner broschyrer, manualer & tekniska dokument fr\u00e5n Skandia Elevator. H\u00e4r hittar du all info du beh\u00f6ver om v\u00e5ra spannm\u00e5lshanteringssystem.","og_url":"https:\/\/skandiaelevator.com\/sv\/nedladdningar\/","og_site_name":"Skandia elevator","article_modified_time":"2025-10-27T08:37:28+00:00","og_image":[{"width":512,"height":512,"url":"https:\/\/skandiaelevator.com\/wp-content\/uploads\/2025\/09\/cropped-FAV_512x512px.png","type":"image\/png"}],"twitter_card":"summary_large_image","twitter_misc":{"Ber\u00e4knad l\u00e4stid":"1 minut"},"schema":{"@context":"https:\/\/schema.org","@graph":[{"@type":"WebPage","@id":"https:\/\/skandiaelevator.com\/sv\/nedladdningar\/","url":"https:\/\/skandiaelevator.com\/sv\/nedladdningar\/","name":"Nedladdningar - Skandia elevator","isPartOf":{"@id":"https:\/\/skandiaelevator.com\/#website"},"datePublished":"2025-09-02T17:16:18+00:00","dateModified":"2025-10-27T08:37:28+00:00","description":"Ladda ner broschyrer, manualer & tekniska dokument fr\u00e5n Skandia Elevator. H\u00e4r hittar du all info du beh\u00f6ver om v\u00e5ra spannm\u00e5lshanteringssystem.","breadcrumb":{"@id":"https:\/\/skandiaelevator.com\/sv\/nedladdningar\/#breadcrumb"},"inLanguage":"sv-SE","potentialAction":[{"@type":"ReadAction","target":["https:\/\/skandiaelevator.com\/sv\/nedladdningar\/"]}]},{"@type":"BreadcrumbList","@id":"https:\/\/skandiaelevator.com\/sv\/nedladdningar\/#breadcrumb","itemListElement":[{"@type":"ListItem","position":1,"name":"Hem","item":"https:\/\/skandiaelevator.com\/sv\/home\/"},{"@type":"ListItem","position":2,"name":"Nedladdningar"}]},{"@type":"WebSite","@id":"https:\/\/skandiaelevator.com\/#website","url":"https:\/\/skandiaelevator.com\/","name":"Skandia elevator","description":"","publisher":{"@id":"https:\/\/skandiaelevator.com\/#organization"},"potentialAction":[{"@type":"SearchAction","target":{"@type":"EntryPoint","urlTemplate":"https:\/\/skandiaelevator.com\/?s={search_term_string}"},"query-input":{"@type":"PropertyValueSpecification","valueRequired":true,"valueName":"search_term_string"}}],"inLanguage":"sv-SE"},{"@type":"Organization","@id":"https:\/\/skandiaelevator.com\/#organization","name":"Skandia elevator","url":"https:\/\/skandiaelevator.com\/","logo":{"@type":"ImageObject","inLanguage":"sv-SE","@id":"https:\/\/skandiaelevator.com\/#\/schema\/logo\/image\/","url":"https:\/\/skandiaelevator.com\/wp-content\/uploads\/2025\/09\/cropped-FAV_512x512px.png","contentUrl":"https:\/\/skandiaelevator.com\/wp-content\/uploads\/2025\/09\/cropped-FAV_512x512px.png","width":512,"height":512,"caption":"Skandia elevator"},"image":{"@id":"https:\/\/skandiaelevator.com\/#\/schema\/logo\/image\/"}}]}},"_links":{"self":[{"href":"https:\/\/skandiaelevator.com\/sv\/wp-json\/wp\/v2\/pages\/3070","targetHints":{"allow":["GET"]}}],"collection":[{"href":"https:\/\/skandiaelevator.com\/sv\/wp-json\/wp\/v2\/pages"}],"about":[{"href":"https:\/\/skandiaelevator.com\/sv\/wp-json\/wp\/v2\/types\/page"}],"author":[{"embeddable":true,"href":"https:\/\/skandiaelevator.com\/sv\/wp-json\/wp\/v2\/users\/1"}],"replies":[{"embeddable":true,"href":"https:\/\/skandiaelevator.com\/sv\/wp-json\/wp\/v2\/comments?post=3070"}],"version-history":[{"count":15,"href":"https:\/\/skandiaelevator.com\/sv\/wp-json\/wp\/v2\/pages\/3070\/revisions"}],"predecessor-version":[{"id":7967,"href":"https:\/\/skandiaelevator.com\/sv\/wp-json\/wp\/v2\/pages\/3070\/revisions\/7967"}],"wp:attachment":[{"href":"https:\/\/skandiaelevator.com\/sv\/wp-json\/wp\/v2\/media?parent=3070"}],"curies":[{"name":"wp","href":"https:\/\/api.w.org\/{rel}","templated":true}]}}