{"id":3068,"date":"2025-09-02T13:04:18","date_gmt":"2025-09-02T13:04:18","guid":{"rendered":"https:\/\/skandiaelevator.com\/cookiepolicy\/"},"modified":"2025-10-31T10:31:31","modified_gmt":"2025-10-31T10:31:31","slug":"cookiepolicy","status":"publish","type":"page","link":"https:\/\/skandiaelevator.com\/sv\/cookiepolicy\/","title":{"rendered":"Cookiepolicy"},"content":{"rendered":"\t\t<div data-elementor-type=\"wp-page\" data-elementor-id=\"3068\" class=\"elementor elementor-3068 elementor-1966\" data-elementor-post-type=\"page\">\n\t\t\t\t<div class=\"elementor-element elementor-element-dfbca4d e-flex e-con-boxed e-con e-parent\" data-id=\"dfbca4d\" data-element_type=\"container\" data-e-type=\"container\">\n\t\t\t\t\t<div class=\"e-con-inner\">\n\t\t\t\t<div class=\"elementor-element elementor-element-3c52b3b elementor-widget elementor-widget-breadcrumbs\" data-id=\"3c52b3b\" data-element_type=\"widget\" data-e-type=\"widget\" data-widget_type=\"breadcrumbs.default\">\n\t\t\t\t\t<p id=\"breadcrumbs\"><span><span><a href=\"https:\/\/skandiaelevator.com\/sv\/home\/\">Hem<\/a><\/span><\/span><\/p>\t\t\t\t<\/div>\n\t\t\t\t\t<\/div>\n\t\t\t\t<\/div>\n\t\t<div class=\"elementor-element elementor-element-41cf533a e-flex e-con-boxed e-con e-parent\" data-id=\"41cf533a\" data-element_type=\"container\" data-e-type=\"container\">\n\t\t\t\t\t<div class=\"e-con-inner\">\n\t\t<div class=\"elementor-element elementor-element-4a070330 e-con-full e-flex e-con e-child\" data-id=\"4a070330\" data-element_type=\"container\" data-e-type=\"container\">\n\t\t<div class=\"elementor-element elementor-element-14024a16 e-con-full e-flex e-con e-child\" data-id=\"14024a16\" data-element_type=\"container\" data-e-type=\"container\">\n\t\t\t\t<div class=\"elementor-element elementor-element-72c47166 elementor-widget elementor-widget-heading\" data-id=\"72c47166\" data-element_type=\"widget\" data-e-type=\"widget\" data-widget_type=\"heading.default\">\n\t\t\t\t\t<h2 class=\"elementor-heading-title elementor-size-default\">Cookiepolicy<\/h2>\t\t\t\t<\/div>\n\t\t\t\t<\/div>\n\t\t<div class=\"elementor-element elementor-element-211c22b6 e-con-full e-flex e-con e-child\" data-id=\"211c22b6\" data-element_type=\"container\" data-e-type=\"container\">\n\t\t\t\t<div class=\"elementor-element elementor-element-485fb118 elementor-widget elementor-widget-text-editor\" data-id=\"485fb118\" data-element_type=\"widget\" data-e-type=\"widget\" data-widget_type=\"text-editor.default\">\n\t\t\t\t\t\t\t\t\t<p><b>Om cookies p\u00e5 skandiaelevator.com<\/b> <br>P\u00e5 Skandia Elevator anv\u00e4nder vi cookies f\u00f6r att ge dig en s\u00e5 bra upplevelse som m\u00f6jligt av v\u00e5r webbplats. Cookies hj\u00e4lper oss att f\u00f6rb\u00e4ttra funktionalitet, analysera hur sidan anv\u00e4nds och ibland anpassa inneh\u00e5llet. <\/p><p><strong>Vad \u00e4r cookies?<\/strong><br>Cookies \u00e4r sm\u00e5 textfiler som lagras p\u00e5 din enhet n\u00e4r du bes\u00f6ker en webbplats. De kan anv\u00e4ndas f\u00f6r att komma ih\u00e5g dina inst\u00e4llningar, f\u00f6rb\u00e4ttra prestandan eller samla in anonym statistik om hur sidan anv\u00e4nds. <\/p><p><strong>Vilka typer av cookies anv\u00e4nder vi?<\/strong><\/p><ul><li>N\u00f6dv\u00e4ndiga cookies \u2013 kr\u00e4vs f\u00f6r att webbplatsen ska fungera korrekt.<\/li><li>Analytiska cookies \u2013 hj\u00e4lper oss att f\u00f6rst\u00e5 hur bes\u00f6kare interagerar med sidan.<\/li><li>Funktionella cookies \u2013 anv\u00e4nds f\u00f6r att spara inst\u00e4llningar och f\u00f6rb\u00e4ttra din anv\u00e4ndarupplevelse.<\/li><\/ul><p><strong>Hur du hanterar cookies<\/strong><br>Du kan sj\u00e4lv v\u00e4lja om du vill acceptera cookies eller inte. De flesta webbl\u00e4sare accepterar cookies automatiskt, men du kan \u00e4ndra inst\u00e4llningarna i din webbl\u00e4sare f\u00f6r att blockera eller radera cookies. <\/p><p><strong>Mer information<\/strong><br>Vill du veta mer om hur vi hanterar personuppgifter? L\u00e4s v\u00e5r <a href=\"https:\/\/skandiaelevator.com\/sv\/privacy-policy\/\">integritetspolicy.<\/a><\/p>\t\t\t\t\t\t\t\t<\/div>\n\t\t\t\t<\/div>\n\t\t\t\t<\/div>\n\t\t\t\t\t<\/div>\n\t\t\t\t<\/div>\n\t\t\t\t<\/div>\n\t\t","protected":false},"excerpt":{"rendered":"<p>Cookiepolicy Om cookies p\u00e5 skandiaelevator.com P\u00e5 Skandia Elevator anv\u00e4nder vi cookies f\u00f6r att ge dig en s\u00e5 bra upplevelse som m\u00f6jligt av v\u00e5r webbplats. Cookies hj\u00e4lper oss att f\u00f6rb\u00e4ttra funktionalitet, analysera hur sidan anv\u00e4nds och ibland anpassa inneh\u00e5llet. Vad \u00e4r cookies?Cookies \u00e4r sm\u00e5 textfiler som lagras p\u00e5 din enhet n\u00e4r du bes\u00f6ker en webbplats. De [&hellip;]<\/p>\n","protected":false},"author":1,"featured_media":0,"parent":0,"menu_order":0,"comment_status":"closed","ping_status":"closed","template":"","meta":{"_acf_changed":false,"footnotes":""},"class_list":["post-3068","page","type-page","status-publish","hentry"],"acf":[],"yoast_head":"<!-- This site is optimized with the Yoast SEO plugin v27.4 - https:\/\/yoast.com\/product\/yoast-seo-wordpress\/ -->\n<title>Cookiepolicy - Skandia elevator<\/title>\n<meta name=\"description\" content=\"Vi anv\u00e4nder cookies f\u00f6r att f\u00f6rb\u00e4ttra din upplevelse p\u00e5 skandiaelevator.com. L\u00e4s om vilka cookies vi anv\u00e4nder och hur du hanterar dem.\" \/>\n<meta name=\"robots\" content=\"index, follow, max-snippet:-1, max-image-preview:large, max-video-preview:-1\" \/>\n<link rel=\"canonical\" href=\"https:\/\/skandiaelevator.com\/sv\/cookiepolicy\/\" \/>\n<meta property=\"og:locale\" content=\"sv_SE\" \/>\n<meta property=\"og:type\" content=\"article\" \/>\n<meta property=\"og:title\" content=\"Cookiepolicy - Skandia elevator\" \/>\n<meta property=\"og:description\" content=\"Vi anv\u00e4nder cookies f\u00f6r att f\u00f6rb\u00e4ttra din upplevelse p\u00e5 skandiaelevator.com. L\u00e4s om vilka cookies vi anv\u00e4nder och hur du hanterar dem.\" \/>\n<meta property=\"og:url\" content=\"https:\/\/skandiaelevator.com\/sv\/cookiepolicy\/\" \/>\n<meta property=\"og:site_name\" content=\"Skandia elevator\" \/>\n<meta property=\"article:modified_time\" content=\"2025-10-31T10:31:31+00:00\" \/>\n<meta property=\"og:image\" content=\"https:\/\/skandiaelevator.com\/wp-content\/uploads\/2025\/09\/cropped-FAV_512x512px.png\" \/>\n\t<meta property=\"og:image:width\" content=\"512\" \/>\n\t<meta property=\"og:image:height\" content=\"512\" \/>\n\t<meta property=\"og:image:type\" content=\"image\/png\" \/>\n<meta name=\"twitter:card\" content=\"summary_large_image\" \/>\n<meta name=\"twitter:label1\" content=\"Ber\u00e4knad l\u00e4stid\" \/>\n\t<meta name=\"twitter:data1\" content=\"1 minut\" \/>\n<script type=\"application\/ld+json\" class=\"yoast-schema-graph\">{\"@context\":\"https:\\\/\\\/schema.org\",\"@graph\":[{\"@type\":\"WebPage\",\"@id\":\"https:\\\/\\\/skandiaelevator.com\\\/sv\\\/cookiepolicy\\\/\",\"url\":\"https:\\\/\\\/skandiaelevator.com\\\/sv\\\/cookiepolicy\\\/\",\"name\":\"Cookiepolicy - Skandia elevator\",\"isPartOf\":{\"@id\":\"https:\\\/\\\/skandiaelevator.com\\\/#website\"},\"datePublished\":\"2025-09-02T13:04:18+00:00\",\"dateModified\":\"2025-10-31T10:31:31+00:00\",\"description\":\"Vi anv\u00e4nder cookies f\u00f6r att f\u00f6rb\u00e4ttra din upplevelse p\u00e5 skandiaelevator.com. L\u00e4s om vilka cookies vi anv\u00e4nder och hur du hanterar dem.\",\"breadcrumb\":{\"@id\":\"https:\\\/\\\/skandiaelevator.com\\\/sv\\\/cookiepolicy\\\/#breadcrumb\"},\"inLanguage\":\"sv-SE\",\"potentialAction\":[{\"@type\":\"ReadAction\",\"target\":[\"https:\\\/\\\/skandiaelevator.com\\\/sv\\\/cookiepolicy\\\/\"]}]},{\"@type\":\"BreadcrumbList\",\"@id\":\"https:\\\/\\\/skandiaelevator.com\\\/sv\\\/cookiepolicy\\\/#breadcrumb\",\"itemListElement\":[{\"@type\":\"ListItem\",\"position\":1,\"name\":\"Hem\",\"item\":\"https:\\\/\\\/skandiaelevator.com\\\/sv\\\/home\\\/\"},{\"@type\":\"ListItem\",\"position\":2,\"name\":\"Cookiepolicy\"}]},{\"@type\":\"WebSite\",\"@id\":\"https:\\\/\\\/skandiaelevator.com\\\/#website\",\"url\":\"https:\\\/\\\/skandiaelevator.com\\\/\",\"name\":\"Skandia elevator\",\"description\":\"\",\"publisher\":{\"@id\":\"https:\\\/\\\/skandiaelevator.com\\\/#organization\"},\"potentialAction\":[{\"@type\":\"SearchAction\",\"target\":{\"@type\":\"EntryPoint\",\"urlTemplate\":\"https:\\\/\\\/skandiaelevator.com\\\/?s={search_term_string}\"},\"query-input\":{\"@type\":\"PropertyValueSpecification\",\"valueRequired\":true,\"valueName\":\"search_term_string\"}}],\"inLanguage\":\"sv-SE\"},{\"@type\":\"Organization\",\"@id\":\"https:\\\/\\\/skandiaelevator.com\\\/#organization\",\"name\":\"Skandia elevator\",\"url\":\"https:\\\/\\\/skandiaelevator.com\\\/\",\"logo\":{\"@type\":\"ImageObject\",\"inLanguage\":\"sv-SE\",\"@id\":\"https:\\\/\\\/skandiaelevator.com\\\/#\\\/schema\\\/logo\\\/image\\\/\",\"url\":\"https:\\\/\\\/skandiaelevator.com\\\/wp-content\\\/uploads\\\/2025\\\/09\\\/cropped-FAV_512x512px.png\",\"contentUrl\":\"https:\\\/\\\/skandiaelevator.com\\\/wp-content\\\/uploads\\\/2025\\\/09\\\/cropped-FAV_512x512px.png\",\"width\":512,\"height\":512,\"caption\":\"Skandia elevator\"},\"image\":{\"@id\":\"https:\\\/\\\/skandiaelevator.com\\\/#\\\/schema\\\/logo\\\/image\\\/\"}}]}<\/script>\n<!-- \/ Yoast SEO plugin. -->","yoast_head_json":{"title":"Cookiepolicy - Skandia elevator","description":"Vi anv\u00e4nder cookies f\u00f6r att f\u00f6rb\u00e4ttra din upplevelse p\u00e5 skandiaelevator.com. L\u00e4s om vilka cookies vi anv\u00e4nder och hur du hanterar dem.","robots":{"index":"index","follow":"follow","max-snippet":"max-snippet:-1","max-image-preview":"max-image-preview:large","max-video-preview":"max-video-preview:-1"},"canonical":"https:\/\/skandiaelevator.com\/sv\/cookiepolicy\/","og_locale":"sv_SE","og_type":"article","og_title":"Cookiepolicy - Skandia elevator","og_description":"Vi anv\u00e4nder cookies f\u00f6r att f\u00f6rb\u00e4ttra din upplevelse p\u00e5 skandiaelevator.com. L\u00e4s om vilka cookies vi anv\u00e4nder och hur du hanterar dem.","og_url":"https:\/\/skandiaelevator.com\/sv\/cookiepolicy\/","og_site_name":"Skandia elevator","article_modified_time":"2025-10-31T10:31:31+00:00","og_image":[{"width":512,"height":512,"url":"https:\/\/skandiaelevator.com\/wp-content\/uploads\/2025\/09\/cropped-FAV_512x512px.png","type":"image\/png"}],"twitter_card":"summary_large_image","twitter_misc":{"Ber\u00e4knad l\u00e4stid":"1 minut"},"schema":{"@context":"https:\/\/schema.org","@graph":[{"@type":"WebPage","@id":"https:\/\/skandiaelevator.com\/sv\/cookiepolicy\/","url":"https:\/\/skandiaelevator.com\/sv\/cookiepolicy\/","name":"Cookiepolicy - Skandia elevator","isPartOf":{"@id":"https:\/\/skandiaelevator.com\/#website"},"datePublished":"2025-09-02T13:04:18+00:00","dateModified":"2025-10-31T10:31:31+00:00","description":"Vi anv\u00e4nder cookies f\u00f6r att f\u00f6rb\u00e4ttra din upplevelse p\u00e5 skandiaelevator.com. L\u00e4s om vilka cookies vi anv\u00e4nder och hur du hanterar dem.","breadcrumb":{"@id":"https:\/\/skandiaelevator.com\/sv\/cookiepolicy\/#breadcrumb"},"inLanguage":"sv-SE","potentialAction":[{"@type":"ReadAction","target":["https:\/\/skandiaelevator.com\/sv\/cookiepolicy\/"]}]},{"@type":"BreadcrumbList","@id":"https:\/\/skandiaelevator.com\/sv\/cookiepolicy\/#breadcrumb","itemListElement":[{"@type":"ListItem","position":1,"name":"Hem","item":"https:\/\/skandiaelevator.com\/sv\/home\/"},{"@type":"ListItem","position":2,"name":"Cookiepolicy"}]},{"@type":"WebSite","@id":"https:\/\/skandiaelevator.com\/#website","url":"https:\/\/skandiaelevator.com\/","name":"Skandia elevator","description":"","publisher":{"@id":"https:\/\/skandiaelevator.com\/#organization"},"potentialAction":[{"@type":"SearchAction","target":{"@type":"EntryPoint","urlTemplate":"https:\/\/skandiaelevator.com\/?s={search_term_string}"},"query-input":{"@type":"PropertyValueSpecification","valueRequired":true,"valueName":"search_term_string"}}],"inLanguage":"sv-SE"},{"@type":"Organization","@id":"https:\/\/skandiaelevator.com\/#organization","name":"Skandia elevator","url":"https:\/\/skandiaelevator.com\/","logo":{"@type":"ImageObject","inLanguage":"sv-SE","@id":"https:\/\/skandiaelevator.com\/#\/schema\/logo\/image\/","url":"https:\/\/skandiaelevator.com\/wp-content\/uploads\/2025\/09\/cropped-FAV_512x512px.png","contentUrl":"https:\/\/skandiaelevator.com\/wp-content\/uploads\/2025\/09\/cropped-FAV_512x512px.png","width":512,"height":512,"caption":"Skandia elevator"},"image":{"@id":"https:\/\/skandiaelevator.com\/#\/schema\/logo\/image\/"}}]}},"_links":{"self":[{"href":"https:\/\/skandiaelevator.com\/sv\/wp-json\/wp\/v2\/pages\/3068","targetHints":{"allow":["GET"]}}],"collection":[{"href":"https:\/\/skandiaelevator.com\/sv\/wp-json\/wp\/v2\/pages"}],"about":[{"href":"https:\/\/skandiaelevator.com\/sv\/wp-json\/wp\/v2\/types\/page"}],"author":[{"embeddable":true,"href":"https:\/\/skandiaelevator.com\/sv\/wp-json\/wp\/v2\/users\/1"}],"replies":[{"embeddable":true,"href":"https:\/\/skandiaelevator.com\/sv\/wp-json\/wp\/v2\/comments?post=3068"}],"version-history":[{"count":6,"href":"https:\/\/skandiaelevator.com\/sv\/wp-json\/wp\/v2\/pages\/3068\/revisions"}],"predecessor-version":[{"id":8080,"href":"https:\/\/skandiaelevator.com\/sv\/wp-json\/wp\/v2\/pages\/3068\/revisions\/8080"}],"wp:attachment":[{"href":"https:\/\/skandiaelevator.com\/sv\/wp-json\/wp\/v2\/media?parent=3068"}],"curies":[{"name":"wp","href":"https:\/\/api.w.org\/{rel}","templated":true}]}}