{"id":3064,"date":"2025-09-02T13:04:43","date_gmt":"2025-09-02T13:04:43","guid":{"rendered":"https:\/\/skandiaelevator.com\/certifieringar\/"},"modified":"2026-01-26T11:08:39","modified_gmt":"2026-01-26T11:08:39","slug":"certifieringar","status":"publish","type":"page","link":"https:\/\/skandiaelevator.com\/sv\/certifieringar\/","title":{"rendered":"Certifieringar"},"content":{"rendered":"\t\t<div data-elementor-type=\"wp-page\" data-elementor-id=\"3064\" class=\"elementor elementor-3064 elementor-1968\" data-elementor-post-type=\"page\">\n\t\t\t\t<div class=\"elementor-element elementor-element-1c8bc4bb e-flex e-con-boxed e-con e-parent\" data-id=\"1c8bc4bb\" data-element_type=\"container\" data-e-type=\"container\">\n\t\t\t\t\t<div class=\"e-con-inner\">\n\t\t<div class=\"elementor-element elementor-element-46ed739c e-con-full e-flex e-con e-child\" data-id=\"46ed739c\" data-element_type=\"container\" data-e-type=\"container\">\n\t\t<div class=\"elementor-element elementor-element-13b92e86 e-con-full e-flex e-con e-child\" data-id=\"13b92e86\" data-element_type=\"container\" data-e-type=\"container\">\n\t\t\t\t<div class=\"elementor-element elementor-element-923ace2 elementor-widget elementor-widget-heading\" data-id=\"923ace2\" data-element_type=\"widget\" data-e-type=\"widget\" data-widget_type=\"heading.default\">\n\t\t\t\t\t<h2 class=\"elementor-heading-title elementor-size-default\">Vi \u00e4r ISO 9001-certifierade<\/h2>\t\t\t\t<\/div>\n\t\t\t\t<\/div>\n\t\t<div class=\"elementor-element elementor-element-23b2c8a2 e-con-full e-flex e-con e-child\" data-id=\"23b2c8a2\" data-element_type=\"container\" data-e-type=\"container\">\n\t\t\t\t<div class=\"elementor-element elementor-element-52178d8 elementor-widget elementor-widget-text-editor\" data-id=\"52178d8\" data-element_type=\"widget\" data-e-type=\"widget\" data-widget_type=\"text-editor.default\">\n\t\t\t\t\t\t\t\t\t<p>Vi p\u00e5 Skandia Elevator arbetar kontinuerligt f\u00f6r att leverera produkter och tj\u00e4nster av h\u00f6gsta kvalitet. Som ett led i detta \u00e4r vi certifierade enligt ISO 9001, en internationellt erk\u00e4nd standard f\u00f6r kvalitetsledningssystem.<br>Certifieringen \u00e4r f\u00f6r oss ett kvitto p\u00e5 att vi har strukturerade processer, tydliga rutiner och ett st\u00e4ndigt f\u00f6rb\u00e4ttringsarbete \u2013 allt f\u00f6r att s\u00e4kerst\u00e4lla att vi m\u00f6ter v\u00e5ra kunders krav och f\u00f6rv\u00e4ntningar.<\/p><p>V\u00e5rt kvalitetsarbete genomsyrar hela verksamheten och \u00e4r en viktig del av v\u00e5r historia men \u00e4ven v\u00e5r framtida l\u00e5ngsiktiga utveckling.<\/p>\t\t\t\t\t\t\t\t<\/div>\n\t\t\t\t<div class=\"elementor-element elementor-element-4dc951c elementor-widget elementor-widget-button\" data-id=\"4dc951c\" data-element_type=\"widget\" data-e-type=\"widget\" data-widget_type=\"button.default\">\n\t\t\t\t\t\t\t\t\t\t<a class=\"elementor-button elementor-button-link elementor-size-sm\" href=\"https:\/\/skandiaelevator.com\/wp-content\/uploads\/2026\/01\/Certifikat-2025-SV.pdf\">\n\t\t\t\t\t\t<span class=\"elementor-button-content-wrapper\">\n\t\t\t\t\t\t\t\t\t<span class=\"elementor-button-text\">LADDA NER CERTIFIKAT<\/span>\n\t\t\t\t\t<\/span>\n\t\t\t\t\t<\/a>\n\t\t\t\t\t\t\t\t<\/div>\n\t\t\t\t<\/div>\n\t\t\t\t<\/div>\n\t\t\t\t\t<\/div>\n\t\t\t\t<\/div>\n\t\t<div class=\"elementor-element elementor-element-ce82223 e-flex e-con-boxed e-con e-parent\" data-id=\"ce82223\" data-element_type=\"container\" data-e-type=\"container\">\n\t\t\t\t\t<div class=\"e-con-inner\">\n\t\t<div class=\"elementor-element elementor-element-1a0442b e-con-full e-flex e-con e-child\" data-id=\"1a0442b\" data-element_type=\"container\" data-e-type=\"container\">\n\t\t<div class=\"elementor-element elementor-element-6877537 e-con-full e-flex e-con e-child\" data-id=\"6877537\" data-element_type=\"container\" data-e-type=\"container\">\n\t\t\t\t<div class=\"elementor-element elementor-element-1e0db4d elementor-widget elementor-widget-heading\" data-id=\"1e0db4d\" data-element_type=\"widget\" data-e-type=\"widget\" data-widget_type=\"heading.default\">\n\t\t\t\t\t<h2 class=\"elementor-heading-title elementor-size-default\">EX \/ Atex certifierade Temperatur\u00f6vervakningssystem<\/h2>\t\t\t\t<\/div>\n\t\t\t\t<\/div>\n\t\t<div class=\"elementor-element elementor-element-ceccc97 e-con-full e-flex e-con e-child\" data-id=\"ceccc97\" data-element_type=\"container\" data-e-type=\"container\">\n\t\t\t\t<div class=\"elementor-element elementor-element-035b3ba elementor-widget elementor-widget-text-editor\" data-id=\"035b3ba\" data-element_type=\"widget\" data-e-type=\"widget\" data-widget_type=\"text-editor.default\">\n\t\t\t\t\t\t\t\t\t<p>S\u00e4kerhet \u00e4r avg\u00f6rande vid lagring av spannm\u00e5l \u2013 s\u00e4rskilt i milj\u00f6er d\u00e4r dammexplosioner kan utg\u00f6ra en risk. V\u00e5ra temperaturm\u00e4tsystem f\u00f6r spannm\u00e5lssilos \u00e4r d\u00e4rf\u00f6r EX-klassade och certifierade enligt g\u00e4llande ATEX-direktiv. Detta inneb\u00e4r att de \u00e4r godk\u00e4nda f\u00f6r anv\u00e4ndning i explosionsfarliga damm milj\u00f6er (t.ex. zon 20, 21 eller 22 beroende p\u00e5 installation).  <br><br><strong>Systemen \u00e4r utvecklade f\u00f6r att:<\/strong><br>M\u00e4tas s\u00e4kert i realtid inne i silon, \u00e4ven under tuffa f\u00f6rh\u00e5llanden<br>F\u00f6rhindra \u00f6verhettning och sj\u00e4lvant\u00e4ndning genom tidig varning<br>Uppfylla h\u00f6gt st\u00e4llda krav p\u00e5 b\u00e5de s\u00e4kerhet och drifts\u00e4kerhet<\/p><p><br>Alla komponenter \u2013 fr\u00e5n sensorer till elektronikenhet \u2013 \u00e4r testade och certifierade i enlighet med g\u00e4llande standarder, och levereras med fullst\u00e4ndig dokumentation och m\u00e4rkning enligt ATEX.<br><br>Med v\u00e5ra ATEX-godk\u00e4nda l\u00f6sningar f\u00e5r du en trygg och l\u00e5ngsiktig temperatur\u00f6vervakning som bidrar till b\u00e5de brandskydd och kvalitetss\u00e4kring i din spannm\u00e5lshantering.<\/p>\t\t\t\t\t\t\t\t<\/div>\n\t\t\t\t<div class=\"elementor-element elementor-element-0a514f8 elementor-widget elementor-widget-button\" data-id=\"0a514f8\" data-element_type=\"widget\" data-e-type=\"widget\" data-widget_type=\"button.default\">\n\t\t\t\t\t\t\t\t\t\t<a class=\"elementor-button elementor-button-link elementor-size-sm\" href=\"https:\/\/skandiaelevator.com\/wp-content\/uploads\/2026\/01\/ExVeritas-22UKQAN0244-Issue-1.pdf\">\n\t\t\t\t\t\t<span class=\"elementor-button-content-wrapper\">\n\t\t\t\t\t\t\t\t\t<span class=\"elementor-button-text\">LADDA NED EX CERTIFIKAT<\/span>\n\t\t\t\t\t<\/span>\n\t\t\t\t\t<\/a>\n\t\t\t\t\t\t\t\t<\/div>\n\t\t\t\t<div class=\"elementor-element elementor-element-48e743c elementor-widget elementor-widget-button\" data-id=\"48e743c\" data-element_type=\"widget\" data-e-type=\"widget\" data-widget_type=\"button.default\">\n\t\t\t\t\t\t\t\t\t\t<a class=\"elementor-button elementor-button-link elementor-size-sm\" href=\"https:\/\/skandiaelevator.com\/wp-content\/uploads\/2026\/01\/ExVeritas-22PQAN0232-Issue-1.pdf\">\n\t\t\t\t\t\t<span class=\"elementor-button-content-wrapper\">\n\t\t\t\t\t\t\t\t\t<span class=\"elementor-button-text\">LADDA NED ATEX CERTIFIKAT<\/span>\n\t\t\t\t\t<\/span>\n\t\t\t\t\t<\/a>\n\t\t\t\t\t\t\t\t<\/div>\n\t\t\t\t<\/div>\n\t\t\t\t<\/div>\n\t\t\t\t\t<\/div>\n\t\t\t\t<\/div>\n\t\t\t\t<\/div>\n\t\t","protected":false},"excerpt":{"rendered":"<p>Vi \u00e4r ISO 9001-certifierade Vi p\u00e5 Skandia Elevator arbetar kontinuerligt f\u00f6r att leverera produkter och tj\u00e4nster av h\u00f6gsta kvalitet. Som ett led i detta \u00e4r vi certifierade enligt ISO 9001, en internationellt erk\u00e4nd standard f\u00f6r kvalitetsledningssystem.Certifieringen \u00e4r f\u00f6r oss ett kvitto p\u00e5 att vi har strukturerade processer, tydliga rutiner och ett st\u00e4ndigt f\u00f6rb\u00e4ttringsarbete \u2013 allt [&hellip;]<\/p>\n","protected":false},"author":1,"featured_media":0,"parent":0,"menu_order":0,"comment_status":"closed","ping_status":"closed","template":"","meta":{"_acf_changed":false,"footnotes":""},"class_list":["post-3064","page","type-page","status-publish","hentry"],"acf":[],"yoast_head":"<!-- This site is optimized with the Yoast SEO plugin v27.5 - https:\/\/yoast.com\/product\/yoast-seo-wordpress\/ -->\n<title>Certifieringar - Skandia elevator<\/title>\n<meta name=\"description\" content=\"Uppt\u00e4ck Skandia Elevators olika certifieringar som s\u00e4kerst\u00e4ller h\u00f6g kvalitet, s\u00e4kerhet och h\u00e5llbarhet i v\u00e5ra smarta system f\u00f6r spannm\u00e5lshantering\" \/>\n<meta name=\"robots\" content=\"index, follow, max-snippet:-1, max-image-preview:large, max-video-preview:-1\" \/>\n<link rel=\"canonical\" href=\"https:\/\/skandiaelevator.com\/sv\/certifieringar\/\" \/>\n<meta property=\"og:locale\" content=\"sv_SE\" \/>\n<meta property=\"og:type\" content=\"article\" \/>\n<meta property=\"og:title\" content=\"Certifieringar - Skandia elevator\" \/>\n<meta property=\"og:description\" content=\"Uppt\u00e4ck Skandia Elevators olika certifieringar som s\u00e4kerst\u00e4ller h\u00f6g kvalitet, s\u00e4kerhet och h\u00e5llbarhet i v\u00e5ra smarta system f\u00f6r spannm\u00e5lshantering\" \/>\n<meta property=\"og:url\" content=\"https:\/\/skandiaelevator.com\/sv\/certifieringar\/\" \/>\n<meta property=\"og:site_name\" content=\"Skandia elevator\" \/>\n<meta property=\"article:modified_time\" content=\"2026-01-26T11:08:39+00:00\" \/>\n<meta property=\"og:image\" content=\"https:\/\/skandiaelevator.com\/wp-content\/uploads\/2025\/09\/cropped-FAV_512x512px.png\" \/>\n\t<meta property=\"og:image:width\" content=\"512\" \/>\n\t<meta property=\"og:image:height\" content=\"512\" \/>\n\t<meta property=\"og:image:type\" content=\"image\/png\" \/>\n<meta name=\"twitter:card\" content=\"summary_large_image\" \/>\n<meta name=\"twitter:label1\" content=\"Ber\u00e4knad l\u00e4stid\" \/>\n\t<meta name=\"twitter:data1\" content=\"1 minut\" \/>\n<script type=\"application\/ld+json\" class=\"yoast-schema-graph\">{\"@context\":\"https:\\\/\\\/schema.org\",\"@graph\":[{\"@type\":\"WebPage\",\"@id\":\"https:\\\/\\\/skandiaelevator.com\\\/sv\\\/certifieringar\\\/\",\"url\":\"https:\\\/\\\/skandiaelevator.com\\\/sv\\\/certifieringar\\\/\",\"name\":\"Certifieringar - Skandia elevator\",\"isPartOf\":{\"@id\":\"https:\\\/\\\/skandiaelevator.com\\\/#website\"},\"datePublished\":\"2025-09-02T13:04:43+00:00\",\"dateModified\":\"2026-01-26T11:08:39+00:00\",\"description\":\"Uppt\u00e4ck Skandia Elevators olika certifieringar som s\u00e4kerst\u00e4ller h\u00f6g kvalitet, s\u00e4kerhet och h\u00e5llbarhet i v\u00e5ra smarta system f\u00f6r spannm\u00e5lshantering\",\"breadcrumb\":{\"@id\":\"https:\\\/\\\/skandiaelevator.com\\\/sv\\\/certifieringar\\\/#breadcrumb\"},\"inLanguage\":\"sv-SE\",\"potentialAction\":[{\"@type\":\"ReadAction\",\"target\":[\"https:\\\/\\\/skandiaelevator.com\\\/sv\\\/certifieringar\\\/\"]}]},{\"@type\":\"BreadcrumbList\",\"@id\":\"https:\\\/\\\/skandiaelevator.com\\\/sv\\\/certifieringar\\\/#breadcrumb\",\"itemListElement\":[{\"@type\":\"ListItem\",\"position\":1,\"name\":\"Hem\",\"item\":\"https:\\\/\\\/skandiaelevator.com\\\/sv\\\/home\\\/\"},{\"@type\":\"ListItem\",\"position\":2,\"name\":\"Certifieringar\"}]},{\"@type\":\"WebSite\",\"@id\":\"https:\\\/\\\/skandiaelevator.com\\\/#website\",\"url\":\"https:\\\/\\\/skandiaelevator.com\\\/\",\"name\":\"Skandia elevator\",\"description\":\"\",\"publisher\":{\"@id\":\"https:\\\/\\\/skandiaelevator.com\\\/#organization\"},\"potentialAction\":[{\"@type\":\"SearchAction\",\"target\":{\"@type\":\"EntryPoint\",\"urlTemplate\":\"https:\\\/\\\/skandiaelevator.com\\\/?s={search_term_string}\"},\"query-input\":{\"@type\":\"PropertyValueSpecification\",\"valueRequired\":true,\"valueName\":\"search_term_string\"}}],\"inLanguage\":\"sv-SE\"},{\"@type\":\"Organization\",\"@id\":\"https:\\\/\\\/skandiaelevator.com\\\/#organization\",\"name\":\"Skandia elevator\",\"url\":\"https:\\\/\\\/skandiaelevator.com\\\/\",\"logo\":{\"@type\":\"ImageObject\",\"inLanguage\":\"sv-SE\",\"@id\":\"https:\\\/\\\/skandiaelevator.com\\\/#\\\/schema\\\/logo\\\/image\\\/\",\"url\":\"https:\\\/\\\/skandiaelevator.com\\\/wp-content\\\/uploads\\\/2025\\\/09\\\/cropped-FAV_512x512px.png\",\"contentUrl\":\"https:\\\/\\\/skandiaelevator.com\\\/wp-content\\\/uploads\\\/2025\\\/09\\\/cropped-FAV_512x512px.png\",\"width\":512,\"height\":512,\"caption\":\"Skandia elevator\"},\"image\":{\"@id\":\"https:\\\/\\\/skandiaelevator.com\\\/#\\\/schema\\\/logo\\\/image\\\/\"}}]}<\/script>\n<!-- \/ Yoast SEO plugin. -->","yoast_head_json":{"title":"Certifieringar - Skandia elevator","description":"Uppt\u00e4ck Skandia Elevators olika certifieringar som s\u00e4kerst\u00e4ller h\u00f6g kvalitet, s\u00e4kerhet och h\u00e5llbarhet i v\u00e5ra smarta system f\u00f6r spannm\u00e5lshantering","robots":{"index":"index","follow":"follow","max-snippet":"max-snippet:-1","max-image-preview":"max-image-preview:large","max-video-preview":"max-video-preview:-1"},"canonical":"https:\/\/skandiaelevator.com\/sv\/certifieringar\/","og_locale":"sv_SE","og_type":"article","og_title":"Certifieringar - Skandia elevator","og_description":"Uppt\u00e4ck Skandia Elevators olika certifieringar som s\u00e4kerst\u00e4ller h\u00f6g kvalitet, s\u00e4kerhet och h\u00e5llbarhet i v\u00e5ra smarta system f\u00f6r spannm\u00e5lshantering","og_url":"https:\/\/skandiaelevator.com\/sv\/certifieringar\/","og_site_name":"Skandia elevator","article_modified_time":"2026-01-26T11:08:39+00:00","og_image":[{"width":512,"height":512,"url":"https:\/\/skandiaelevator.com\/wp-content\/uploads\/2025\/09\/cropped-FAV_512x512px.png","type":"image\/png"}],"twitter_card":"summary_large_image","twitter_misc":{"Ber\u00e4knad l\u00e4stid":"1 minut"},"schema":{"@context":"https:\/\/schema.org","@graph":[{"@type":"WebPage","@id":"https:\/\/skandiaelevator.com\/sv\/certifieringar\/","url":"https:\/\/skandiaelevator.com\/sv\/certifieringar\/","name":"Certifieringar - Skandia elevator","isPartOf":{"@id":"https:\/\/skandiaelevator.com\/#website"},"datePublished":"2025-09-02T13:04:43+00:00","dateModified":"2026-01-26T11:08:39+00:00","description":"Uppt\u00e4ck Skandia Elevators olika certifieringar som s\u00e4kerst\u00e4ller h\u00f6g kvalitet, s\u00e4kerhet och h\u00e5llbarhet i v\u00e5ra smarta system f\u00f6r spannm\u00e5lshantering","breadcrumb":{"@id":"https:\/\/skandiaelevator.com\/sv\/certifieringar\/#breadcrumb"},"inLanguage":"sv-SE","potentialAction":[{"@type":"ReadAction","target":["https:\/\/skandiaelevator.com\/sv\/certifieringar\/"]}]},{"@type":"BreadcrumbList","@id":"https:\/\/skandiaelevator.com\/sv\/certifieringar\/#breadcrumb","itemListElement":[{"@type":"ListItem","position":1,"name":"Hem","item":"https:\/\/skandiaelevator.com\/sv\/home\/"},{"@type":"ListItem","position":2,"name":"Certifieringar"}]},{"@type":"WebSite","@id":"https:\/\/skandiaelevator.com\/#website","url":"https:\/\/skandiaelevator.com\/","name":"Skandia elevator","description":"","publisher":{"@id":"https:\/\/skandiaelevator.com\/#organization"},"potentialAction":[{"@type":"SearchAction","target":{"@type":"EntryPoint","urlTemplate":"https:\/\/skandiaelevator.com\/?s={search_term_string}"},"query-input":{"@type":"PropertyValueSpecification","valueRequired":true,"valueName":"search_term_string"}}],"inLanguage":"sv-SE"},{"@type":"Organization","@id":"https:\/\/skandiaelevator.com\/#organization","name":"Skandia elevator","url":"https:\/\/skandiaelevator.com\/","logo":{"@type":"ImageObject","inLanguage":"sv-SE","@id":"https:\/\/skandiaelevator.com\/#\/schema\/logo\/image\/","url":"https:\/\/skandiaelevator.com\/wp-content\/uploads\/2025\/09\/cropped-FAV_512x512px.png","contentUrl":"https:\/\/skandiaelevator.com\/wp-content\/uploads\/2025\/09\/cropped-FAV_512x512px.png","width":512,"height":512,"caption":"Skandia elevator"},"image":{"@id":"https:\/\/skandiaelevator.com\/#\/schema\/logo\/image\/"}}]}},"_links":{"self":[{"href":"https:\/\/skandiaelevator.com\/sv\/wp-json\/wp\/v2\/pages\/3064","targetHints":{"allow":["GET"]}}],"collection":[{"href":"https:\/\/skandiaelevator.com\/sv\/wp-json\/wp\/v2\/pages"}],"about":[{"href":"https:\/\/skandiaelevator.com\/sv\/wp-json\/wp\/v2\/types\/page"}],"author":[{"embeddable":true,"href":"https:\/\/skandiaelevator.com\/sv\/wp-json\/wp\/v2\/users\/1"}],"replies":[{"embeddable":true,"href":"https:\/\/skandiaelevator.com\/sv\/wp-json\/wp\/v2\/comments?post=3064"}],"version-history":[{"count":4,"href":"https:\/\/skandiaelevator.com\/sv\/wp-json\/wp\/v2\/pages\/3064\/revisions"}],"predecessor-version":[{"id":8589,"href":"https:\/\/skandiaelevator.com\/sv\/wp-json\/wp\/v2\/pages\/3064\/revisions\/8589"}],"wp:attachment":[{"href":"https:\/\/skandiaelevator.com\/sv\/wp-json\/wp\/v2\/media?parent=3064"}],"curies":[{"name":"wp","href":"https:\/\/api.w.org\/{rel}","templated":true}]}}