{"id":7774,"date":"2025-10-01T06:36:37","date_gmt":"2025-10-01T06:36:37","guid":{"rendered":"https:\/\/skandiaelevator.com\/carriere\/soins-aux-employeurs\/"},"modified":"2026-03-16T12:26:54","modified_gmt":"2026-03-16T12:26:54","slug":"soins-aux-employeurs","status":"publish","type":"page","link":"https:\/\/skandiaelevator.com\/fr\/carriere\/soins-aux-employeurs\/","title":{"rendered":"Soins aux employeurs"},"content":{"rendered":"\t\t<div data-elementor-type=\"wp-page\" data-elementor-id=\"7774\" class=\"elementor elementor-7774\" data-elementor-post-type=\"page\">\n\t\t\t\t<div class=\"elementor-element elementor-element-16cc4baf e-flex e-con-boxed e-con e-parent\" data-id=\"16cc4baf\" data-element_type=\"container\" data-e-type=\"container\">\n\t\t\t\t\t<div class=\"e-con-inner\">\n\t\t\t\t<div class=\"elementor-element elementor-element-1cc2d1c4 elementor-widget elementor-widget-breadcrumbs\" data-id=\"1cc2d1c4\" data-element_type=\"widget\" data-e-type=\"widget\" data-widget_type=\"breadcrumbs.default\">\n\t\t\t\t\t<p id=\"breadcrumbs\"><span><span><a href=\"https:\/\/skandiaelevator.com\/\">Home<\/a><\/span><\/span><\/p>\t\t\t\t<\/div>\n\t\t\t\t\t<\/div>\n\t\t\t\t<\/div>\n\t\t<div class=\"elementor-element elementor-element-56c02592 e-flex e-con-boxed e-con e-parent\" data-id=\"56c02592\" data-element_type=\"container\" data-e-type=\"container\">\n\t\t\t\t\t<div class=\"e-con-inner\">\n\t\t<div class=\"elementor-element elementor-element-2ea73a42 e-con-full e-flex e-con e-child\" data-id=\"2ea73a42\" data-element_type=\"container\" data-e-type=\"container\">\n\t\t<div class=\"elementor-element elementor-element-7a9133ea e-con-full e-flex e-con e-child\" data-id=\"7a9133ea\" data-element_type=\"container\" data-e-type=\"container\">\n\t\t\t\t<div class=\"elementor-element elementor-element-125bff8f elementor-widget elementor-widget-heading\" data-id=\"125bff8f\" data-element_type=\"widget\" data-e-type=\"widget\" data-widget_type=\"heading.default\">\n\t\t\t\t\t<h2 class=\"elementor-heading-title elementor-size-default\">Soins aux employeurs<\/h2>\t\t\t\t<\/div>\n\t\t\t\t<\/div>\n\t\t<div class=\"elementor-element elementor-element-7a964e6f e-con-full e-flex e-con e-child\" data-id=\"7a964e6f\" data-element_type=\"container\" data-e-type=\"container\">\n\t\t\t\t<div class=\"elementor-element elementor-element-2453ab69 elementor-widget elementor-widget-text-editor\" data-id=\"2453ab69\" data-element_type=\"widget\" data-e-type=\"widget\" data-widget_type=\"text-editor.default\">\n\t\t\t\t\t\t\t\t\t<p>L&rsquo;attention port\u00e9e aux employ\u00e9s nous tient \u00e0 c\u0153ur, et nous voulons que chaque membre de l&rsquo;\u00e9quipe se sente bien et aime son travail. Une allocation de bien-\u00eatre est offerte aux employ\u00e9s permanents et temporaires, et il est \u00e9galement possible de se faire masser pendant les heures de travail. En tant qu&#8217;employ\u00e9 de Skandia Elevator, vous avez \u00e9galement un acc\u00e8s gratuit \u00e0 la natation \u00e0 N\u00e4steg\u00e5rdsbadet \u00e0 Kv\u00e4num et \u00e0 Vara Badhus.  <\/p><p>Notre promesse \u00e0 l&rsquo;\u00e9gard de tous les employ\u00e9s est la suivante :<\/p><ul><li>Cr\u00e9ez des conditions qui permettent \u00e0 chacun de se sentir \u00e0 l&rsquo;aise et motiv\u00e9 au travail sur<br>.<\/li><li>Fournir la formation n\u00e9cessaire \u00e0 l&rsquo;accomplissement efficace de leurs t\u00e2ches.<\/li><li>Encourager le d\u00e9veloppement des comp\u00e9tences qui stimule la cr\u00e9ativit\u00e9 et la croissance tant pour<br>l&rsquo;individu que pour l&rsquo;entreprise.<\/li><li>Maintenir une attitude positive \u00e0 l&rsquo;\u00e9gard de la mobilit\u00e9 interne, en permettant aux employ\u00e9s d&rsquo;essayer de nouvelles fonctions et d&rsquo;acqu\u00e9rir de nouvelles possibilit\u00e9s de d\u00e9veloppement.<\/li><li>On attend des managers de Skandia Elevator qu&rsquo;ils.. :<\/li><li>Travailler avec d\u00e9termination pour que l&rsquo;organisation se caract\u00e9rise par la satisfaction au travail, l&rsquo;efficacit\u00e9 et le d\u00e9veloppement.<\/li><li>Proc\u00e9der \u00e0 des \u00e9valuations r\u00e9guli\u00e8res des performances et du d\u00e9veloppement, en discutant des comp\u00e9tences<br>d\u00e9veloppement en fonction des besoins de l&rsquo;individu et de l&rsquo;organisation.<\/li><li>Soyez innovant, adoptez de nouvelles id\u00e9es et montrez la voie \u00e0 suivre.<\/li><li>Favoriser la participation et accorder \u00e0 leurs \u00e9quipes une libert\u00e9 assortie de responsabilit\u00e9s.<\/li><\/ul><p><strong>CONG\u00c9 DE MALADIE ET R\u00c9ADAPTATION<br><\/strong><\/p><p>Notre ambition est que personne ne doive \u00eatre en cong\u00e9 de maladie \u00e0 cause de son travail.<br>Les dirigeants et les employ\u00e9s doivent ensemble rester attentifs aux signes pr\u00e9coces de mauvaise sant\u00e9 et agir avec une approche orient\u00e9e vers la recherche de solutions. Nous disposons \u00e9galement de plans bien con\u00e7us pour la r\u00e9adaptation et l&rsquo;adaptation du lieu de travail. <\/p>\t\t\t\t\t\t\t\t<\/div>\n\t\t\t\t<\/div>\n\t\t\t\t<\/div>\n\t\t\t\t\t<\/div>\n\t\t\t\t<\/div>\n\t\t\t\t<\/div>\n\t\t","protected":false},"excerpt":{"rendered":"<p>Soins aux employeurs L&rsquo;attention port\u00e9e aux employ\u00e9s nous tient \u00e0 c\u0153ur, et nous voulons que chaque membre de l&rsquo;\u00e9quipe se sente bien et aime son travail. Une allocation de bien-\u00eatre est offerte aux employ\u00e9s permanents et temporaires, et il est \u00e9galement possible de se faire masser pendant les heures de travail. En tant qu&#8217;employ\u00e9 de [&hellip;]<\/p>\n","protected":false},"author":1,"featured_media":0,"parent":7719,"menu_order":0,"comment_status":"closed","ping_status":"closed","template":"","meta":{"_acf_changed":false,"footnotes":""},"class_list":["post-7774","page","type-page","status-publish","hentry"],"acf":[],"yoast_head":"<!-- This site is optimized with the Yoast SEO plugin v27.4 - https:\/\/yoast.com\/product\/yoast-seo-wordpress\/ -->\n<title>Soins aux employeurs - Skandia elevator<\/title>\n<meta name=\"robots\" content=\"index, follow, max-snippet:-1, max-image-preview:large, max-video-preview:-1\" \/>\n<link rel=\"canonical\" href=\"https:\/\/skandiaelevator.com\/fr\/carriere\/soins-aux-employeurs\/\" \/>\n<meta property=\"og:locale\" content=\"fr_FR\" \/>\n<meta property=\"og:type\" content=\"article\" \/>\n<meta property=\"og:title\" content=\"Soins aux employeurs - Skandia elevator\" \/>\n<meta property=\"og:description\" content=\"Soins aux employeurs L&rsquo;attention port\u00e9e aux employ\u00e9s nous tient \u00e0 c\u0153ur, et nous voulons que chaque membre de l&rsquo;\u00e9quipe se sente bien et aime son travail. Une allocation de bien-\u00eatre est offerte aux employ\u00e9s permanents et temporaires, et il est \u00e9galement possible de se faire masser pendant les heures de travail. En tant qu&#8217;employ\u00e9 de [&hellip;]\" \/>\n<meta property=\"og:url\" content=\"https:\/\/skandiaelevator.com\/fr\/carriere\/soins-aux-employeurs\/\" \/>\n<meta property=\"og:site_name\" content=\"Skandia elevator\" \/>\n<meta property=\"article:modified_time\" content=\"2026-03-16T12:26:54+00:00\" \/>\n<meta property=\"og:image\" content=\"https:\/\/skandiaelevator.com\/wp-content\/uploads\/2025\/09\/cropped-FAV_512x512px.png\" \/>\n\t<meta property=\"og:image:width\" content=\"512\" \/>\n\t<meta property=\"og:image:height\" content=\"512\" \/>\n\t<meta property=\"og:image:type\" content=\"image\/png\" \/>\n<meta name=\"twitter:card\" content=\"summary_large_image\" \/>\n<meta name=\"twitter:label1\" content=\"Dur\u00e9e de lecture estim\u00e9e\" \/>\n\t<meta name=\"twitter:data1\" content=\"2 minutes\" \/>\n<script type=\"application\/ld+json\" class=\"yoast-schema-graph\">{\"@context\":\"https:\\\/\\\/schema.org\",\"@graph\":[{\"@type\":\"WebPage\",\"@id\":\"https:\\\/\\\/skandiaelevator.com\\\/fr\\\/carriere\\\/soins-aux-employeurs\\\/\",\"url\":\"https:\\\/\\\/skandiaelevator.com\\\/fr\\\/carriere\\\/soins-aux-employeurs\\\/\",\"name\":\"Soins aux employeurs - Skandia elevator\",\"isPartOf\":{\"@id\":\"https:\\\/\\\/skandiaelevator.com\\\/#website\"},\"datePublished\":\"2025-10-01T06:36:37+00:00\",\"dateModified\":\"2026-03-16T12:26:54+00:00\",\"breadcrumb\":{\"@id\":\"https:\\\/\\\/skandiaelevator.com\\\/fr\\\/carriere\\\/soins-aux-employeurs\\\/#breadcrumb\"},\"inLanguage\":\"fr-FR\",\"potentialAction\":[{\"@type\":\"ReadAction\",\"target\":[\"https:\\\/\\\/skandiaelevator.com\\\/fr\\\/carriere\\\/soins-aux-employeurs\\\/\"]}]},{\"@type\":\"BreadcrumbList\",\"@id\":\"https:\\\/\\\/skandiaelevator.com\\\/fr\\\/carriere\\\/soins-aux-employeurs\\\/#breadcrumb\",\"itemListElement\":[{\"@type\":\"ListItem\",\"position\":1,\"name\":\"Home\",\"item\":\"https:\\\/\\\/skandiaelevator.com\\\/\"},{\"@type\":\"ListItem\",\"position\":2,\"name\":\"Carri\u00e8re\",\"item\":\"https:\\\/\\\/skandiaelevator.com\\\/career\\\/\"},{\"@type\":\"ListItem\",\"position\":3,\"name\":\"Soins aux employeurs\"}]},{\"@type\":\"WebSite\",\"@id\":\"https:\\\/\\\/skandiaelevator.com\\\/#website\",\"url\":\"https:\\\/\\\/skandiaelevator.com\\\/\",\"name\":\"Skandia elevator\",\"description\":\"\",\"publisher\":{\"@id\":\"https:\\\/\\\/skandiaelevator.com\\\/#organization\"},\"potentialAction\":[{\"@type\":\"SearchAction\",\"target\":{\"@type\":\"EntryPoint\",\"urlTemplate\":\"https:\\\/\\\/skandiaelevator.com\\\/?s={search_term_string}\"},\"query-input\":{\"@type\":\"PropertyValueSpecification\",\"valueRequired\":true,\"valueName\":\"search_term_string\"}}],\"inLanguage\":\"fr-FR\"},{\"@type\":\"Organization\",\"@id\":\"https:\\\/\\\/skandiaelevator.com\\\/#organization\",\"name\":\"Skandia elevator\",\"url\":\"https:\\\/\\\/skandiaelevator.com\\\/\",\"logo\":{\"@type\":\"ImageObject\",\"inLanguage\":\"fr-FR\",\"@id\":\"https:\\\/\\\/skandiaelevator.com\\\/#\\\/schema\\\/logo\\\/image\\\/\",\"url\":\"https:\\\/\\\/skandiaelevator.com\\\/wp-content\\\/uploads\\\/2025\\\/09\\\/cropped-FAV_512x512px.png\",\"contentUrl\":\"https:\\\/\\\/skandiaelevator.com\\\/wp-content\\\/uploads\\\/2025\\\/09\\\/cropped-FAV_512x512px.png\",\"width\":512,\"height\":512,\"caption\":\"Skandia elevator\"},\"image\":{\"@id\":\"https:\\\/\\\/skandiaelevator.com\\\/#\\\/schema\\\/logo\\\/image\\\/\"}}]}<\/script>\n<!-- \/ Yoast SEO plugin. -->","yoast_head_json":{"title":"Soins aux employeurs - Skandia elevator","robots":{"index":"index","follow":"follow","max-snippet":"max-snippet:-1","max-image-preview":"max-image-preview:large","max-video-preview":"max-video-preview:-1"},"canonical":"https:\/\/skandiaelevator.com\/fr\/carriere\/soins-aux-employeurs\/","og_locale":"fr_FR","og_type":"article","og_title":"Soins aux employeurs - Skandia elevator","og_description":"Soins aux employeurs L&rsquo;attention port\u00e9e aux employ\u00e9s nous tient \u00e0 c\u0153ur, et nous voulons que chaque membre de l&rsquo;\u00e9quipe se sente bien et aime son travail. Une allocation de bien-\u00eatre est offerte aux employ\u00e9s permanents et temporaires, et il est \u00e9galement possible de se faire masser pendant les heures de travail. En tant qu&#8217;employ\u00e9 de [&hellip;]","og_url":"https:\/\/skandiaelevator.com\/fr\/carriere\/soins-aux-employeurs\/","og_site_name":"Skandia elevator","article_modified_time":"2026-03-16T12:26:54+00:00","og_image":[{"width":512,"height":512,"url":"https:\/\/skandiaelevator.com\/wp-content\/uploads\/2025\/09\/cropped-FAV_512x512px.png","type":"image\/png"}],"twitter_card":"summary_large_image","twitter_misc":{"Dur\u00e9e de lecture estim\u00e9e":"2 minutes"},"schema":{"@context":"https:\/\/schema.org","@graph":[{"@type":"WebPage","@id":"https:\/\/skandiaelevator.com\/fr\/carriere\/soins-aux-employeurs\/","url":"https:\/\/skandiaelevator.com\/fr\/carriere\/soins-aux-employeurs\/","name":"Soins aux employeurs - Skandia elevator","isPartOf":{"@id":"https:\/\/skandiaelevator.com\/#website"},"datePublished":"2025-10-01T06:36:37+00:00","dateModified":"2026-03-16T12:26:54+00:00","breadcrumb":{"@id":"https:\/\/skandiaelevator.com\/fr\/carriere\/soins-aux-employeurs\/#breadcrumb"},"inLanguage":"fr-FR","potentialAction":[{"@type":"ReadAction","target":["https:\/\/skandiaelevator.com\/fr\/carriere\/soins-aux-employeurs\/"]}]},{"@type":"BreadcrumbList","@id":"https:\/\/skandiaelevator.com\/fr\/carriere\/soins-aux-employeurs\/#breadcrumb","itemListElement":[{"@type":"ListItem","position":1,"name":"Home","item":"https:\/\/skandiaelevator.com\/"},{"@type":"ListItem","position":2,"name":"Carri\u00e8re","item":"https:\/\/skandiaelevator.com\/career\/"},{"@type":"ListItem","position":3,"name":"Soins aux employeurs"}]},{"@type":"WebSite","@id":"https:\/\/skandiaelevator.com\/#website","url":"https:\/\/skandiaelevator.com\/","name":"Skandia elevator","description":"","publisher":{"@id":"https:\/\/skandiaelevator.com\/#organization"},"potentialAction":[{"@type":"SearchAction","target":{"@type":"EntryPoint","urlTemplate":"https:\/\/skandiaelevator.com\/?s={search_term_string}"},"query-input":{"@type":"PropertyValueSpecification","valueRequired":true,"valueName":"search_term_string"}}],"inLanguage":"fr-FR"},{"@type":"Organization","@id":"https:\/\/skandiaelevator.com\/#organization","name":"Skandia elevator","url":"https:\/\/skandiaelevator.com\/","logo":{"@type":"ImageObject","inLanguage":"fr-FR","@id":"https:\/\/skandiaelevator.com\/#\/schema\/logo\/image\/","url":"https:\/\/skandiaelevator.com\/wp-content\/uploads\/2025\/09\/cropped-FAV_512x512px.png","contentUrl":"https:\/\/skandiaelevator.com\/wp-content\/uploads\/2025\/09\/cropped-FAV_512x512px.png","width":512,"height":512,"caption":"Skandia elevator"},"image":{"@id":"https:\/\/skandiaelevator.com\/#\/schema\/logo\/image\/"}}]}},"_links":{"self":[{"href":"https:\/\/skandiaelevator.com\/fr\/wp-json\/wp\/v2\/pages\/7774","targetHints":{"allow":["GET"]}}],"collection":[{"href":"https:\/\/skandiaelevator.com\/fr\/wp-json\/wp\/v2\/pages"}],"about":[{"href":"https:\/\/skandiaelevator.com\/fr\/wp-json\/wp\/v2\/types\/page"}],"author":[{"embeddable":true,"href":"https:\/\/skandiaelevator.com\/fr\/wp-json\/wp\/v2\/users\/1"}],"replies":[{"embeddable":true,"href":"https:\/\/skandiaelevator.com\/fr\/wp-json\/wp\/v2\/comments?post=7774"}],"version-history":[{"count":1,"href":"https:\/\/skandiaelevator.com\/fr\/wp-json\/wp\/v2\/pages\/7774\/revisions"}],"predecessor-version":[{"id":7775,"href":"https:\/\/skandiaelevator.com\/fr\/wp-json\/wp\/v2\/pages\/7774\/revisions\/7775"}],"up":[{"embeddable":true,"href":"https:\/\/skandiaelevator.com\/fr\/wp-json\/wp\/v2\/pages\/7719"}],"wp:attachment":[{"href":"https:\/\/skandiaelevator.com\/fr\/wp-json\/wp\/v2\/media?parent=7774"}],"curies":[{"name":"wp","href":"https:\/\/api.w.org\/{rel}","templated":true}]}}