{"id":7772,"date":"2025-10-01T06:35:51","date_gmt":"2025-10-01T06:35:51","guid":{"rendered":"https:\/\/skandiaelevator.com\/carriere\/environnement-de-travail\/"},"modified":"2026-03-16T12:26:32","modified_gmt":"2026-03-16T12:26:32","slug":"environnement-de-travail","status":"publish","type":"page","link":"https:\/\/skandiaelevator.com\/fr\/carriere\/environnement-de-travail\/","title":{"rendered":"Environnement de travail"},"content":{"rendered":"\t\t<div data-elementor-type=\"wp-page\" data-elementor-id=\"7772\" class=\"elementor elementor-7772\" data-elementor-post-type=\"page\">\n\t\t\t\t<div class=\"elementor-element elementor-element-59b4d73b e-flex e-con-boxed e-con e-parent\" data-id=\"59b4d73b\" data-element_type=\"container\" data-e-type=\"container\">\n\t\t\t\t\t<div class=\"e-con-inner\">\n\t\t\t\t<div class=\"elementor-element elementor-element-1bb0db50 elementor-widget elementor-widget-breadcrumbs\" data-id=\"1bb0db50\" data-element_type=\"widget\" data-e-type=\"widget\" data-widget_type=\"breadcrumbs.default\">\n\t\t\t\t\t<p id=\"breadcrumbs\"><span><span><a href=\"https:\/\/skandiaelevator.com\/\">Home<\/a><\/span><\/span><\/p>\t\t\t\t<\/div>\n\t\t\t\t\t<\/div>\n\t\t\t\t<\/div>\n\t\t<div class=\"elementor-element elementor-element-2cf5b3c5 e-flex e-con-boxed e-con e-parent\" data-id=\"2cf5b3c5\" data-element_type=\"container\" data-e-type=\"container\">\n\t\t\t\t\t<div class=\"e-con-inner\">\n\t\t<div class=\"elementor-element elementor-element-771ac218 e-con-full e-flex e-con e-child\" data-id=\"771ac218\" data-element_type=\"container\" data-e-type=\"container\">\n\t\t<div class=\"elementor-element elementor-element-6dbc58e3 e-con-full e-flex e-con e-child\" data-id=\"6dbc58e3\" data-element_type=\"container\" data-e-type=\"container\">\n\t\t\t\t<div class=\"elementor-element elementor-element-6665b297 elementor-widget elementor-widget-heading\" data-id=\"6665b297\" data-element_type=\"widget\" data-e-type=\"widget\" data-widget_type=\"heading.default\">\n\t\t\t\t\t<h2 class=\"elementor-heading-title elementor-size-default\">Environnement de travail<\/h2>\t\t\t\t<\/div>\n\t\t\t\t<\/div>\n\t\t<div class=\"elementor-element elementor-element-520c34aa e-con-full e-flex e-con e-child\" data-id=\"520c34aa\" data-element_type=\"container\" data-e-type=\"container\">\n\t\t\t\t<div class=\"elementor-element elementor-element-70f77701 elementor-widget elementor-widget-text-editor\" data-id=\"70f77701\" data-element_type=\"widget\" data-e-type=\"widget\" data-widget_type=\"text-editor.default\">\n\t\t\t\t\t\t\t\t\t<p>Chez Skandia Elevator, nous travaillons tous ensemble pour cr\u00e9er un environnement de travail s\u00fbr et sain<br>, tant sur le plan physique que mental. Pour r\u00e9ussir, chacun doit prendre<br>ses responsabilit\u00e9s et apporter sa contribution, par exemple en suivant les instructions existantes et en utilisant l&rsquo;\u00e9quipement de protection requis. Il est \u00e9galement important de s&rsquo;exprimer si des risques ou des lacunes sont d\u00e9couverts dans le cadre du travail quotidien.  <\/p><p>Un bon environnement de travail ne r\u00e9duit pas seulement le risque d&rsquo;accidents, de microtraumatismes r\u00e9p\u00e9t\u00e9s et d&rsquo;autres probl\u00e8mes de sant\u00e9. Il cr\u00e9e \u00e9galement un sentiment de s\u00e9curit\u00e9 dans les t\u00e2ches quotidiennes, accro\u00eet l&rsquo;engagement et la satisfaction au travail et am\u00e9liore ainsi le bien-\u00eatre. \u00c0 long terme, il conduit \u00e0 un plus grand \u00e9panouissement professionnel et \u00e0 davantage de possibilit\u00e9s de d\u00e9veloppement personnel.  <\/p><p>Un lieu de travail s\u00fbr et sain est \u00e9galement le fondement de l&rsquo;ordre et de la structure et favorise une plus grande attention \u00e0 la qualit\u00e9. Cela correspond parfaitement \u00e0 notre ambition de bien faire les choses d\u00e8s le d\u00e9part et de nous am\u00e9liorer en permanence. Nos valeurs guident tout ce que nous faisons &#8211; nous nous effor\u00e7ons d&rsquo;\u00eatre positifs, innovants et responsables.  <\/p><p>Chez Skandia Elevator, cela signifie que.. :<\/p><ul><li>Les efforts en mati\u00e8re d&rsquo;environnement de travail font naturellement partie de tout ce que nous faisons.<\/li><li>Tous les employ\u00e9s re\u00e7oivent l&rsquo;introduction et la formation n\u00e9cessaires pour travailler en toute s\u00e9curit\u00e9.<\/li><li>Nous \u00e9valuons r\u00e9guli\u00e8rement &#8211; surtout en p\u00e9riode de changement &#8211; l&rsquo;environnement de travail sur la base de facteurs physiques, organisationnels et sociaux.<\/li><li>Nous prenons les mesures n\u00e9cessaires pour cr\u00e9er un lieu de travail s\u00fbr et s\u00e9curis\u00e9.<\/li><li>Tous les incidents et accidents sont signal\u00e9s et font l&rsquo;objet d&rsquo;une enqu\u00eate afin que des mesures appropri\u00e9es puissent \u00eatre prises.<\/li><li>Nous respectons la l\u00e9gislation applicable au lieu de travail et atteignons nos objectifs en mati\u00e8re d&rsquo;environnement de travail.<\/li><li>Nous r\u00e9visons chaque ann\u00e9e notre gestion syst\u00e9matique de l&rsquo;environnement de travail.<\/li><\/ul><p>Nous le faisons parce qu&rsquo;un environnement de travail s\u00fbr et favorable est \u00e0 la fois une condition pr\u00e9alable et un objectif naturel pour \u00eatre productif et comp\u00e9titif.<\/p>\t\t\t\t\t\t\t\t<\/div>\n\t\t\t\t<\/div>\n\t\t\t\t<\/div>\n\t\t\t\t\t<\/div>\n\t\t\t\t<\/div>\n\t\t\t\t<\/div>\n\t\t","protected":false},"excerpt":{"rendered":"<p>Environnement de travail Chez Skandia Elevator, nous travaillons tous ensemble pour cr\u00e9er un environnement de travail s\u00fbr et sain, tant sur le plan physique que mental. Pour r\u00e9ussir, chacun doit prendreses responsabilit\u00e9s et apporter sa contribution, par exemple en suivant les instructions existantes et en utilisant l&rsquo;\u00e9quipement de protection requis. Il est \u00e9galement important de [&hellip;]<\/p>\n","protected":false},"author":1,"featured_media":0,"parent":7719,"menu_order":0,"comment_status":"closed","ping_status":"closed","template":"","meta":{"_acf_changed":false,"footnotes":""},"class_list":["post-7772","page","type-page","status-publish","hentry"],"acf":[],"yoast_head":"<!-- This site is optimized with the Yoast SEO plugin v27.4 - https:\/\/yoast.com\/product\/yoast-seo-wordpress\/ -->\n<title>Environnement de travail - Skandia elevator<\/title>\n<meta name=\"robots\" content=\"index, follow, max-snippet:-1, max-image-preview:large, max-video-preview:-1\" \/>\n<link rel=\"canonical\" href=\"https:\/\/skandiaelevator.com\/fr\/carriere\/environnement-de-travail\/\" \/>\n<meta property=\"og:locale\" content=\"fr_FR\" \/>\n<meta property=\"og:type\" content=\"article\" \/>\n<meta property=\"og:title\" content=\"Environnement de travail - Skandia elevator\" \/>\n<meta property=\"og:description\" content=\"Environnement de travail Chez Skandia Elevator, nous travaillons tous ensemble pour cr\u00e9er un environnement de travail s\u00fbr et sain, tant sur le plan physique que mental. Pour r\u00e9ussir, chacun doit prendreses responsabilit\u00e9s et apporter sa contribution, par exemple en suivant les instructions existantes et en utilisant l&rsquo;\u00e9quipement de protection requis. Il est \u00e9galement important de [&hellip;]\" \/>\n<meta property=\"og:url\" content=\"https:\/\/skandiaelevator.com\/fr\/carriere\/environnement-de-travail\/\" \/>\n<meta property=\"og:site_name\" content=\"Skandia elevator\" \/>\n<meta property=\"article:modified_time\" content=\"2026-03-16T12:26:32+00:00\" \/>\n<meta property=\"og:image\" content=\"https:\/\/skandiaelevator.com\/wp-content\/uploads\/2025\/09\/cropped-FAV_512x512px.png\" \/>\n\t<meta property=\"og:image:width\" content=\"512\" \/>\n\t<meta property=\"og:image:height\" content=\"512\" \/>\n\t<meta property=\"og:image:type\" content=\"image\/png\" \/>\n<meta name=\"twitter:card\" content=\"summary_large_image\" \/>\n<meta name=\"twitter:label1\" content=\"Dur\u00e9e de lecture estim\u00e9e\" \/>\n\t<meta name=\"twitter:data1\" content=\"2 minutes\" \/>\n<script type=\"application\/ld+json\" class=\"yoast-schema-graph\">{\"@context\":\"https:\\\/\\\/schema.org\",\"@graph\":[{\"@type\":\"WebPage\",\"@id\":\"https:\\\/\\\/skandiaelevator.com\\\/fr\\\/carriere\\\/environnement-de-travail\\\/\",\"url\":\"https:\\\/\\\/skandiaelevator.com\\\/fr\\\/carriere\\\/environnement-de-travail\\\/\",\"name\":\"Environnement de travail - Skandia elevator\",\"isPartOf\":{\"@id\":\"https:\\\/\\\/skandiaelevator.com\\\/#website\"},\"datePublished\":\"2025-10-01T06:35:51+00:00\",\"dateModified\":\"2026-03-16T12:26:32+00:00\",\"breadcrumb\":{\"@id\":\"https:\\\/\\\/skandiaelevator.com\\\/fr\\\/carriere\\\/environnement-de-travail\\\/#breadcrumb\"},\"inLanguage\":\"fr-FR\",\"potentialAction\":[{\"@type\":\"ReadAction\",\"target\":[\"https:\\\/\\\/skandiaelevator.com\\\/fr\\\/carriere\\\/environnement-de-travail\\\/\"]}]},{\"@type\":\"BreadcrumbList\",\"@id\":\"https:\\\/\\\/skandiaelevator.com\\\/fr\\\/carriere\\\/environnement-de-travail\\\/#breadcrumb\",\"itemListElement\":[{\"@type\":\"ListItem\",\"position\":1,\"name\":\"Home\",\"item\":\"https:\\\/\\\/skandiaelevator.com\\\/\"},{\"@type\":\"ListItem\",\"position\":2,\"name\":\"Carri\u00e8re\",\"item\":\"https:\\\/\\\/skandiaelevator.com\\\/career\\\/\"},{\"@type\":\"ListItem\",\"position\":3,\"name\":\"Environnement de travail\"}]},{\"@type\":\"WebSite\",\"@id\":\"https:\\\/\\\/skandiaelevator.com\\\/#website\",\"url\":\"https:\\\/\\\/skandiaelevator.com\\\/\",\"name\":\"Skandia elevator\",\"description\":\"\",\"publisher\":{\"@id\":\"https:\\\/\\\/skandiaelevator.com\\\/#organization\"},\"potentialAction\":[{\"@type\":\"SearchAction\",\"target\":{\"@type\":\"EntryPoint\",\"urlTemplate\":\"https:\\\/\\\/skandiaelevator.com\\\/?s={search_term_string}\"},\"query-input\":{\"@type\":\"PropertyValueSpecification\",\"valueRequired\":true,\"valueName\":\"search_term_string\"}}],\"inLanguage\":\"fr-FR\"},{\"@type\":\"Organization\",\"@id\":\"https:\\\/\\\/skandiaelevator.com\\\/#organization\",\"name\":\"Skandia elevator\",\"url\":\"https:\\\/\\\/skandiaelevator.com\\\/\",\"logo\":{\"@type\":\"ImageObject\",\"inLanguage\":\"fr-FR\",\"@id\":\"https:\\\/\\\/skandiaelevator.com\\\/#\\\/schema\\\/logo\\\/image\\\/\",\"url\":\"https:\\\/\\\/skandiaelevator.com\\\/wp-content\\\/uploads\\\/2025\\\/09\\\/cropped-FAV_512x512px.png\",\"contentUrl\":\"https:\\\/\\\/skandiaelevator.com\\\/wp-content\\\/uploads\\\/2025\\\/09\\\/cropped-FAV_512x512px.png\",\"width\":512,\"height\":512,\"caption\":\"Skandia elevator\"},\"image\":{\"@id\":\"https:\\\/\\\/skandiaelevator.com\\\/#\\\/schema\\\/logo\\\/image\\\/\"}}]}<\/script>\n<!-- \/ Yoast SEO plugin. -->","yoast_head_json":{"title":"Environnement de travail - Skandia elevator","robots":{"index":"index","follow":"follow","max-snippet":"max-snippet:-1","max-image-preview":"max-image-preview:large","max-video-preview":"max-video-preview:-1"},"canonical":"https:\/\/skandiaelevator.com\/fr\/carriere\/environnement-de-travail\/","og_locale":"fr_FR","og_type":"article","og_title":"Environnement de travail - Skandia elevator","og_description":"Environnement de travail Chez Skandia Elevator, nous travaillons tous ensemble pour cr\u00e9er un environnement de travail s\u00fbr et sain, tant sur le plan physique que mental. Pour r\u00e9ussir, chacun doit prendreses responsabilit\u00e9s et apporter sa contribution, par exemple en suivant les instructions existantes et en utilisant l&rsquo;\u00e9quipement de protection requis. Il est \u00e9galement important de [&hellip;]","og_url":"https:\/\/skandiaelevator.com\/fr\/carriere\/environnement-de-travail\/","og_site_name":"Skandia elevator","article_modified_time":"2026-03-16T12:26:32+00:00","og_image":[{"width":512,"height":512,"url":"https:\/\/skandiaelevator.com\/wp-content\/uploads\/2025\/09\/cropped-FAV_512x512px.png","type":"image\/png"}],"twitter_card":"summary_large_image","twitter_misc":{"Dur\u00e9e de lecture estim\u00e9e":"2 minutes"},"schema":{"@context":"https:\/\/schema.org","@graph":[{"@type":"WebPage","@id":"https:\/\/skandiaelevator.com\/fr\/carriere\/environnement-de-travail\/","url":"https:\/\/skandiaelevator.com\/fr\/carriere\/environnement-de-travail\/","name":"Environnement de travail - Skandia elevator","isPartOf":{"@id":"https:\/\/skandiaelevator.com\/#website"},"datePublished":"2025-10-01T06:35:51+00:00","dateModified":"2026-03-16T12:26:32+00:00","breadcrumb":{"@id":"https:\/\/skandiaelevator.com\/fr\/carriere\/environnement-de-travail\/#breadcrumb"},"inLanguage":"fr-FR","potentialAction":[{"@type":"ReadAction","target":["https:\/\/skandiaelevator.com\/fr\/carriere\/environnement-de-travail\/"]}]},{"@type":"BreadcrumbList","@id":"https:\/\/skandiaelevator.com\/fr\/carriere\/environnement-de-travail\/#breadcrumb","itemListElement":[{"@type":"ListItem","position":1,"name":"Home","item":"https:\/\/skandiaelevator.com\/"},{"@type":"ListItem","position":2,"name":"Carri\u00e8re","item":"https:\/\/skandiaelevator.com\/career\/"},{"@type":"ListItem","position":3,"name":"Environnement de travail"}]},{"@type":"WebSite","@id":"https:\/\/skandiaelevator.com\/#website","url":"https:\/\/skandiaelevator.com\/","name":"Skandia elevator","description":"","publisher":{"@id":"https:\/\/skandiaelevator.com\/#organization"},"potentialAction":[{"@type":"SearchAction","target":{"@type":"EntryPoint","urlTemplate":"https:\/\/skandiaelevator.com\/?s={search_term_string}"},"query-input":{"@type":"PropertyValueSpecification","valueRequired":true,"valueName":"search_term_string"}}],"inLanguage":"fr-FR"},{"@type":"Organization","@id":"https:\/\/skandiaelevator.com\/#organization","name":"Skandia elevator","url":"https:\/\/skandiaelevator.com\/","logo":{"@type":"ImageObject","inLanguage":"fr-FR","@id":"https:\/\/skandiaelevator.com\/#\/schema\/logo\/image\/","url":"https:\/\/skandiaelevator.com\/wp-content\/uploads\/2025\/09\/cropped-FAV_512x512px.png","contentUrl":"https:\/\/skandiaelevator.com\/wp-content\/uploads\/2025\/09\/cropped-FAV_512x512px.png","width":512,"height":512,"caption":"Skandia elevator"},"image":{"@id":"https:\/\/skandiaelevator.com\/#\/schema\/logo\/image\/"}}]}},"_links":{"self":[{"href":"https:\/\/skandiaelevator.com\/fr\/wp-json\/wp\/v2\/pages\/7772","targetHints":{"allow":["GET"]}}],"collection":[{"href":"https:\/\/skandiaelevator.com\/fr\/wp-json\/wp\/v2\/pages"}],"about":[{"href":"https:\/\/skandiaelevator.com\/fr\/wp-json\/wp\/v2\/types\/page"}],"author":[{"embeddable":true,"href":"https:\/\/skandiaelevator.com\/fr\/wp-json\/wp\/v2\/users\/1"}],"replies":[{"embeddable":true,"href":"https:\/\/skandiaelevator.com\/fr\/wp-json\/wp\/v2\/comments?post=7772"}],"version-history":[{"count":1,"href":"https:\/\/skandiaelevator.com\/fr\/wp-json\/wp\/v2\/pages\/7772\/revisions"}],"predecessor-version":[{"id":7773,"href":"https:\/\/skandiaelevator.com\/fr\/wp-json\/wp\/v2\/pages\/7772\/revisions\/7773"}],"up":[{"embeddable":true,"href":"https:\/\/skandiaelevator.com\/fr\/wp-json\/wp\/v2\/pages\/7719"}],"wp:attachment":[{"href":"https:\/\/skandiaelevator.com\/fr\/wp-json\/wp\/v2\/media?parent=7772"}],"curies":[{"name":"wp","href":"https:\/\/api.w.org\/{rel}","templated":true}]}}