{"id":7770,"date":"2025-09-15T06:49:58","date_gmt":"2025-09-15T06:49:58","guid":{"rendered":"https:\/\/skandiaelevator.com\/systeme-de-denonciation\/"},"modified":"2025-10-07T12:28:38","modified_gmt":"2025-10-07T12:28:38","slug":"systeme-de-denonciation","status":"publish","type":"page","link":"https:\/\/skandiaelevator.com\/fr\/systeme-de-denonciation\/","title":{"rendered":"Syst\u00e8me de d\u00e9nonciation"},"content":{"rendered":"\t\t<div data-elementor-type=\"wp-page\" data-elementor-id=\"7770\" class=\"elementor elementor-7770 elementor-5878\" data-elementor-post-type=\"page\">\n\t\t\t\t<div class=\"elementor-element elementor-element-5eee3bbc e-flex e-con-boxed e-con e-parent\" data-id=\"5eee3bbc\" data-element_type=\"container\" data-e-type=\"container\">\n\t\t\t\t\t<div class=\"e-con-inner\">\n\t\t\t\t<div class=\"elementor-element elementor-element-144a6561 elementor-widget elementor-widget-breadcrumbs\" data-id=\"144a6561\" data-element_type=\"widget\" data-e-type=\"widget\" data-widget_type=\"breadcrumbs.default\">\n\t\t\t\t\t<p id=\"breadcrumbs\"><span><span><a href=\"https:\/\/skandiaelevator.com\/\">Home<\/a><\/span><\/span><\/p>\t\t\t\t<\/div>\n\t\t\t\t\t<\/div>\n\t\t\t\t<\/div>\n\t\t<div class=\"elementor-element elementor-element-2148ba53 e-flex e-con-boxed e-con e-parent\" data-id=\"2148ba53\" data-element_type=\"container\" data-e-type=\"container\">\n\t\t\t\t\t<div class=\"e-con-inner\">\n\t\t<div class=\"elementor-element elementor-element-1e6e01d8 e-con-full e-flex e-con e-child\" data-id=\"1e6e01d8\" data-element_type=\"container\" data-e-type=\"container\">\n\t\t<div class=\"elementor-element elementor-element-46085850 e-con-full e-flex e-con e-child\" data-id=\"46085850\" data-element_type=\"container\" data-e-type=\"container\">\n\t\t\t\t<div class=\"elementor-element elementor-element-1fb3926c elementor-widget elementor-widget-heading\" data-id=\"1fb3926c\" data-element_type=\"widget\" data-e-type=\"widget\" data-widget_type=\"heading.default\">\n\t\t\t\t\t<h2 class=\"elementor-heading-title elementor-size-default\">Skandia Elevator <br>Syst\u00e8me de d\u00e9nonciation<\/h2>\t\t\t\t<\/div>\n\t\t\t\t<\/div>\n\t\t<div class=\"elementor-element elementor-element-75eaf6c1 e-con-full e-flex e-con e-child\" data-id=\"75eaf6c1\" data-element_type=\"container\" data-e-type=\"container\">\n\t\t\t\t<div class=\"elementor-element elementor-element-6953153e elementor-widget elementor-widget-text-editor\" data-id=\"6953153e\" data-element_type=\"widget\" data-e-type=\"widget\" data-widget_type=\"text-editor.default\">\n\t\t\t\t\t\t\t\t\t<p>Chez Skandia Elevator AB, il est important pour nous d&rsquo;\u00eatre une entreprise s\u00fbre, \u00e9quitable et transparente. Cela nous permet de garantir que tous nos employ\u00e9s b\u00e9n\u00e9ficient d&rsquo;un bon environnement de travail, que nos clients peuvent nous faire confiance pour travailler \u00e0 long terme et de mani\u00e8re durable, et que nous contribuons de mani\u00e8re positive \u00e0 la soci\u00e9t\u00e9 dans laquelle nous op\u00e9rons. Nous encourageons donc nos employ\u00e9s, nos clients, nos fournisseurs, nos partenaires commerciaux et les autres parties prenantes \u00e0 signaler tout soup\u00e7on de faute professionnelle et\/ou d&rsquo;acte r\u00e9pr\u00e9hensible \u00e0 notre service de d\u00e9nonciation.  <\/p>\n\n<p>Comme l&rsquo;exige Skandia Elevator, un responsable doit \u00eatre contact\u00e9 en cas d&rsquo;incident ou d&rsquo;irr\u00e9gularit\u00e9. Cependant, ce n&rsquo;est pas toujours la meilleure fa\u00e7on de proc\u00e9der et cela peut avoir pour cons\u00e9quence que des rapports ne soient pas soumis. Skandia Elevator a donc mis en place un syst\u00e8me de d\u00e9nonciation que vous pouvez utiliser pour signaler des fautes professionnelles dans les cas o\u00f9 vous ne pouvez pas ou pr\u00e9f\u00e9rez ne pas contacter votre sup\u00e9rieur, ou si vous souhaitez simplement rester anonyme.  <\/p>\n\n<p>Le syst\u00e8me de d\u00e9nonciation de Skandia Elevator est g\u00e9r\u00e9 par WhistleSystem ApS, ce qui garantit l&rsquo;anonymat et la s\u00e9curit\u00e9 des d\u00e9nonciateurs. Le syst\u00e8me de d\u00e9nonciation est destin\u00e9 aux employ\u00e9s ou aux autres parties prenantes qui d\u00e9couvrent des irr\u00e9gularit\u00e9s ou des fautes graves li\u00e9es \u00e0 Skandia Elevator. La politique de d\u00e9nonciation donne des exemples de ce qui peut \u00eatre signal\u00e9.  <\/p>\n\n<p>Toute personne ayant acc\u00e8s au syst\u00e8me peut soumettre des rapports. Dans votre entreprise, il s&rsquo;agit des parties prenantes internes qui ont fait l&rsquo;objet d&rsquo;irr\u00e9gularit\u00e9s. <\/p>\n\n<p>Les rapports de d\u00e9nonciation peuvent concerner des personnes, des situations et des \u00e9v\u00e9nements. Toute partie prenante peut soumettre un rapport s&rsquo;il r\u00e9pond aux crit\u00e8res de signalement et s&rsquo;il concerne Skandia Elevator. <\/p>\n\n<p>Le syst\u00e8me de d\u00e9nonciation ne peut \u00eatre utilis\u00e9 que pour signaler des irr\u00e9gularit\u00e9s et des fautes graves. Les questions telles que les probl\u00e8mes de coop\u00e9ration, l&rsquo;insatisfaction concernant les locaux, les conditions de travail ou le salaire ne doivent pas \u00eatre signal\u00e9es par le biais du syst\u00e8me de d\u00e9nonciation. Dans ce cas, vous devez plut\u00f4t contacter votre sup\u00e9rieur hi\u00e9rarchique.  <\/p>\n\n<p>Toutefois, vous pouvez tirer la sonnette d&rsquo;alarme si vous savez ou soup\u00e7onnez que des d\u00e9lits ou des irr\u00e9gularit\u00e9s sont commis au sein de l&rsquo;organisation &#8211; tels que la corruption, les violations du droit de l&rsquo;environnement ou du droit du travail, ou le d\u00e9tournement de fonds. Il peut \u00e9galement \u00eatre appropri\u00e9 de tirer la sonnette d&rsquo;alarme en cas de mauvaise administration en violation des r\u00e8gles de l&rsquo;UE, telles que le r\u00e8glement g\u00e9n\u00e9ral sur la protection des donn\u00e9es (RGPD). <\/p>\n\n<p>Vous pouvez utiliser le lien pour signaler une irr\u00e9gularit\u00e9 afin de conna\u00eetre toutes les informations pertinentes dont vous avez besoin pour soumettre un rapport et la mani\u00e8re dont le cas sera trait\u00e9. C&rsquo;est \u00e0 vous de d\u00e9cider de la quantit\u00e9 d&rsquo;informations que vous souhaitez fournir, et l&rsquo;anonymat est garanti tout au long de la proc\u00e9dure. Vous pouvez \u00e9galement acc\u00e9der au lien via l&rsquo;intranet de Skandia Elevator. Tous les cas sont trait\u00e9s rapidement d\u00e8s leur r\u00e9ception par un enqu\u00eateur ind\u00e9pendant de Skandia Elevator.   <\/p>\n\n<p>Tous les rapports soumis re\u00e7oivent un num\u00e9ro de dossier unique et un code de v\u00e9rification. Ces informations doivent \u00eatre utilis\u00e9es pour soumettre des informations suppl\u00e9mentaires ou pour recevoir un retour d&rsquo;information sur le cas, qui sera donn\u00e9 dans les 90 jours suivant la r\u00e9ception. L&rsquo;enqu\u00eateur proc\u00e8de \u00e0 une premi\u00e8re \u00e9valuation du cas afin de d\u00e9terminer s&rsquo;il r\u00e9pond aux crit\u00e8res de traitement de la fonction de d\u00e9nonciation.  <\/p>\n\n<p>Comme indiqu\u00e9 ci-dessus, tous les rapports sont trait\u00e9s de mani\u00e8re confidentielle et le d\u00e9nonciateur b\u00e9n\u00e9ficie d&rsquo;un anonymat total tout au long de la proc\u00e9dure.<\/p>\t\t\t\t\t\t\t\t<\/div>\n\t\t\t\t<div class=\"elementor-element elementor-element-c335105 elementor-widget elementor-widget-button\" data-id=\"c335105\" data-element_type=\"widget\" data-e-type=\"widget\" data-widget_type=\"button.default\">\n\t\t\t\t\t\t\t\t\t\t<a class=\"elementor-button elementor-button-link elementor-size-sm\" href=\"https:\/\/skandiaelevator.whistlesystem.com\/login\/i96BwPYokLzNhiztKsl\" target=\"_blank\">\n\t\t\t\t\t\t<span class=\"elementor-button-content-wrapper\">\n\t\t\t\t\t\t\t\t\t<span class=\"elementor-button-text\">SYST\u00c8ME DE D\u00c9NONCIATION<\/span>\n\t\t\t\t\t<\/span>\n\t\t\t\t\t<\/a>\n\t\t\t\t\t\t\t\t<\/div>\n\t\t\t\t<\/div>\n\t\t\t\t<\/div>\n\t\t\t\t\t<\/div>\n\t\t\t\t<\/div>\n\t\t\t\t<\/div>\n\t\t","protected":false},"excerpt":{"rendered":"<p>Skandia Elevator Syst\u00e8me de d\u00e9nonciation Chez Skandia Elevator AB, il est important pour nous d&rsquo;\u00eatre une entreprise s\u00fbre, \u00e9quitable et transparente. Cela nous permet de garantir que tous nos employ\u00e9s b\u00e9n\u00e9ficient d&rsquo;un bon environnement de travail, que nos clients peuvent nous faire confiance pour travailler \u00e0 long terme et de mani\u00e8re durable, et que nous [&hellip;]<\/p>\n","protected":false},"author":1,"featured_media":0,"parent":0,"menu_order":0,"comment_status":"closed","ping_status":"closed","template":"","meta":{"_acf_changed":false,"footnotes":""},"class_list":["post-7770","page","type-page","status-publish","hentry"],"acf":[],"yoast_head":"<!-- This site is optimized with the Yoast SEO plugin v27.4 - https:\/\/yoast.com\/product\/yoast-seo-wordpress\/ -->\n<title>Syst\u00e8me de d\u00e9nonciation - Skandia elevator<\/title>\n<meta name=\"description\" content=\"D\u00e9couvrez le syst\u00e8me de d\u00e9nonciation s\u00e9curis\u00e9 de Skandia Elevator. Nous encourageons la transparence, la s\u00e9curit\u00e9 et la possibilit\u00e9 de signaler des fautes professionnelles en toute s\u00e9curit\u00e9.\" \/>\n<meta name=\"robots\" content=\"index, follow, max-snippet:-1, max-image-preview:large, max-video-preview:-1\" \/>\n<link rel=\"canonical\" href=\"https:\/\/skandiaelevator.com\/fr\/systeme-de-denonciation\/\" \/>\n<meta property=\"og:locale\" content=\"fr_FR\" \/>\n<meta property=\"og:type\" content=\"article\" \/>\n<meta property=\"og:title\" content=\"Syst\u00e8me de d\u00e9nonciation - Skandia elevator\" \/>\n<meta property=\"og:description\" content=\"D\u00e9couvrez le syst\u00e8me de d\u00e9nonciation s\u00e9curis\u00e9 de Skandia Elevator. Nous encourageons la transparence, la s\u00e9curit\u00e9 et la possibilit\u00e9 de signaler des fautes professionnelles en toute s\u00e9curit\u00e9.\" \/>\n<meta property=\"og:url\" content=\"https:\/\/skandiaelevator.com\/fr\/systeme-de-denonciation\/\" \/>\n<meta property=\"og:site_name\" content=\"Skandia elevator\" \/>\n<meta property=\"article:modified_time\" content=\"2025-10-07T12:28:38+00:00\" \/>\n<meta property=\"og:image\" content=\"https:\/\/skandiaelevator.com\/wp-content\/uploads\/2025\/09\/cropped-FAV_512x512px.png\" \/>\n\t<meta property=\"og:image:width\" content=\"512\" \/>\n\t<meta property=\"og:image:height\" content=\"512\" \/>\n\t<meta property=\"og:image:type\" content=\"image\/png\" \/>\n<meta name=\"twitter:card\" content=\"summary_large_image\" \/>\n<meta name=\"twitter:label1\" content=\"Dur\u00e9e de lecture estim\u00e9e\" \/>\n\t<meta name=\"twitter:data1\" content=\"3 minutes\" \/>\n<script type=\"application\/ld+json\" class=\"yoast-schema-graph\">{\"@context\":\"https:\\\/\\\/schema.org\",\"@graph\":[{\"@type\":\"WebPage\",\"@id\":\"https:\\\/\\\/skandiaelevator.com\\\/fr\\\/systeme-de-denonciation\\\/\",\"url\":\"https:\\\/\\\/skandiaelevator.com\\\/fr\\\/systeme-de-denonciation\\\/\",\"name\":\"Syst\u00e8me de d\u00e9nonciation - Skandia elevator\",\"isPartOf\":{\"@id\":\"https:\\\/\\\/skandiaelevator.com\\\/#website\"},\"datePublished\":\"2025-09-15T06:49:58+00:00\",\"dateModified\":\"2025-10-07T12:28:38+00:00\",\"description\":\"D\u00e9couvrez le syst\u00e8me de d\u00e9nonciation s\u00e9curis\u00e9 de Skandia Elevator. Nous encourageons la transparence, la s\u00e9curit\u00e9 et la possibilit\u00e9 de signaler des fautes professionnelles en toute s\u00e9curit\u00e9.\",\"breadcrumb\":{\"@id\":\"https:\\\/\\\/skandiaelevator.com\\\/fr\\\/systeme-de-denonciation\\\/#breadcrumb\"},\"inLanguage\":\"fr-FR\",\"potentialAction\":[{\"@type\":\"ReadAction\",\"target\":[\"https:\\\/\\\/skandiaelevator.com\\\/fr\\\/systeme-de-denonciation\\\/\"]}]},{\"@type\":\"BreadcrumbList\",\"@id\":\"https:\\\/\\\/skandiaelevator.com\\\/fr\\\/systeme-de-denonciation\\\/#breadcrumb\",\"itemListElement\":[{\"@type\":\"ListItem\",\"position\":1,\"name\":\"Home\",\"item\":\"https:\\\/\\\/skandiaelevator.com\\\/\"},{\"@type\":\"ListItem\",\"position\":2,\"name\":\"Syst\u00e8me de d\u00e9nonciation\"}]},{\"@type\":\"WebSite\",\"@id\":\"https:\\\/\\\/skandiaelevator.com\\\/#website\",\"url\":\"https:\\\/\\\/skandiaelevator.com\\\/\",\"name\":\"Skandia elevator\",\"description\":\"\",\"publisher\":{\"@id\":\"https:\\\/\\\/skandiaelevator.com\\\/#organization\"},\"potentialAction\":[{\"@type\":\"SearchAction\",\"target\":{\"@type\":\"EntryPoint\",\"urlTemplate\":\"https:\\\/\\\/skandiaelevator.com\\\/?s={search_term_string}\"},\"query-input\":{\"@type\":\"PropertyValueSpecification\",\"valueRequired\":true,\"valueName\":\"search_term_string\"}}],\"inLanguage\":\"fr-FR\"},{\"@type\":\"Organization\",\"@id\":\"https:\\\/\\\/skandiaelevator.com\\\/#organization\",\"name\":\"Skandia elevator\",\"url\":\"https:\\\/\\\/skandiaelevator.com\\\/\",\"logo\":{\"@type\":\"ImageObject\",\"inLanguage\":\"fr-FR\",\"@id\":\"https:\\\/\\\/skandiaelevator.com\\\/#\\\/schema\\\/logo\\\/image\\\/\",\"url\":\"https:\\\/\\\/skandiaelevator.com\\\/wp-content\\\/uploads\\\/2025\\\/09\\\/cropped-FAV_512x512px.png\",\"contentUrl\":\"https:\\\/\\\/skandiaelevator.com\\\/wp-content\\\/uploads\\\/2025\\\/09\\\/cropped-FAV_512x512px.png\",\"width\":512,\"height\":512,\"caption\":\"Skandia elevator\"},\"image\":{\"@id\":\"https:\\\/\\\/skandiaelevator.com\\\/#\\\/schema\\\/logo\\\/image\\\/\"}}]}<\/script>\n<!-- \/ Yoast SEO plugin. -->","yoast_head_json":{"title":"Syst\u00e8me de d\u00e9nonciation - Skandia elevator","description":"D\u00e9couvrez le syst\u00e8me de d\u00e9nonciation s\u00e9curis\u00e9 de Skandia Elevator. Nous encourageons la transparence, la s\u00e9curit\u00e9 et la possibilit\u00e9 de signaler des fautes professionnelles en toute s\u00e9curit\u00e9.","robots":{"index":"index","follow":"follow","max-snippet":"max-snippet:-1","max-image-preview":"max-image-preview:large","max-video-preview":"max-video-preview:-1"},"canonical":"https:\/\/skandiaelevator.com\/fr\/systeme-de-denonciation\/","og_locale":"fr_FR","og_type":"article","og_title":"Syst\u00e8me de d\u00e9nonciation - Skandia elevator","og_description":"D\u00e9couvrez le syst\u00e8me de d\u00e9nonciation s\u00e9curis\u00e9 de Skandia Elevator. Nous encourageons la transparence, la s\u00e9curit\u00e9 et la possibilit\u00e9 de signaler des fautes professionnelles en toute s\u00e9curit\u00e9.","og_url":"https:\/\/skandiaelevator.com\/fr\/systeme-de-denonciation\/","og_site_name":"Skandia elevator","article_modified_time":"2025-10-07T12:28:38+00:00","og_image":[{"width":512,"height":512,"url":"https:\/\/skandiaelevator.com\/wp-content\/uploads\/2025\/09\/cropped-FAV_512x512px.png","type":"image\/png"}],"twitter_card":"summary_large_image","twitter_misc":{"Dur\u00e9e de lecture estim\u00e9e":"3 minutes"},"schema":{"@context":"https:\/\/schema.org","@graph":[{"@type":"WebPage","@id":"https:\/\/skandiaelevator.com\/fr\/systeme-de-denonciation\/","url":"https:\/\/skandiaelevator.com\/fr\/systeme-de-denonciation\/","name":"Syst\u00e8me de d\u00e9nonciation - Skandia elevator","isPartOf":{"@id":"https:\/\/skandiaelevator.com\/#website"},"datePublished":"2025-09-15T06:49:58+00:00","dateModified":"2025-10-07T12:28:38+00:00","description":"D\u00e9couvrez le syst\u00e8me de d\u00e9nonciation s\u00e9curis\u00e9 de Skandia Elevator. Nous encourageons la transparence, la s\u00e9curit\u00e9 et la possibilit\u00e9 de signaler des fautes professionnelles en toute s\u00e9curit\u00e9.","breadcrumb":{"@id":"https:\/\/skandiaelevator.com\/fr\/systeme-de-denonciation\/#breadcrumb"},"inLanguage":"fr-FR","potentialAction":[{"@type":"ReadAction","target":["https:\/\/skandiaelevator.com\/fr\/systeme-de-denonciation\/"]}]},{"@type":"BreadcrumbList","@id":"https:\/\/skandiaelevator.com\/fr\/systeme-de-denonciation\/#breadcrumb","itemListElement":[{"@type":"ListItem","position":1,"name":"Home","item":"https:\/\/skandiaelevator.com\/"},{"@type":"ListItem","position":2,"name":"Syst\u00e8me de d\u00e9nonciation"}]},{"@type":"WebSite","@id":"https:\/\/skandiaelevator.com\/#website","url":"https:\/\/skandiaelevator.com\/","name":"Skandia elevator","description":"","publisher":{"@id":"https:\/\/skandiaelevator.com\/#organization"},"potentialAction":[{"@type":"SearchAction","target":{"@type":"EntryPoint","urlTemplate":"https:\/\/skandiaelevator.com\/?s={search_term_string}"},"query-input":{"@type":"PropertyValueSpecification","valueRequired":true,"valueName":"search_term_string"}}],"inLanguage":"fr-FR"},{"@type":"Organization","@id":"https:\/\/skandiaelevator.com\/#organization","name":"Skandia elevator","url":"https:\/\/skandiaelevator.com\/","logo":{"@type":"ImageObject","inLanguage":"fr-FR","@id":"https:\/\/skandiaelevator.com\/#\/schema\/logo\/image\/","url":"https:\/\/skandiaelevator.com\/wp-content\/uploads\/2025\/09\/cropped-FAV_512x512px.png","contentUrl":"https:\/\/skandiaelevator.com\/wp-content\/uploads\/2025\/09\/cropped-FAV_512x512px.png","width":512,"height":512,"caption":"Skandia elevator"},"image":{"@id":"https:\/\/skandiaelevator.com\/#\/schema\/logo\/image\/"}}]}},"_links":{"self":[{"href":"https:\/\/skandiaelevator.com\/fr\/wp-json\/wp\/v2\/pages\/7770","targetHints":{"allow":["GET"]}}],"collection":[{"href":"https:\/\/skandiaelevator.com\/fr\/wp-json\/wp\/v2\/pages"}],"about":[{"href":"https:\/\/skandiaelevator.com\/fr\/wp-json\/wp\/v2\/types\/page"}],"author":[{"embeddable":true,"href":"https:\/\/skandiaelevator.com\/fr\/wp-json\/wp\/v2\/users\/1"}],"replies":[{"embeddable":true,"href":"https:\/\/skandiaelevator.com\/fr\/wp-json\/wp\/v2\/comments?post=7770"}],"version-history":[{"count":1,"href":"https:\/\/skandiaelevator.com\/fr\/wp-json\/wp\/v2\/pages\/7770\/revisions"}],"predecessor-version":[{"id":7771,"href":"https:\/\/skandiaelevator.com\/fr\/wp-json\/wp\/v2\/pages\/7770\/revisions\/7771"}],"wp:attachment":[{"href":"https:\/\/skandiaelevator.com\/fr\/wp-json\/wp\/v2\/media?parent=7770"}],"curies":[{"name":"wp","href":"https:\/\/api.w.org\/{rel}","templated":true}]}}