{"id":7751,"date":"2025-09-02T13:03:45","date_gmt":"2025-09-02T13:03:45","guid":{"rendered":"https:\/\/skandiaelevator.com\/politique-de-confidentialite\/"},"modified":"2025-10-07T12:28:10","modified_gmt":"2025-10-07T12:28:10","slug":"politique-de-confidentialite","status":"publish","type":"page","link":"https:\/\/skandiaelevator.com\/fr\/politique-de-confidentialite\/","title":{"rendered":"Politique de confidentialit\u00e9"},"content":{"rendered":"\t\t<div data-elementor-type=\"wp-page\" data-elementor-id=\"7751\" class=\"elementor elementor-7751 elementor-1964\" data-elementor-post-type=\"page\">\n\t\t\t\t<div class=\"elementor-element elementor-element-2201e38 e-flex e-con-boxed e-con e-parent\" data-id=\"2201e38\" data-element_type=\"container\" data-e-type=\"container\">\n\t\t\t\t\t<div class=\"e-con-inner\">\n\t\t\t\t<div class=\"elementor-element elementor-element-779fa54 elementor-widget elementor-widget-breadcrumbs\" data-id=\"779fa54\" data-element_type=\"widget\" data-e-type=\"widget\" data-widget_type=\"breadcrumbs.default\">\n\t\t\t\t\t<p id=\"breadcrumbs\"><span><span><a href=\"https:\/\/skandiaelevator.com\/\">Home<\/a><\/span><\/span><\/p>\t\t\t\t<\/div>\n\t\t\t\t\t<\/div>\n\t\t\t\t<\/div>\n\t\t<div class=\"elementor-element elementor-element-301a6cbb e-flex e-con-boxed e-con e-parent\" data-id=\"301a6cbb\" data-element_type=\"container\" data-e-type=\"container\">\n\t\t\t\t\t<div class=\"e-con-inner\">\n\t\t<div class=\"elementor-element elementor-element-1e0887e1 e-con-full e-flex e-con e-child\" data-id=\"1e0887e1\" data-element_type=\"container\" data-e-type=\"container\">\n\t\t<div class=\"elementor-element elementor-element-705d4547 e-con-full e-flex e-con e-child\" data-id=\"705d4547\" data-element_type=\"container\" data-e-type=\"container\">\n\t\t\t\t<div class=\"elementor-element elementor-element-7c9cbf09 elementor-widget elementor-widget-heading\" data-id=\"7c9cbf09\" data-element_type=\"widget\" data-e-type=\"widget\" data-widget_type=\"heading.default\">\n\t\t\t\t\t<h2 class=\"elementor-heading-title elementor-size-default\">POLITIQUE DE CONFIDENTIALIT\u00c9 (GDPR)<\/h2>\t\t\t\t<\/div>\n\t\t\t\t<\/div>\n\t\t<div class=\"elementor-element elementor-element-675ddb4e e-con-full e-flex e-con e-child\" data-id=\"675ddb4e\" data-element_type=\"container\" data-e-type=\"container\">\n\t\t\t\t<div class=\"elementor-element elementor-element-38f1008d elementor-widget elementor-widget-text-editor\" data-id=\"38f1008d\" data-element_type=\"widget\" data-e-type=\"widget\" data-widget_type=\"text-editor.default\">\n\t\t\t\t\t\t\t\t\t<p>Skandia Elevator prend toutes les mesures appropri\u00e9es pour assurer une protection efficace de la vie priv\u00e9e au sein de l&rsquo;entreprise. Ceci s&rsquo;applique au traitement des donn\u00e9es personnelles des clients, des fournisseurs et du personnel, ainsi que d&rsquo;autres personnes susceptibles d&rsquo;\u00eatre enregistr\u00e9es dans les syst\u00e8mes informatiques de l&rsquo;entreprise.<br>Skandia Elevator est le contr\u00f4leur de donn\u00e9es pour les donn\u00e9es personnelles collect\u00e9es et trait\u00e9es au sein de l&rsquo;entreprise.<br>Skandia Elevator ne stocke que les donn\u00e9es personnelles n\u00e9cessaires \u00e0 l&rsquo;ex\u00e9cution de l&rsquo;accord entre Skandia Elevator et les clients du client, les fournisseurs, les employ\u00e9s ou d&rsquo;autres parties susceptibles d&rsquo;\u00eatre enregistr\u00e9es dans les syst\u00e8mes informatiques de l&rsquo;entreprise. Nous conservons les donn\u00e9es personnelles aussi longtemps que n\u00e9cessaire pour atteindre les objectifs pour lesquels elles ont \u00e9t\u00e9 collect\u00e9es. Les donn\u00e9es peuvent \u00e9galement \u00eatre conserv\u00e9es pendant la p\u00e9riode requise conform\u00e9ment \u00e0 la l\u00e9gislation applicable. Chez Skandia Elevator, nous avons mis en place des routines permanentes qui garantissent que nous ne conservons pas de donn\u00e9es personnelles inutiles et que nous minimisons la dur\u00e9e de conservation dans la mesure du possible.    <br><br><strong>CORRECTION DES ERREURS ET TRANSPARENCE<\/strong><br>Skandia Elevator s&rsquo;efforce de garantir l&rsquo;exactitude de toutes les informations qu&rsquo;elle traite. Si vous souhaitez avoir acc\u00e8s au traitement de vos donn\u00e9es personnelles, vous avez le droit de demander l&rsquo;acc\u00e8s \u00e0 vos donn\u00e9es par le biais d&rsquo;un extrait du registre. Si nous recevons une demande de votre part, nous pouvons vous demander des informations suppl\u00e9mentaires afin de nous assurer que nous donnons vos informations \u00e0 la bonne personne. La demande d&rsquo;extrait du registre doit \u00eatre sign\u00e9e par vous par \u00e9crit. Vous avez \u00e9galement le droit de demander \u00e0 tout moment la rectification de vos donn\u00e9es \u00e0 caract\u00e8re personnel.<br>Vous pouvez demander l&rsquo;effacement de vos donn\u00e9es dans la mesure o\u00f9 cela est conforme \u00e0 la l\u00e9gislation applicable et aux accords conclus, et nous ferons naturellement toujours de notre mieux pour r\u00e9pondre \u00e0 votre demande d&rsquo;effacement. Vous avez \u00e9galement le droit de vous opposer \u00e0 notre traitement (par exemple, si l&rsquo;une des donn\u00e9es collect\u00e9es est incorrecte). Dans certains cas, Skandia Elevator ne peut pas acc\u00e9der \u00e0 votre demande d&rsquo;effacement si les donn\u00e9es sont n\u00e9cessaires pour satisfaire \u00e0 la l\u00e9gislation en vigueur.      <br><br><strong>Contactez-nous :<\/strong><br>Tel : +46 (0)512-797 020<br>Fax : +46 (0)512-134 00<br>Adresse postale : Kedumsv\u00e4gen 14 Arentorp, 534 94 Vara<br>Adresse \u00e9lectronique : info@skandiaelevator.com<br>et demandez \u00e0 \u00eatre mis en contact avec le contr\u00f4leur des donn\u00e9es de l&rsquo;entreprise.<\/p>\t\t\t\t\t\t\t\t<\/div>\n\t\t\t\t<\/div>\n\t\t\t\t<\/div>\n\t\t\t\t\t<\/div>\n\t\t\t\t<\/div>\n\t\t\t\t<\/div>\n\t\t","protected":false},"excerpt":{"rendered":"<p>POLITIQUE DE CONFIDENTIALIT\u00c9 (GDPR) Skandia Elevator prend toutes les mesures appropri\u00e9es pour assurer une protection efficace de la vie priv\u00e9e au sein de l&rsquo;entreprise. Ceci s&rsquo;applique au traitement des donn\u00e9es personnelles des clients, des fournisseurs et du personnel, ainsi que d&rsquo;autres personnes susceptibles d&rsquo;\u00eatre enregistr\u00e9es dans les syst\u00e8mes informatiques de l&rsquo;entreprise.Skandia Elevator est le contr\u00f4leur [&hellip;]<\/p>\n","protected":false},"author":1,"featured_media":0,"parent":0,"menu_order":0,"comment_status":"closed","ping_status":"closed","template":"","meta":{"_acf_changed":false,"footnotes":""},"class_list":["post-7751","page","type-page","status-publish","hentry"],"acf":[],"yoast_head":"<!-- This site is optimized with the Yoast SEO plugin v27.5 - https:\/\/yoast.com\/product\/yoast-seo-wordpress\/ -->\n<title>Politique de confidentialit\u00e9 - Skandia elevator<\/title>\n<meta name=\"description\" content=\"D\u00e9couvrez comment Skandia Elevator traite les donn\u00e9es personnelles conform\u00e9ment au GDPR - gestion s\u00e9curis\u00e9e des informations sur les clients, les fournisseurs et les personnes.\" \/>\n<meta name=\"robots\" content=\"index, follow, max-snippet:-1, max-image-preview:large, max-video-preview:-1\" \/>\n<link rel=\"canonical\" href=\"https:\/\/skandiaelevator.com\/fr\/politique-de-confidentialite\/\" \/>\n<meta property=\"og:locale\" content=\"fr_FR\" \/>\n<meta property=\"og:type\" content=\"article\" \/>\n<meta property=\"og:title\" content=\"Politique de confidentialit\u00e9 - Skandia elevator\" \/>\n<meta property=\"og:description\" content=\"D\u00e9couvrez comment Skandia Elevator traite les donn\u00e9es personnelles conform\u00e9ment au GDPR - gestion s\u00e9curis\u00e9e des informations sur les clients, les fournisseurs et les personnes.\" \/>\n<meta property=\"og:url\" content=\"https:\/\/skandiaelevator.com\/fr\/politique-de-confidentialite\/\" \/>\n<meta property=\"og:site_name\" content=\"Skandia elevator\" \/>\n<meta property=\"article:modified_time\" content=\"2025-10-07T12:28:10+00:00\" \/>\n<meta property=\"og:image\" content=\"https:\/\/skandiaelevator.com\/wp-content\/uploads\/2025\/09\/cropped-FAV_512x512px.png\" \/>\n\t<meta property=\"og:image:width\" content=\"512\" \/>\n\t<meta property=\"og:image:height\" content=\"512\" \/>\n\t<meta property=\"og:image:type\" content=\"image\/png\" \/>\n<meta name=\"twitter:card\" content=\"summary_large_image\" \/>\n<meta name=\"twitter:label1\" content=\"Dur\u00e9e de lecture estim\u00e9e\" \/>\n\t<meta name=\"twitter:data1\" content=\"2 minutes\" \/>\n<script type=\"application\/ld+json\" class=\"yoast-schema-graph\">{\"@context\":\"https:\\\/\\\/schema.org\",\"@graph\":[{\"@type\":\"WebPage\",\"@id\":\"https:\\\/\\\/skandiaelevator.com\\\/fr\\\/politique-de-confidentialite\\\/\",\"url\":\"https:\\\/\\\/skandiaelevator.com\\\/fr\\\/politique-de-confidentialite\\\/\",\"name\":\"Politique de confidentialit\u00e9 - Skandia elevator\",\"isPartOf\":{\"@id\":\"https:\\\/\\\/skandiaelevator.com\\\/#website\"},\"datePublished\":\"2025-09-02T13:03:45+00:00\",\"dateModified\":\"2025-10-07T12:28:10+00:00\",\"description\":\"D\u00e9couvrez comment Skandia Elevator traite les donn\u00e9es personnelles conform\u00e9ment au GDPR - gestion s\u00e9curis\u00e9e des informations sur les clients, les fournisseurs et les personnes.\",\"breadcrumb\":{\"@id\":\"https:\\\/\\\/skandiaelevator.com\\\/fr\\\/politique-de-confidentialite\\\/#breadcrumb\"},\"inLanguage\":\"fr-FR\",\"potentialAction\":[{\"@type\":\"ReadAction\",\"target\":[\"https:\\\/\\\/skandiaelevator.com\\\/fr\\\/politique-de-confidentialite\\\/\"]}]},{\"@type\":\"BreadcrumbList\",\"@id\":\"https:\\\/\\\/skandiaelevator.com\\\/fr\\\/politique-de-confidentialite\\\/#breadcrumb\",\"itemListElement\":[{\"@type\":\"ListItem\",\"position\":1,\"name\":\"Home\",\"item\":\"https:\\\/\\\/skandiaelevator.com\\\/\"},{\"@type\":\"ListItem\",\"position\":2,\"name\":\"Politique de confidentialit\u00e9\"}]},{\"@type\":\"WebSite\",\"@id\":\"https:\\\/\\\/skandiaelevator.com\\\/#website\",\"url\":\"https:\\\/\\\/skandiaelevator.com\\\/\",\"name\":\"Skandia elevator\",\"description\":\"\",\"publisher\":{\"@id\":\"https:\\\/\\\/skandiaelevator.com\\\/#organization\"},\"potentialAction\":[{\"@type\":\"SearchAction\",\"target\":{\"@type\":\"EntryPoint\",\"urlTemplate\":\"https:\\\/\\\/skandiaelevator.com\\\/?s={search_term_string}\"},\"query-input\":{\"@type\":\"PropertyValueSpecification\",\"valueRequired\":true,\"valueName\":\"search_term_string\"}}],\"inLanguage\":\"fr-FR\"},{\"@type\":\"Organization\",\"@id\":\"https:\\\/\\\/skandiaelevator.com\\\/#organization\",\"name\":\"Skandia elevator\",\"url\":\"https:\\\/\\\/skandiaelevator.com\\\/\",\"logo\":{\"@type\":\"ImageObject\",\"inLanguage\":\"fr-FR\",\"@id\":\"https:\\\/\\\/skandiaelevator.com\\\/#\\\/schema\\\/logo\\\/image\\\/\",\"url\":\"https:\\\/\\\/skandiaelevator.com\\\/wp-content\\\/uploads\\\/2025\\\/09\\\/cropped-FAV_512x512px.png\",\"contentUrl\":\"https:\\\/\\\/skandiaelevator.com\\\/wp-content\\\/uploads\\\/2025\\\/09\\\/cropped-FAV_512x512px.png\",\"width\":512,\"height\":512,\"caption\":\"Skandia elevator\"},\"image\":{\"@id\":\"https:\\\/\\\/skandiaelevator.com\\\/#\\\/schema\\\/logo\\\/image\\\/\"}}]}<\/script>\n<!-- \/ Yoast SEO plugin. -->","yoast_head_json":{"title":"Politique de confidentialit\u00e9 - Skandia elevator","description":"D\u00e9couvrez comment Skandia Elevator traite les donn\u00e9es personnelles conform\u00e9ment au GDPR - gestion s\u00e9curis\u00e9e des informations sur les clients, les fournisseurs et les personnes.","robots":{"index":"index","follow":"follow","max-snippet":"max-snippet:-1","max-image-preview":"max-image-preview:large","max-video-preview":"max-video-preview:-1"},"canonical":"https:\/\/skandiaelevator.com\/fr\/politique-de-confidentialite\/","og_locale":"fr_FR","og_type":"article","og_title":"Politique de confidentialit\u00e9 - Skandia elevator","og_description":"D\u00e9couvrez comment Skandia Elevator traite les donn\u00e9es personnelles conform\u00e9ment au GDPR - gestion s\u00e9curis\u00e9e des informations sur les clients, les fournisseurs et les personnes.","og_url":"https:\/\/skandiaelevator.com\/fr\/politique-de-confidentialite\/","og_site_name":"Skandia elevator","article_modified_time":"2025-10-07T12:28:10+00:00","og_image":[{"width":512,"height":512,"url":"https:\/\/skandiaelevator.com\/wp-content\/uploads\/2025\/09\/cropped-FAV_512x512px.png","type":"image\/png"}],"twitter_card":"summary_large_image","twitter_misc":{"Dur\u00e9e de lecture estim\u00e9e":"2 minutes"},"schema":{"@context":"https:\/\/schema.org","@graph":[{"@type":"WebPage","@id":"https:\/\/skandiaelevator.com\/fr\/politique-de-confidentialite\/","url":"https:\/\/skandiaelevator.com\/fr\/politique-de-confidentialite\/","name":"Politique de confidentialit\u00e9 - Skandia elevator","isPartOf":{"@id":"https:\/\/skandiaelevator.com\/#website"},"datePublished":"2025-09-02T13:03:45+00:00","dateModified":"2025-10-07T12:28:10+00:00","description":"D\u00e9couvrez comment Skandia Elevator traite les donn\u00e9es personnelles conform\u00e9ment au GDPR - gestion s\u00e9curis\u00e9e des informations sur les clients, les fournisseurs et les personnes.","breadcrumb":{"@id":"https:\/\/skandiaelevator.com\/fr\/politique-de-confidentialite\/#breadcrumb"},"inLanguage":"fr-FR","potentialAction":[{"@type":"ReadAction","target":["https:\/\/skandiaelevator.com\/fr\/politique-de-confidentialite\/"]}]},{"@type":"BreadcrumbList","@id":"https:\/\/skandiaelevator.com\/fr\/politique-de-confidentialite\/#breadcrumb","itemListElement":[{"@type":"ListItem","position":1,"name":"Home","item":"https:\/\/skandiaelevator.com\/"},{"@type":"ListItem","position":2,"name":"Politique de confidentialit\u00e9"}]},{"@type":"WebSite","@id":"https:\/\/skandiaelevator.com\/#website","url":"https:\/\/skandiaelevator.com\/","name":"Skandia elevator","description":"","publisher":{"@id":"https:\/\/skandiaelevator.com\/#organization"},"potentialAction":[{"@type":"SearchAction","target":{"@type":"EntryPoint","urlTemplate":"https:\/\/skandiaelevator.com\/?s={search_term_string}"},"query-input":{"@type":"PropertyValueSpecification","valueRequired":true,"valueName":"search_term_string"}}],"inLanguage":"fr-FR"},{"@type":"Organization","@id":"https:\/\/skandiaelevator.com\/#organization","name":"Skandia elevator","url":"https:\/\/skandiaelevator.com\/","logo":{"@type":"ImageObject","inLanguage":"fr-FR","@id":"https:\/\/skandiaelevator.com\/#\/schema\/logo\/image\/","url":"https:\/\/skandiaelevator.com\/wp-content\/uploads\/2025\/09\/cropped-FAV_512x512px.png","contentUrl":"https:\/\/skandiaelevator.com\/wp-content\/uploads\/2025\/09\/cropped-FAV_512x512px.png","width":512,"height":512,"caption":"Skandia elevator"},"image":{"@id":"https:\/\/skandiaelevator.com\/#\/schema\/logo\/image\/"}}]}},"_links":{"self":[{"href":"https:\/\/skandiaelevator.com\/fr\/wp-json\/wp\/v2\/pages\/7751","targetHints":{"allow":["GET"]}}],"collection":[{"href":"https:\/\/skandiaelevator.com\/fr\/wp-json\/wp\/v2\/pages"}],"about":[{"href":"https:\/\/skandiaelevator.com\/fr\/wp-json\/wp\/v2\/types\/page"}],"author":[{"embeddable":true,"href":"https:\/\/skandiaelevator.com\/fr\/wp-json\/wp\/v2\/users\/1"}],"replies":[{"embeddable":true,"href":"https:\/\/skandiaelevator.com\/fr\/wp-json\/wp\/v2\/comments?post=7751"}],"version-history":[{"count":1,"href":"https:\/\/skandiaelevator.com\/fr\/wp-json\/wp\/v2\/pages\/7751\/revisions"}],"predecessor-version":[{"id":7753,"href":"https:\/\/skandiaelevator.com\/fr\/wp-json\/wp\/v2\/pages\/7751\/revisions\/7753"}],"wp:attachment":[{"href":"https:\/\/skandiaelevator.com\/fr\/wp-json\/wp\/v2\/media?parent=7751"}],"curies":[{"name":"wp","href":"https:\/\/api.w.org\/{rel}","templated":true}]}}