{"id":7742,"date":"2025-09-02T17:16:18","date_gmt":"2025-09-02T17:16:18","guid":{"rendered":"https:\/\/skandiaelevator.com\/telechargements\/"},"modified":"2025-10-07T12:28:15","modified_gmt":"2025-10-07T12:28:15","slug":"telechargements","status":"publish","type":"page","link":"https:\/\/skandiaelevator.com\/fr\/telechargements\/","title":{"rendered":"T\u00e9l\u00e9chargements"},"content":{"rendered":"\t\t<div data-elementor-type=\"wp-page\" data-elementor-id=\"7742\" class=\"elementor elementor-7742 elementor-2176\" data-elementor-post-type=\"page\">\n\t\t\t\t<div class=\"elementor-element elementor-element-33ba0f3b e-con-full e-flex e-con e-parent\" data-id=\"33ba0f3b\" data-element_type=\"container\" data-e-type=\"container\" data-settings=\"{&quot;background_background&quot;:&quot;classic&quot;}\">\n\t\t<div class=\"elementor-element elementor-element-1d99a0a7 e-flex e-con-boxed e-con e-child\" data-id=\"1d99a0a7\" data-element_type=\"container\" data-e-type=\"container\">\n\t\t\t\t\t<div class=\"e-con-inner\">\n\t\t\t\t<div class=\"elementor-element elementor-element-12f9601 elementor-widget__width-inherit elementor-widget elementor-widget-heading\" data-id=\"12f9601\" data-element_type=\"widget\" data-e-type=\"widget\" data-widget_type=\"heading.default\">\n\t\t\t\t\t<h2 class=\"elementor-heading-title elementor-size-default\">Centre de t\u00e9l\u00e9chargement<\/h2>\t\t\t\t<\/div>\n\t\t\t\t<div class=\"elementor-element elementor-element-6934dc1b elementor-widget__width-initial elementor-widget elementor-widget-text-editor\" data-id=\"6934dc1b\" data-element_type=\"widget\" data-e-type=\"widget\" data-widget_type=\"text-editor.default\">\n\t\t\t\t\t\t\t\t\t<p>Acc\u00e9dez rapidement et facilement aux brochures, manuels, certificats et fiches produits. Tous les fichiers sont r\u00e9guli\u00e8rement mis \u00e0 jour afin que vous disposiez des informations les plus r\u00e9centes. <\/p><p>Pour obtenir du mat\u00e9riel de presse, des logos, des images et plus encore, visitez notre page <a href=\"https:\/\/skandiaelevator.com\/fr\/les-medias\/\">M\u00e9dias.<\/a> <\/p><p>Pour obtenir des documents et du mat\u00e9riel relatifs \u00e0 Grain Cloud, visitez le site <a href=\"https:\/\/graincloud.com\/\" target=\"_blank\" rel=\"noopener\">graincloud.com.<\/a><\/p>\t\t\t\t\t\t\t\t<\/div>\n\t\t\t\t\t<\/div>\n\t\t\t\t<\/div>\n\t\t\t\t<\/div>\n\t\t<div class=\"elementor-element elementor-element-8e436a8 e-con-full e-flex e-con e-parent\" data-id=\"8e436a8\" data-element_type=\"container\" data-e-type=\"container\">\n\t\t\t\t<div class=\"elementor-element elementor-element-f2f3fe4 elementor-widget elementor-widget-html\" data-id=\"f2f3fe4\" data-element_type=\"widget\" data-e-type=\"widget\" data-widget_type=\"html.default\">\n\t\t\t\t\t<iframe src=\"https:\/\/downloads.skandiaelevator.com\/?l=en\" width=\"100%\" height=\"845\" style=\"border:0;\" allowfullscreen=\"\">\n<\/iframe>\n\t\t\t\t<\/div>\n\t\t\t\t<\/div>\n\t\t<div class=\"elementor-element elementor-element-a56fd30 e-flex e-con-boxed e-con e-child\" data-id=\"a56fd30\" data-element_type=\"container\" data-e-type=\"container\" data-settings=\"{&quot;background_background&quot;:&quot;classic&quot;}\">\n\t\t\t\t\t<div class=\"e-con-inner\">\n\t\t<div class=\"elementor-element elementor-element-b96a69f e-con-full e-flex e-con e-child\" data-id=\"b96a69f\" data-element_type=\"container\" data-e-type=\"container\">\n\t\t\t\t<div class=\"elementor-element elementor-element-dc02bdf elementor-widget elementor-widget-text-editor\" data-id=\"dc02bdf\" data-element_type=\"widget\" data-e-type=\"widget\" data-widget_type=\"text-editor.default\">\n\t\t\t\t\t\t\t\t\t<p>Nuage de grains<\/p>\t\t\t\t\t\t\t\t<\/div>\n\t\t\t\t<div class=\"elementor-element elementor-element-9b54ef0 elementor-widget elementor-widget-heading\" data-id=\"9b54ef0\" data-element_type=\"widget\" data-e-type=\"widget\" data-widget_type=\"heading.default\">\n\t\t\t\t\t<h3 class=\"elementor-heading-title elementor-size-default\">Vous recherchez les fiches techniques des produits Grain Cloud<br>?<\/h3>\t\t\t\t<\/div>\n\t\t\t\t<div class=\"elementor-element elementor-element-02ab0c8 elementor-widget elementor-widget-button\" data-id=\"02ab0c8\" data-element_type=\"widget\" data-e-type=\"widget\" data-widget_type=\"button.default\">\n\t\t\t\t\t\t\t\t\t\t<a class=\"elementor-button elementor-button-link elementor-size-sm\" href=\"https:\/\/graincloud.com\/\" target=\"_blank\">\n\t\t\t\t\t\t<span class=\"elementor-button-content-wrapper\">\n\t\t\t\t\t\t\t\t\t<span class=\"elementor-button-text\">Aller sur graincloud.com<\/span>\n\t\t\t\t\t<\/span>\n\t\t\t\t\t<\/a>\n\t\t\t\t\t\t\t\t<\/div>\n\t\t\t\t<\/div>\n\t\t\t\t\t<\/div>\n\t\t\t\t<\/div>\n\t\t\t\t<\/div>\n\t\t","protected":false},"excerpt":{"rendered":"<p>Centre de t\u00e9l\u00e9chargement Acc\u00e9dez rapidement et facilement aux brochures, manuels, certificats et fiches produits. Tous les fichiers sont r\u00e9guli\u00e8rement mis \u00e0 jour afin que vous disposiez des informations les plus r\u00e9centes. Pour obtenir du mat\u00e9riel de presse, des logos, des images et plus encore, visitez notre page M\u00e9dias. Pour obtenir des documents et du mat\u00e9riel [&hellip;]<\/p>\n","protected":false},"author":1,"featured_media":0,"parent":0,"menu_order":0,"comment_status":"closed","ping_status":"closed","template":"","meta":{"_acf_changed":false,"footnotes":""},"class_list":["post-7742","page","type-page","status-publish","hentry"],"acf":[],"yoast_head":"<!-- This site is optimized with the Yoast SEO plugin v27.4 - https:\/\/yoast.com\/product\/yoast-seo-wordpress\/ -->\n<title>T\u00e9l\u00e9chargements - Skandia elevator<\/title>\n<meta name=\"description\" content=\"T\u00e9l\u00e9chargez les brochures, manuels et documents techniques de Skandia Elevator. Trouvez toutes les informations dont vous avez besoin sur nos syst\u00e8mes de manutention des grains.\" \/>\n<meta name=\"robots\" content=\"index, follow, max-snippet:-1, max-image-preview:large, max-video-preview:-1\" \/>\n<link rel=\"canonical\" href=\"https:\/\/skandiaelevator.com\/fr\/telechargements\/\" \/>\n<meta property=\"og:locale\" content=\"fr_FR\" \/>\n<meta property=\"og:type\" content=\"article\" \/>\n<meta property=\"og:title\" content=\"T\u00e9l\u00e9chargements - Skandia elevator\" \/>\n<meta property=\"og:description\" content=\"T\u00e9l\u00e9chargez les brochures, manuels et documents techniques de Skandia Elevator. Trouvez toutes les informations dont vous avez besoin sur nos syst\u00e8mes de manutention des grains.\" \/>\n<meta property=\"og:url\" content=\"https:\/\/skandiaelevator.com\/fr\/telechargements\/\" \/>\n<meta property=\"og:site_name\" content=\"Skandia elevator\" \/>\n<meta property=\"article:modified_time\" content=\"2025-10-07T12:28:15+00:00\" \/>\n<meta property=\"og:image\" content=\"https:\/\/skandiaelevator.com\/wp-content\/uploads\/2025\/09\/cropped-FAV_512x512px.png\" \/>\n\t<meta property=\"og:image:width\" content=\"512\" \/>\n\t<meta property=\"og:image:height\" content=\"512\" \/>\n\t<meta property=\"og:image:type\" content=\"image\/png\" \/>\n<meta name=\"twitter:card\" content=\"summary_large_image\" \/>\n<script type=\"application\/ld+json\" class=\"yoast-schema-graph\">{\"@context\":\"https:\\\/\\\/schema.org\",\"@graph\":[{\"@type\":\"WebPage\",\"@id\":\"https:\\\/\\\/skandiaelevator.com\\\/fr\\\/telechargements\\\/\",\"url\":\"https:\\\/\\\/skandiaelevator.com\\\/fr\\\/telechargements\\\/\",\"name\":\"T\u00e9l\u00e9chargements - Skandia elevator\",\"isPartOf\":{\"@id\":\"https:\\\/\\\/skandiaelevator.com\\\/#website\"},\"datePublished\":\"2025-09-02T17:16:18+00:00\",\"dateModified\":\"2025-10-07T12:28:15+00:00\",\"description\":\"T\u00e9l\u00e9chargez les brochures, manuels et documents techniques de Skandia Elevator. Trouvez toutes les informations dont vous avez besoin sur nos syst\u00e8mes de manutention des grains.\",\"breadcrumb\":{\"@id\":\"https:\\\/\\\/skandiaelevator.com\\\/fr\\\/telechargements\\\/#breadcrumb\"},\"inLanguage\":\"fr-FR\",\"potentialAction\":[{\"@type\":\"ReadAction\",\"target\":[\"https:\\\/\\\/skandiaelevator.com\\\/fr\\\/telechargements\\\/\"]}]},{\"@type\":\"BreadcrumbList\",\"@id\":\"https:\\\/\\\/skandiaelevator.com\\\/fr\\\/telechargements\\\/#breadcrumb\",\"itemListElement\":[{\"@type\":\"ListItem\",\"position\":1,\"name\":\"Home\",\"item\":\"https:\\\/\\\/skandiaelevator.com\\\/\"},{\"@type\":\"ListItem\",\"position\":2,\"name\":\"T\u00e9l\u00e9chargements\"}]},{\"@type\":\"WebSite\",\"@id\":\"https:\\\/\\\/skandiaelevator.com\\\/#website\",\"url\":\"https:\\\/\\\/skandiaelevator.com\\\/\",\"name\":\"Skandia elevator\",\"description\":\"\",\"publisher\":{\"@id\":\"https:\\\/\\\/skandiaelevator.com\\\/#organization\"},\"potentialAction\":[{\"@type\":\"SearchAction\",\"target\":{\"@type\":\"EntryPoint\",\"urlTemplate\":\"https:\\\/\\\/skandiaelevator.com\\\/?s={search_term_string}\"},\"query-input\":{\"@type\":\"PropertyValueSpecification\",\"valueRequired\":true,\"valueName\":\"search_term_string\"}}],\"inLanguage\":\"fr-FR\"},{\"@type\":\"Organization\",\"@id\":\"https:\\\/\\\/skandiaelevator.com\\\/#organization\",\"name\":\"Skandia elevator\",\"url\":\"https:\\\/\\\/skandiaelevator.com\\\/\",\"logo\":{\"@type\":\"ImageObject\",\"inLanguage\":\"fr-FR\",\"@id\":\"https:\\\/\\\/skandiaelevator.com\\\/#\\\/schema\\\/logo\\\/image\\\/\",\"url\":\"https:\\\/\\\/skandiaelevator.com\\\/wp-content\\\/uploads\\\/2025\\\/09\\\/cropped-FAV_512x512px.png\",\"contentUrl\":\"https:\\\/\\\/skandiaelevator.com\\\/wp-content\\\/uploads\\\/2025\\\/09\\\/cropped-FAV_512x512px.png\",\"width\":512,\"height\":512,\"caption\":\"Skandia elevator\"},\"image\":{\"@id\":\"https:\\\/\\\/skandiaelevator.com\\\/#\\\/schema\\\/logo\\\/image\\\/\"}}]}<\/script>\n<!-- \/ Yoast SEO plugin. -->","yoast_head_json":{"title":"T\u00e9l\u00e9chargements - Skandia elevator","description":"T\u00e9l\u00e9chargez les brochures, manuels et documents techniques de Skandia Elevator. Trouvez toutes les informations dont vous avez besoin sur nos syst\u00e8mes de manutention des grains.","robots":{"index":"index","follow":"follow","max-snippet":"max-snippet:-1","max-image-preview":"max-image-preview:large","max-video-preview":"max-video-preview:-1"},"canonical":"https:\/\/skandiaelevator.com\/fr\/telechargements\/","og_locale":"fr_FR","og_type":"article","og_title":"T\u00e9l\u00e9chargements - Skandia elevator","og_description":"T\u00e9l\u00e9chargez les brochures, manuels et documents techniques de Skandia Elevator. Trouvez toutes les informations dont vous avez besoin sur nos syst\u00e8mes de manutention des grains.","og_url":"https:\/\/skandiaelevator.com\/fr\/telechargements\/","og_site_name":"Skandia elevator","article_modified_time":"2025-10-07T12:28:15+00:00","og_image":[{"width":512,"height":512,"url":"https:\/\/skandiaelevator.com\/wp-content\/uploads\/2025\/09\/cropped-FAV_512x512px.png","type":"image\/png"}],"twitter_card":"summary_large_image","schema":{"@context":"https:\/\/schema.org","@graph":[{"@type":"WebPage","@id":"https:\/\/skandiaelevator.com\/fr\/telechargements\/","url":"https:\/\/skandiaelevator.com\/fr\/telechargements\/","name":"T\u00e9l\u00e9chargements - Skandia elevator","isPartOf":{"@id":"https:\/\/skandiaelevator.com\/#website"},"datePublished":"2025-09-02T17:16:18+00:00","dateModified":"2025-10-07T12:28:15+00:00","description":"T\u00e9l\u00e9chargez les brochures, manuels et documents techniques de Skandia Elevator. Trouvez toutes les informations dont vous avez besoin sur nos syst\u00e8mes de manutention des grains.","breadcrumb":{"@id":"https:\/\/skandiaelevator.com\/fr\/telechargements\/#breadcrumb"},"inLanguage":"fr-FR","potentialAction":[{"@type":"ReadAction","target":["https:\/\/skandiaelevator.com\/fr\/telechargements\/"]}]},{"@type":"BreadcrumbList","@id":"https:\/\/skandiaelevator.com\/fr\/telechargements\/#breadcrumb","itemListElement":[{"@type":"ListItem","position":1,"name":"Home","item":"https:\/\/skandiaelevator.com\/"},{"@type":"ListItem","position":2,"name":"T\u00e9l\u00e9chargements"}]},{"@type":"WebSite","@id":"https:\/\/skandiaelevator.com\/#website","url":"https:\/\/skandiaelevator.com\/","name":"Skandia elevator","description":"","publisher":{"@id":"https:\/\/skandiaelevator.com\/#organization"},"potentialAction":[{"@type":"SearchAction","target":{"@type":"EntryPoint","urlTemplate":"https:\/\/skandiaelevator.com\/?s={search_term_string}"},"query-input":{"@type":"PropertyValueSpecification","valueRequired":true,"valueName":"search_term_string"}}],"inLanguage":"fr-FR"},{"@type":"Organization","@id":"https:\/\/skandiaelevator.com\/#organization","name":"Skandia elevator","url":"https:\/\/skandiaelevator.com\/","logo":{"@type":"ImageObject","inLanguage":"fr-FR","@id":"https:\/\/skandiaelevator.com\/#\/schema\/logo\/image\/","url":"https:\/\/skandiaelevator.com\/wp-content\/uploads\/2025\/09\/cropped-FAV_512x512px.png","contentUrl":"https:\/\/skandiaelevator.com\/wp-content\/uploads\/2025\/09\/cropped-FAV_512x512px.png","width":512,"height":512,"caption":"Skandia elevator"},"image":{"@id":"https:\/\/skandiaelevator.com\/#\/schema\/logo\/image\/"}}]}},"_links":{"self":[{"href":"https:\/\/skandiaelevator.com\/fr\/wp-json\/wp\/v2\/pages\/7742","targetHints":{"allow":["GET"]}}],"collection":[{"href":"https:\/\/skandiaelevator.com\/fr\/wp-json\/wp\/v2\/pages"}],"about":[{"href":"https:\/\/skandiaelevator.com\/fr\/wp-json\/wp\/v2\/types\/page"}],"author":[{"embeddable":true,"href":"https:\/\/skandiaelevator.com\/fr\/wp-json\/wp\/v2\/users\/1"}],"replies":[{"embeddable":true,"href":"https:\/\/skandiaelevator.com\/fr\/wp-json\/wp\/v2\/comments?post=7742"}],"version-history":[{"count":2,"href":"https:\/\/skandiaelevator.com\/fr\/wp-json\/wp\/v2\/pages\/7742\/revisions"}],"predecessor-version":[{"id":7755,"href":"https:\/\/skandiaelevator.com\/fr\/wp-json\/wp\/v2\/pages\/7742\/revisions\/7755"}],"wp:attachment":[{"href":"https:\/\/skandiaelevator.com\/fr\/wp-json\/wp\/v2\/media?parent=7742"}],"curies":[{"name":"wp","href":"https:\/\/api.w.org\/{rel}","templated":true}]}}