{"id":7734,"date":"2025-09-02T13:04:43","date_gmt":"2025-09-02T13:04:43","guid":{"rendered":"https:\/\/skandiaelevator.com\/certifications\/"},"modified":"2026-01-26T11:16:08","modified_gmt":"2026-01-26T11:16:08","slug":"certifications","status":"publish","type":"page","link":"https:\/\/skandiaelevator.com\/fr\/certifications\/","title":{"rendered":"Certifications"},"content":{"rendered":"\t\t<div data-elementor-type=\"wp-page\" data-elementor-id=\"7734\" class=\"elementor elementor-7734 elementor-1968\" data-elementor-post-type=\"page\">\n\t\t\t\t<div class=\"elementor-element elementor-element-1c8bc4bb e-flex e-con-boxed e-con e-parent\" data-id=\"1c8bc4bb\" data-element_type=\"container\" data-e-type=\"container\">\n\t\t\t\t\t<div class=\"e-con-inner\">\n\t\t<div class=\"elementor-element elementor-element-46ed739c e-con-full e-flex e-con e-child\" data-id=\"46ed739c\" data-element_type=\"container\" data-e-type=\"container\">\n\t\t<div class=\"elementor-element elementor-element-13b92e86 e-con-full e-flex e-con e-child\" data-id=\"13b92e86\" data-element_type=\"container\" data-e-type=\"container\">\n\t\t\t\t<div class=\"elementor-element elementor-element-923ace2 elementor-widget elementor-widget-heading\" data-id=\"923ace2\" data-element_type=\"widget\" data-e-type=\"widget\" data-widget_type=\"heading.default\">\n\t\t\t\t\t<h2 class=\"elementor-heading-title elementor-size-default\">Nous sommes certifi\u00e9s ISO 9001<\/h2>\t\t\t\t<\/div>\n\t\t\t\t<\/div>\n\t\t<div class=\"elementor-element elementor-element-23b2c8a2 e-con-full e-flex e-con e-child\" data-id=\"23b2c8a2\" data-element_type=\"container\" data-e-type=\"container\">\n\t\t\t\t<div class=\"elementor-element elementor-element-52178d8 elementor-widget elementor-widget-text-editor\" data-id=\"52178d8\" data-element_type=\"widget\" data-e-type=\"widget\" data-widget_type=\"text-editor.default\">\n\t\t\t\t\t\t\t\t\t<p>Chez Skandia Elevator, nous nous effor\u00e7ons en permanence de fournir des produits et des services de la plus haute qualit\u00e9. Dans le cadre de cet effort, nous sommes certifi\u00e9s ISO 9001, une norme internationalement reconnue pour les syst\u00e8mes de gestion de la qualit\u00e9.Pour nous, cette certification est la preuve que nous disposons de processus structur\u00e9s, de proc\u00e9dures claires et d\u2019un \u00e9tat d\u2019esprit d\u2019am\u00e9lioration continue \u2013 tout cela pour garantir que nous r\u00e9pondons aux exigences et aux attentes de nos clients.<\/p><p>Notre travail sur la qualit\u00e9 impr\u00e8gne l\u2019ensemble de l\u2019entreprise et constitue une part importante de notre histoire ainsi que de notre d\u00e9veloppement futur \u00e0 long terme.<\/p>\t\t\t\t\t\t\t\t<\/div>\n\t\t\t\t<div class=\"elementor-element elementor-element-4dc951c elementor-widget elementor-widget-button\" data-id=\"4dc951c\" data-element_type=\"widget\" data-e-type=\"widget\" data-widget_type=\"button.default\">\n\t\t\t\t\t\t\t\t\t\t<a class=\"elementor-button elementor-button-link elementor-size-sm\" href=\"https:\/\/skandiaelevator.com\/wp-content\/uploads\/2026\/01\/Certifikat-2025-ENG.pdf\">\n\t\t\t\t\t\t<span class=\"elementor-button-content-wrapper\">\n\t\t\t\t\t\t\t\t\t<span class=\"elementor-button-text\">T\u00c9L\u00c9CHARGER LE CERTIFICAT<\/span>\n\t\t\t\t\t<\/span>\n\t\t\t\t\t<\/a>\n\t\t\t\t\t\t\t\t<\/div>\n\t\t\t\t<\/div>\n\t\t\t\t<\/div>\n\t\t\t\t\t<\/div>\n\t\t\t\t<\/div>\n\t\t<div class=\"elementor-element elementor-element-ce82223 e-flex e-con-boxed e-con e-parent\" data-id=\"ce82223\" data-element_type=\"container\" data-e-type=\"container\">\n\t\t\t\t\t<div class=\"e-con-inner\">\n\t\t<div class=\"elementor-element elementor-element-1a0442b e-con-full e-flex e-con e-child\" data-id=\"1a0442b\" data-element_type=\"container\" data-e-type=\"container\">\n\t\t<div class=\"elementor-element elementor-element-6877537 e-con-full e-flex e-con e-child\" data-id=\"6877537\" data-element_type=\"container\" data-e-type=\"container\">\n\t\t\t\t<div class=\"elementor-element elementor-element-1e0db4d elementor-widget elementor-widget-heading\" data-id=\"1e0db4d\" data-element_type=\"widget\" data-e-type=\"widget\" data-widget_type=\"heading.default\">\n\t\t\t\t\t<h2 class=\"elementor-heading-title elementor-size-default\">Certifi\u00e9 EX &amp; ATEX<\/h2>\t\t\t\t<\/div>\n\t\t\t\t<\/div>\n\t\t<div class=\"elementor-element elementor-element-ceccc97 e-con-full e-flex e-con e-child\" data-id=\"ceccc97\" data-element_type=\"container\" data-e-type=\"container\">\n\t\t\t\t<div class=\"elementor-element elementor-element-035b3ba elementor-widget elementor-widget-text-editor\" data-id=\"035b3ba\" data-element_type=\"widget\" data-e-type=\"widget\" data-widget_type=\"text-editor.default\">\n\t\t\t\t\t\t\t\t\t<p>La s\u00e9curit\u00e9 est cruciale lors du stockage des c\u00e9r\u00e9ales, en particulier dans les environnements o\u00f9 les explosions de poussi\u00e8res peuvent constituer un risque. C&rsquo;est pourquoi nos syst\u00e8mes de surveillance de la temp\u00e9rature pour les silos \u00e0 grains sont class\u00e9s EX et certifi\u00e9s conform\u00e9ment aux directives ATEX applicables. Cela signifie qu&rsquo;ils sont approuv\u00e9s pour une utilisation dans des environnements poussi\u00e9reux explosifs (par exemple, zone 20, 21 ou 22, selon l&rsquo;installation).  <br><br><strong>Les syst\u00e8mes sont d\u00e9velopp\u00e9s pour :<\/strong><br>&#8211; Mesurer en toute s\u00e9curit\u00e9 et en temps r\u00e9el l&rsquo;int\u00e9rieur du silo, m\u00eame dans des conditions difficiles<br>&#8211; Pr\u00e9venir la surchauffe et la combustion spontan\u00e9e gr\u00e2ce \u00e0 une alerte pr\u00e9coce<br>&#8211; R\u00e9pondre \u00e0 des exigences strictes en mati\u00e8re de s\u00e9curit\u00e9 et de fiabilit\u00e9 op\u00e9rationnelle<\/p><p><br>Tous les composants &#8211; des capteurs \u00e0 l&rsquo;unit\u00e9 \u00e9lectronique &#8211; sont test\u00e9s et certifi\u00e9s conform\u00e9ment aux normes en vigueur et sont livr\u00e9s avec une documentation compl\u00e8te et un \u00e9tiquetage ATEX.<br><br>Avec nos solutions homologu\u00e9es ATEX, vous b\u00e9n\u00e9ficiez d&rsquo;une surveillance de la temp\u00e9rature s\u00fbre et \u00e0 long terme qui contribue \u00e0 la fois \u00e0 la protection contre les incendies et \u00e0 l&rsquo;assurance qualit\u00e9 dans le cadre de la manutention des c\u00e9r\u00e9ales.<\/p>\t\t\t\t\t\t\t\t<\/div>\n\t\t\t\t<div class=\"elementor-element elementor-element-0a514f8 elementor-widget elementor-widget-button\" data-id=\"0a514f8\" data-element_type=\"widget\" data-e-type=\"widget\" data-widget_type=\"button.default\">\n\t\t\t\t\t\t\t\t\t\t<a class=\"elementor-button elementor-button-link elementor-size-sm\" href=\"https:\/\/skandiaelevator.com\/wp-content\/uploads\/2026\/01\/ExVeritas-22UKQAN0244-Issue-1.pdf\">\n\t\t\t\t\t\t<span class=\"elementor-button-content-wrapper\">\n\t\t\t\t\t\t\t\t\t<span class=\"elementor-button-text\">T\u00c9L\u00c9CHARGER LE CERTIFICAT EX<\/span>\n\t\t\t\t\t<\/span>\n\t\t\t\t\t<\/a>\n\t\t\t\t\t\t\t\t<\/div>\n\t\t\t\t<div class=\"elementor-element elementor-element-48e743c elementor-widget elementor-widget-button\" data-id=\"48e743c\" data-element_type=\"widget\" data-e-type=\"widget\" data-widget_type=\"button.default\">\n\t\t\t\t\t\t\t\t\t\t<a class=\"elementor-button elementor-button-link elementor-size-sm\" href=\"https:\/\/skandiaelevator.com\/wp-content\/uploads\/2026\/01\/ExVeritas-22PQAN0232-Issue-1.pdf\">\n\t\t\t\t\t\t<span class=\"elementor-button-content-wrapper\">\n\t\t\t\t\t\t\t\t\t<span class=\"elementor-button-text\">T\u00e9l\u00e9charger le certificat ATEX<\/span>\n\t\t\t\t\t<\/span>\n\t\t\t\t\t<\/a>\n\t\t\t\t\t\t\t\t<\/div>\n\t\t\t\t<\/div>\n\t\t\t\t<\/div>\n\t\t\t\t\t<\/div>\n\t\t\t\t<\/div>\n\t\t\t\t<\/div>\n\t\t","protected":false},"excerpt":{"rendered":"<p>Nous sommes certifi\u00e9s ISO 9001 Chez Skandia Elevator, nous nous effor\u00e7ons en permanence de fournir des produits et des services de la plus haute qualit\u00e9. Dans le cadre de cet effort, nous sommes certifi\u00e9s ISO 9001, une norme internationalement reconnue pour les syst\u00e8mes de gestion de la qualit\u00e9.Pour nous, cette certification est la preuve que [&hellip;]<\/p>\n","protected":false},"author":1,"featured_media":0,"parent":0,"menu_order":0,"comment_status":"closed","ping_status":"closed","template":"","meta":{"_acf_changed":false,"footnotes":""},"class_list":["post-7734","page","type-page","status-publish","hentry"],"acf":[],"yoast_head":"<!-- This site is optimized with the Yoast SEO plugin v27.4 - https:\/\/yoast.com\/product\/yoast-seo-wordpress\/ -->\n<title>Certifications - Skandia elevator<\/title>\n<meta name=\"description\" content=\"D\u00e9couvrez les diff\u00e9rentes certifications de Skandia Elevator qui garantissent la qualit\u00e9, la s\u00e9curit\u00e9 et la durabilit\u00e9 de nos syst\u00e8mes intelligents de manutention des c\u00e9r\u00e9ales.\" \/>\n<meta name=\"robots\" content=\"index, follow, max-snippet:-1, max-image-preview:large, max-video-preview:-1\" \/>\n<link rel=\"canonical\" href=\"https:\/\/skandiaelevator.com\/fr\/certifications\/\" \/>\n<meta property=\"og:locale\" content=\"fr_FR\" \/>\n<meta property=\"og:type\" content=\"article\" \/>\n<meta property=\"og:title\" content=\"Certifications - Skandia elevator\" \/>\n<meta property=\"og:description\" content=\"D\u00e9couvrez les diff\u00e9rentes certifications de Skandia Elevator qui garantissent la qualit\u00e9, la s\u00e9curit\u00e9 et la durabilit\u00e9 de nos syst\u00e8mes intelligents de manutention des c\u00e9r\u00e9ales.\" \/>\n<meta property=\"og:url\" content=\"https:\/\/skandiaelevator.com\/fr\/certifications\/\" \/>\n<meta property=\"og:site_name\" content=\"Skandia elevator\" \/>\n<meta property=\"article:modified_time\" content=\"2026-01-26T11:16:08+00:00\" \/>\n<meta property=\"og:image\" content=\"https:\/\/skandiaelevator.com\/wp-content\/uploads\/2025\/09\/cropped-FAV_512x512px.png\" \/>\n\t<meta property=\"og:image:width\" content=\"512\" \/>\n\t<meta property=\"og:image:height\" content=\"512\" \/>\n\t<meta property=\"og:image:type\" content=\"image\/png\" \/>\n<meta name=\"twitter:card\" content=\"summary_large_image\" \/>\n<meta name=\"twitter:label1\" content=\"Dur\u00e9e de lecture estim\u00e9e\" \/>\n\t<meta name=\"twitter:data1\" content=\"2 minutes\" \/>\n<script type=\"application\/ld+json\" class=\"yoast-schema-graph\">{\"@context\":\"https:\\\/\\\/schema.org\",\"@graph\":[{\"@type\":\"WebPage\",\"@id\":\"https:\\\/\\\/skandiaelevator.com\\\/fr\\\/certifications\\\/\",\"url\":\"https:\\\/\\\/skandiaelevator.com\\\/fr\\\/certifications\\\/\",\"name\":\"Certifications - Skandia elevator\",\"isPartOf\":{\"@id\":\"https:\\\/\\\/skandiaelevator.com\\\/#website\"},\"datePublished\":\"2025-09-02T13:04:43+00:00\",\"dateModified\":\"2026-01-26T11:16:08+00:00\",\"description\":\"D\u00e9couvrez les diff\u00e9rentes certifications de Skandia Elevator qui garantissent la qualit\u00e9, la s\u00e9curit\u00e9 et la durabilit\u00e9 de nos syst\u00e8mes intelligents de manutention des c\u00e9r\u00e9ales.\",\"breadcrumb\":{\"@id\":\"https:\\\/\\\/skandiaelevator.com\\\/fr\\\/certifications\\\/#breadcrumb\"},\"inLanguage\":\"fr-FR\",\"potentialAction\":[{\"@type\":\"ReadAction\",\"target\":[\"https:\\\/\\\/skandiaelevator.com\\\/fr\\\/certifications\\\/\"]}]},{\"@type\":\"BreadcrumbList\",\"@id\":\"https:\\\/\\\/skandiaelevator.com\\\/fr\\\/certifications\\\/#breadcrumb\",\"itemListElement\":[{\"@type\":\"ListItem\",\"position\":1,\"name\":\"Home\",\"item\":\"https:\\\/\\\/skandiaelevator.com\\\/\"},{\"@type\":\"ListItem\",\"position\":2,\"name\":\"Certifications\"}]},{\"@type\":\"WebSite\",\"@id\":\"https:\\\/\\\/skandiaelevator.com\\\/#website\",\"url\":\"https:\\\/\\\/skandiaelevator.com\\\/\",\"name\":\"Skandia elevator\",\"description\":\"\",\"publisher\":{\"@id\":\"https:\\\/\\\/skandiaelevator.com\\\/#organization\"},\"potentialAction\":[{\"@type\":\"SearchAction\",\"target\":{\"@type\":\"EntryPoint\",\"urlTemplate\":\"https:\\\/\\\/skandiaelevator.com\\\/?s={search_term_string}\"},\"query-input\":{\"@type\":\"PropertyValueSpecification\",\"valueRequired\":true,\"valueName\":\"search_term_string\"}}],\"inLanguage\":\"fr-FR\"},{\"@type\":\"Organization\",\"@id\":\"https:\\\/\\\/skandiaelevator.com\\\/#organization\",\"name\":\"Skandia elevator\",\"url\":\"https:\\\/\\\/skandiaelevator.com\\\/\",\"logo\":{\"@type\":\"ImageObject\",\"inLanguage\":\"fr-FR\",\"@id\":\"https:\\\/\\\/skandiaelevator.com\\\/#\\\/schema\\\/logo\\\/image\\\/\",\"url\":\"https:\\\/\\\/skandiaelevator.com\\\/wp-content\\\/uploads\\\/2025\\\/09\\\/cropped-FAV_512x512px.png\",\"contentUrl\":\"https:\\\/\\\/skandiaelevator.com\\\/wp-content\\\/uploads\\\/2025\\\/09\\\/cropped-FAV_512x512px.png\",\"width\":512,\"height\":512,\"caption\":\"Skandia elevator\"},\"image\":{\"@id\":\"https:\\\/\\\/skandiaelevator.com\\\/#\\\/schema\\\/logo\\\/image\\\/\"}}]}<\/script>\n<!-- \/ Yoast SEO plugin. -->","yoast_head_json":{"title":"Certifications - Skandia elevator","description":"D\u00e9couvrez les diff\u00e9rentes certifications de Skandia Elevator qui garantissent la qualit\u00e9, la s\u00e9curit\u00e9 et la durabilit\u00e9 de nos syst\u00e8mes intelligents de manutention des c\u00e9r\u00e9ales.","robots":{"index":"index","follow":"follow","max-snippet":"max-snippet:-1","max-image-preview":"max-image-preview:large","max-video-preview":"max-video-preview:-1"},"canonical":"https:\/\/skandiaelevator.com\/fr\/certifications\/","og_locale":"fr_FR","og_type":"article","og_title":"Certifications - Skandia elevator","og_description":"D\u00e9couvrez les diff\u00e9rentes certifications de Skandia Elevator qui garantissent la qualit\u00e9, la s\u00e9curit\u00e9 et la durabilit\u00e9 de nos syst\u00e8mes intelligents de manutention des c\u00e9r\u00e9ales.","og_url":"https:\/\/skandiaelevator.com\/fr\/certifications\/","og_site_name":"Skandia elevator","article_modified_time":"2026-01-26T11:16:08+00:00","og_image":[{"width":512,"height":512,"url":"https:\/\/skandiaelevator.com\/wp-content\/uploads\/2025\/09\/cropped-FAV_512x512px.png","type":"image\/png"}],"twitter_card":"summary_large_image","twitter_misc":{"Dur\u00e9e de lecture estim\u00e9e":"2 minutes"},"schema":{"@context":"https:\/\/schema.org","@graph":[{"@type":"WebPage","@id":"https:\/\/skandiaelevator.com\/fr\/certifications\/","url":"https:\/\/skandiaelevator.com\/fr\/certifications\/","name":"Certifications - Skandia elevator","isPartOf":{"@id":"https:\/\/skandiaelevator.com\/#website"},"datePublished":"2025-09-02T13:04:43+00:00","dateModified":"2026-01-26T11:16:08+00:00","description":"D\u00e9couvrez les diff\u00e9rentes certifications de Skandia Elevator qui garantissent la qualit\u00e9, la s\u00e9curit\u00e9 et la durabilit\u00e9 de nos syst\u00e8mes intelligents de manutention des c\u00e9r\u00e9ales.","breadcrumb":{"@id":"https:\/\/skandiaelevator.com\/fr\/certifications\/#breadcrumb"},"inLanguage":"fr-FR","potentialAction":[{"@type":"ReadAction","target":["https:\/\/skandiaelevator.com\/fr\/certifications\/"]}]},{"@type":"BreadcrumbList","@id":"https:\/\/skandiaelevator.com\/fr\/certifications\/#breadcrumb","itemListElement":[{"@type":"ListItem","position":1,"name":"Home","item":"https:\/\/skandiaelevator.com\/"},{"@type":"ListItem","position":2,"name":"Certifications"}]},{"@type":"WebSite","@id":"https:\/\/skandiaelevator.com\/#website","url":"https:\/\/skandiaelevator.com\/","name":"Skandia elevator","description":"","publisher":{"@id":"https:\/\/skandiaelevator.com\/#organization"},"potentialAction":[{"@type":"SearchAction","target":{"@type":"EntryPoint","urlTemplate":"https:\/\/skandiaelevator.com\/?s={search_term_string}"},"query-input":{"@type":"PropertyValueSpecification","valueRequired":true,"valueName":"search_term_string"}}],"inLanguage":"fr-FR"},{"@type":"Organization","@id":"https:\/\/skandiaelevator.com\/#organization","name":"Skandia elevator","url":"https:\/\/skandiaelevator.com\/","logo":{"@type":"ImageObject","inLanguage":"fr-FR","@id":"https:\/\/skandiaelevator.com\/#\/schema\/logo\/image\/","url":"https:\/\/skandiaelevator.com\/wp-content\/uploads\/2025\/09\/cropped-FAV_512x512px.png","contentUrl":"https:\/\/skandiaelevator.com\/wp-content\/uploads\/2025\/09\/cropped-FAV_512x512px.png","width":512,"height":512,"caption":"Skandia elevator"},"image":{"@id":"https:\/\/skandiaelevator.com\/#\/schema\/logo\/image\/"}}]}},"_links":{"self":[{"href":"https:\/\/skandiaelevator.com\/fr\/wp-json\/wp\/v2\/pages\/7734","targetHints":{"allow":["GET"]}}],"collection":[{"href":"https:\/\/skandiaelevator.com\/fr\/wp-json\/wp\/v2\/pages"}],"about":[{"href":"https:\/\/skandiaelevator.com\/fr\/wp-json\/wp\/v2\/types\/page"}],"author":[{"embeddable":true,"href":"https:\/\/skandiaelevator.com\/fr\/wp-json\/wp\/v2\/users\/1"}],"replies":[{"embeddable":true,"href":"https:\/\/skandiaelevator.com\/fr\/wp-json\/wp\/v2\/comments?post=7734"}],"version-history":[{"count":4,"href":"https:\/\/skandiaelevator.com\/fr\/wp-json\/wp\/v2\/pages\/7734\/revisions"}],"predecessor-version":[{"id":8592,"href":"https:\/\/skandiaelevator.com\/fr\/wp-json\/wp\/v2\/pages\/7734\/revisions\/8592"}],"wp:attachment":[{"href":"https:\/\/skandiaelevator.com\/fr\/wp-json\/wp\/v2\/media?parent=7734"}],"curies":[{"name":"wp","href":"https:\/\/api.w.org\/{rel}","templated":true}]}}