{"id":7731,"date":"2025-09-02T13:04:18","date_gmt":"2025-09-02T13:04:18","guid":{"rendered":"https:\/\/skandiaelevator.com\/politique-en-matiere-de-cookies\/"},"modified":"2025-10-31T10:32:07","modified_gmt":"2025-10-31T10:32:07","slug":"politique-en-matiere-de-cookies","status":"publish","type":"page","link":"https:\/\/skandiaelevator.com\/fr\/politique-en-matiere-de-cookies\/","title":{"rendered":"Politique en mati\u00e8re de cookies"},"content":{"rendered":"\t\t<div data-elementor-type=\"wp-page\" data-elementor-id=\"7731\" class=\"elementor elementor-7731 elementor-1966\" data-elementor-post-type=\"page\">\n\t\t\t\t<div class=\"elementor-element elementor-element-dfbca4d e-flex e-con-boxed e-con e-parent\" data-id=\"dfbca4d\" data-element_type=\"container\" data-e-type=\"container\">\n\t\t\t\t\t<div class=\"e-con-inner\">\n\t\t\t\t<div class=\"elementor-element elementor-element-3c52b3b elementor-widget elementor-widget-breadcrumbs\" data-id=\"3c52b3b\" data-element_type=\"widget\" data-e-type=\"widget\" data-widget_type=\"breadcrumbs.default\">\n\t\t\t\t\t<p id=\"breadcrumbs\"><span><span><a href=\"https:\/\/skandiaelevator.com\/\">Home<\/a><\/span><\/span><\/p>\t\t\t\t<\/div>\n\t\t\t\t\t<\/div>\n\t\t\t\t<\/div>\n\t\t<div class=\"elementor-element elementor-element-41cf533a e-flex e-con-boxed e-con e-parent\" data-id=\"41cf533a\" data-element_type=\"container\" data-e-type=\"container\">\n\t\t\t\t\t<div class=\"e-con-inner\">\n\t\t<div class=\"elementor-element elementor-element-4a070330 e-con-full e-flex e-con e-child\" data-id=\"4a070330\" data-element_type=\"container\" data-e-type=\"container\">\n\t\t<div class=\"elementor-element elementor-element-14024a16 e-con-full e-flex e-con e-child\" data-id=\"14024a16\" data-element_type=\"container\" data-e-type=\"container\">\n\t\t\t\t<div class=\"elementor-element elementor-element-72c47166 elementor-widget elementor-widget-heading\" data-id=\"72c47166\" data-element_type=\"widget\" data-e-type=\"widget\" data-widget_type=\"heading.default\">\n\t\t\t\t\t<h2 class=\"elementor-heading-title elementor-size-default\">Politique en mati\u00e8re de cookies<\/h2>\t\t\t\t<\/div>\n\t\t\t\t<\/div>\n\t\t<div class=\"elementor-element elementor-element-211c22b6 e-con-full e-flex e-con e-child\" data-id=\"211c22b6\" data-element_type=\"container\" data-e-type=\"container\">\n\t\t\t\t<div class=\"elementor-element elementor-element-485fb118 elementor-widget elementor-widget-text-editor\" data-id=\"485fb118\" data-element_type=\"widget\" data-e-type=\"widget\" data-widget_type=\"text-editor.default\">\n\t\t\t\t\t\t\t\t\t<p><b>\u00c0 propos des cookies sur skandiaelevator.com<br><\/b>Chez Skandia Elevator, nous utilisons des cookies pour vous offrir la meilleure exp\u00e9rience possible sur notre site Web. Les cookies nous aident \u00e0 am\u00e9liorer la fonctionnalit\u00e9, \u00e0 analyser l&rsquo;utilisation du site et, occasionnellement, \u00e0 personnaliser le contenu. <\/p><p><strong>Qu&rsquo;est-ce qu&rsquo;un cookie ?<\/strong><br>Les cookies sont de petits fichiers texte stock\u00e9s sur votre appareil lorsque vous visitez un site web. Ils peuvent \u00eatre utilis\u00e9s pour m\u00e9moriser vos pr\u00e9f\u00e9rences, am\u00e9liorer les performances ou collecter des statistiques anonymes sur l&rsquo;utilisation du site. <\/p><p><strong>Quels types de cookies utilisons-nous ?<\/strong><\/p><ul><li>Cookies n\u00e9cessaires &#8211; n\u00e9cessaires au bon fonctionnement du site web.<\/li><li>Cookies analytiques &#8211; ils nous aident \u00e0 comprendre comment les visiteurs interagissent avec le site.<\/li><li>Cookies fonctionnels &#8211; utilis\u00e9s pour enregistrer les pr\u00e9f\u00e9rences et am\u00e9liorer votre exp\u00e9rience.<\/li><\/ul><p><strong>Gestion des cookies<\/strong><br>Vous pouvez choisir d&rsquo;accepter ou non les cookies. La plupart des navigateurs les acceptent automatiquement, mais vous pouvez r\u00e9gler les param\u00e8tres de votre navigateur pour les bloquer ou les supprimer si vous le souhaitez. <\/p><p><strong>Plus d&rsquo;informations<\/strong><br>Pour en savoir plus sur la mani\u00e8re dont nous traitons les donn\u00e9es personnelles, veuillez consulter notre <a href=\"https:\/\/skandiaelevator.com\/fr\/politique-de-confidentialite\/\">politique de confidentialit\u00e9.<\/a><\/p>\t\t\t\t\t\t\t\t<\/div>\n\t\t\t\t<\/div>\n\t\t\t\t<\/div>\n\t\t\t\t\t<\/div>\n\t\t\t\t<\/div>\n\t\t\t\t<\/div>\n\t\t","protected":false},"excerpt":{"rendered":"<p>Politique en mati\u00e8re de cookies \u00c0 propos des cookies sur skandiaelevator.comChez Skandia Elevator, nous utilisons des cookies pour vous offrir la meilleure exp\u00e9rience possible sur notre site Web. Les cookies nous aident \u00e0 am\u00e9liorer la fonctionnalit\u00e9, \u00e0 analyser l&rsquo;utilisation du site et, occasionnellement, \u00e0 personnaliser le contenu. Qu&rsquo;est-ce qu&rsquo;un cookie ?Les cookies sont de petits [&hellip;]<\/p>\n","protected":false},"author":1,"featured_media":0,"parent":0,"menu_order":0,"comment_status":"closed","ping_status":"closed","template":"","meta":{"_acf_changed":false,"footnotes":""},"class_list":["post-7731","page","type-page","status-publish","hentry"],"acf":[],"yoast_head":"<!-- This site is optimized with the Yoast SEO plugin v27.4 - https:\/\/yoast.com\/product\/yoast-seo-wordpress\/ -->\n<title>Politique en mati\u00e8re de cookies - Skandia elevator<\/title>\n<meta name=\"description\" content=\"Lisez la politique de Skandia Elevator en mati\u00e8re de cookies pour savoir comment nous utilisons les cookies pour am\u00e9liorer votre exp\u00e9rience, analyser le trafic et personnaliser notre contenu Web.\" \/>\n<meta name=\"robots\" content=\"index, follow, max-snippet:-1, max-image-preview:large, max-video-preview:-1\" \/>\n<link rel=\"canonical\" href=\"https:\/\/skandiaelevator.com\/fr\/politique-en-matiere-de-cookies\/\" \/>\n<meta property=\"og:locale\" content=\"fr_FR\" \/>\n<meta property=\"og:type\" content=\"article\" \/>\n<meta property=\"og:title\" content=\"Politique en mati\u00e8re de cookies - Skandia elevator\" \/>\n<meta property=\"og:description\" content=\"Lisez la politique de Skandia Elevator en mati\u00e8re de cookies pour savoir comment nous utilisons les cookies pour am\u00e9liorer votre exp\u00e9rience, analyser le trafic et personnaliser notre contenu Web.\" \/>\n<meta property=\"og:url\" content=\"https:\/\/skandiaelevator.com\/fr\/politique-en-matiere-de-cookies\/\" \/>\n<meta property=\"og:site_name\" content=\"Skandia elevator\" \/>\n<meta property=\"article:modified_time\" content=\"2025-10-31T10:32:07+00:00\" \/>\n<meta property=\"og:image\" content=\"https:\/\/skandiaelevator.com\/wp-content\/uploads\/2025\/09\/cropped-FAV_512x512px.png\" \/>\n\t<meta property=\"og:image:width\" content=\"512\" \/>\n\t<meta property=\"og:image:height\" content=\"512\" \/>\n\t<meta property=\"og:image:type\" content=\"image\/png\" \/>\n<meta name=\"twitter:card\" content=\"summary_large_image\" \/>\n<meta name=\"twitter:label1\" content=\"Dur\u00e9e de lecture estim\u00e9e\" \/>\n\t<meta name=\"twitter:data1\" content=\"1 minute\" \/>\n<script type=\"application\/ld+json\" class=\"yoast-schema-graph\">{\"@context\":\"https:\\\/\\\/schema.org\",\"@graph\":[{\"@type\":\"WebPage\",\"@id\":\"https:\\\/\\\/skandiaelevator.com\\\/fr\\\/politique-en-matiere-de-cookies\\\/\",\"url\":\"https:\\\/\\\/skandiaelevator.com\\\/fr\\\/politique-en-matiere-de-cookies\\\/\",\"name\":\"Politique en mati\u00e8re de cookies - Skandia elevator\",\"isPartOf\":{\"@id\":\"https:\\\/\\\/skandiaelevator.com\\\/#website\"},\"datePublished\":\"2025-09-02T13:04:18+00:00\",\"dateModified\":\"2025-10-31T10:32:07+00:00\",\"description\":\"Lisez la politique de Skandia Elevator en mati\u00e8re de cookies pour savoir comment nous utilisons les cookies pour am\u00e9liorer votre exp\u00e9rience, analyser le trafic et personnaliser notre contenu Web.\",\"breadcrumb\":{\"@id\":\"https:\\\/\\\/skandiaelevator.com\\\/fr\\\/politique-en-matiere-de-cookies\\\/#breadcrumb\"},\"inLanguage\":\"fr-FR\",\"potentialAction\":[{\"@type\":\"ReadAction\",\"target\":[\"https:\\\/\\\/skandiaelevator.com\\\/fr\\\/politique-en-matiere-de-cookies\\\/\"]}]},{\"@type\":\"BreadcrumbList\",\"@id\":\"https:\\\/\\\/skandiaelevator.com\\\/fr\\\/politique-en-matiere-de-cookies\\\/#breadcrumb\",\"itemListElement\":[{\"@type\":\"ListItem\",\"position\":1,\"name\":\"Home\",\"item\":\"https:\\\/\\\/skandiaelevator.com\\\/\"},{\"@type\":\"ListItem\",\"position\":2,\"name\":\"Politique en mati\u00e8re de cookies\"}]},{\"@type\":\"WebSite\",\"@id\":\"https:\\\/\\\/skandiaelevator.com\\\/#website\",\"url\":\"https:\\\/\\\/skandiaelevator.com\\\/\",\"name\":\"Skandia elevator\",\"description\":\"\",\"publisher\":{\"@id\":\"https:\\\/\\\/skandiaelevator.com\\\/#organization\"},\"potentialAction\":[{\"@type\":\"SearchAction\",\"target\":{\"@type\":\"EntryPoint\",\"urlTemplate\":\"https:\\\/\\\/skandiaelevator.com\\\/?s={search_term_string}\"},\"query-input\":{\"@type\":\"PropertyValueSpecification\",\"valueRequired\":true,\"valueName\":\"search_term_string\"}}],\"inLanguage\":\"fr-FR\"},{\"@type\":\"Organization\",\"@id\":\"https:\\\/\\\/skandiaelevator.com\\\/#organization\",\"name\":\"Skandia elevator\",\"url\":\"https:\\\/\\\/skandiaelevator.com\\\/\",\"logo\":{\"@type\":\"ImageObject\",\"inLanguage\":\"fr-FR\",\"@id\":\"https:\\\/\\\/skandiaelevator.com\\\/#\\\/schema\\\/logo\\\/image\\\/\",\"url\":\"https:\\\/\\\/skandiaelevator.com\\\/wp-content\\\/uploads\\\/2025\\\/09\\\/cropped-FAV_512x512px.png\",\"contentUrl\":\"https:\\\/\\\/skandiaelevator.com\\\/wp-content\\\/uploads\\\/2025\\\/09\\\/cropped-FAV_512x512px.png\",\"width\":512,\"height\":512,\"caption\":\"Skandia elevator\"},\"image\":{\"@id\":\"https:\\\/\\\/skandiaelevator.com\\\/#\\\/schema\\\/logo\\\/image\\\/\"}}]}<\/script>\n<!-- \/ Yoast SEO plugin. -->","yoast_head_json":{"title":"Politique en mati\u00e8re de cookies - Skandia elevator","description":"Lisez la politique de Skandia Elevator en mati\u00e8re de cookies pour savoir comment nous utilisons les cookies pour am\u00e9liorer votre exp\u00e9rience, analyser le trafic et personnaliser notre contenu Web.","robots":{"index":"index","follow":"follow","max-snippet":"max-snippet:-1","max-image-preview":"max-image-preview:large","max-video-preview":"max-video-preview:-1"},"canonical":"https:\/\/skandiaelevator.com\/fr\/politique-en-matiere-de-cookies\/","og_locale":"fr_FR","og_type":"article","og_title":"Politique en mati\u00e8re de cookies - Skandia elevator","og_description":"Lisez la politique de Skandia Elevator en mati\u00e8re de cookies pour savoir comment nous utilisons les cookies pour am\u00e9liorer votre exp\u00e9rience, analyser le trafic et personnaliser notre contenu Web.","og_url":"https:\/\/skandiaelevator.com\/fr\/politique-en-matiere-de-cookies\/","og_site_name":"Skandia elevator","article_modified_time":"2025-10-31T10:32:07+00:00","og_image":[{"width":512,"height":512,"url":"https:\/\/skandiaelevator.com\/wp-content\/uploads\/2025\/09\/cropped-FAV_512x512px.png","type":"image\/png"}],"twitter_card":"summary_large_image","twitter_misc":{"Dur\u00e9e de lecture estim\u00e9e":"1 minute"},"schema":{"@context":"https:\/\/schema.org","@graph":[{"@type":"WebPage","@id":"https:\/\/skandiaelevator.com\/fr\/politique-en-matiere-de-cookies\/","url":"https:\/\/skandiaelevator.com\/fr\/politique-en-matiere-de-cookies\/","name":"Politique en mati\u00e8re de cookies - Skandia elevator","isPartOf":{"@id":"https:\/\/skandiaelevator.com\/#website"},"datePublished":"2025-09-02T13:04:18+00:00","dateModified":"2025-10-31T10:32:07+00:00","description":"Lisez la politique de Skandia Elevator en mati\u00e8re de cookies pour savoir comment nous utilisons les cookies pour am\u00e9liorer votre exp\u00e9rience, analyser le trafic et personnaliser notre contenu Web.","breadcrumb":{"@id":"https:\/\/skandiaelevator.com\/fr\/politique-en-matiere-de-cookies\/#breadcrumb"},"inLanguage":"fr-FR","potentialAction":[{"@type":"ReadAction","target":["https:\/\/skandiaelevator.com\/fr\/politique-en-matiere-de-cookies\/"]}]},{"@type":"BreadcrumbList","@id":"https:\/\/skandiaelevator.com\/fr\/politique-en-matiere-de-cookies\/#breadcrumb","itemListElement":[{"@type":"ListItem","position":1,"name":"Home","item":"https:\/\/skandiaelevator.com\/"},{"@type":"ListItem","position":2,"name":"Politique en mati\u00e8re de cookies"}]},{"@type":"WebSite","@id":"https:\/\/skandiaelevator.com\/#website","url":"https:\/\/skandiaelevator.com\/","name":"Skandia elevator","description":"","publisher":{"@id":"https:\/\/skandiaelevator.com\/#organization"},"potentialAction":[{"@type":"SearchAction","target":{"@type":"EntryPoint","urlTemplate":"https:\/\/skandiaelevator.com\/?s={search_term_string}"},"query-input":{"@type":"PropertyValueSpecification","valueRequired":true,"valueName":"search_term_string"}}],"inLanguage":"fr-FR"},{"@type":"Organization","@id":"https:\/\/skandiaelevator.com\/#organization","name":"Skandia elevator","url":"https:\/\/skandiaelevator.com\/","logo":{"@type":"ImageObject","inLanguage":"fr-FR","@id":"https:\/\/skandiaelevator.com\/#\/schema\/logo\/image\/","url":"https:\/\/skandiaelevator.com\/wp-content\/uploads\/2025\/09\/cropped-FAV_512x512px.png","contentUrl":"https:\/\/skandiaelevator.com\/wp-content\/uploads\/2025\/09\/cropped-FAV_512x512px.png","width":512,"height":512,"caption":"Skandia elevator"},"image":{"@id":"https:\/\/skandiaelevator.com\/#\/schema\/logo\/image\/"}}]}},"_links":{"self":[{"href":"https:\/\/skandiaelevator.com\/fr\/wp-json\/wp\/v2\/pages\/7731","targetHints":{"allow":["GET"]}}],"collection":[{"href":"https:\/\/skandiaelevator.com\/fr\/wp-json\/wp\/v2\/pages"}],"about":[{"href":"https:\/\/skandiaelevator.com\/fr\/wp-json\/wp\/v2\/types\/page"}],"author":[{"embeddable":true,"href":"https:\/\/skandiaelevator.com\/fr\/wp-json\/wp\/v2\/users\/1"}],"replies":[{"embeddable":true,"href":"https:\/\/skandiaelevator.com\/fr\/wp-json\/wp\/v2\/comments?post=7731"}],"version-history":[{"count":5,"href":"https:\/\/skandiaelevator.com\/fr\/wp-json\/wp\/v2\/pages\/7731\/revisions"}],"predecessor-version":[{"id":8077,"href":"https:\/\/skandiaelevator.com\/fr\/wp-json\/wp\/v2\/pages\/7731\/revisions\/8077"}],"wp:attachment":[{"href":"https:\/\/skandiaelevator.com\/fr\/wp-json\/wp\/v2\/media?parent=7731"}],"curies":[{"name":"wp","href":"https:\/\/api.w.org\/{rel}","templated":true}]}}