{"id":7592,"date":"2025-09-02T13:04:43","date_gmt":"2025-09-02T13:04:43","guid":{"rendered":"https:\/\/skandiaelevator.com\/zertifizierungen\/"},"modified":"2026-01-26T11:16:59","modified_gmt":"2026-01-26T11:16:59","slug":"zertifizierungen","status":"publish","type":"page","link":"https:\/\/skandiaelevator.com\/de\/zertifizierungen\/","title":{"rendered":"Zertifizierungen"},"content":{"rendered":"\t\t<div data-elementor-type=\"wp-page\" data-elementor-id=\"7592\" class=\"elementor elementor-7592 elementor-1968\" data-elementor-post-type=\"page\">\n\t\t\t\t<div class=\"elementor-element elementor-element-1c8bc4bb e-flex e-con-boxed e-con e-parent\" data-id=\"1c8bc4bb\" data-element_type=\"container\" data-e-type=\"container\">\n\t\t\t\t\t<div class=\"e-con-inner\">\n\t\t<div class=\"elementor-element elementor-element-46ed739c e-con-full e-flex e-con e-child\" data-id=\"46ed739c\" data-element_type=\"container\" data-e-type=\"container\">\n\t\t<div class=\"elementor-element elementor-element-13b92e86 e-con-full e-flex e-con e-child\" data-id=\"13b92e86\" data-element_type=\"container\" data-e-type=\"container\">\n\t\t\t\t<div class=\"elementor-element elementor-element-923ace2 elementor-widget elementor-widget-heading\" data-id=\"923ace2\" data-element_type=\"widget\" data-e-type=\"widget\" data-widget_type=\"heading.default\">\n\t\t\t\t\t<h2 class=\"elementor-heading-title elementor-size-default\">Wir sind ISO 9001 zertifiziert<\/h2>\t\t\t\t<\/div>\n\t\t\t\t<\/div>\n\t\t<div class=\"elementor-element elementor-element-23b2c8a2 e-con-full e-flex e-con e-child\" data-id=\"23b2c8a2\" data-element_type=\"container\" data-e-type=\"container\">\n\t\t\t\t<div class=\"elementor-element elementor-element-52178d8 elementor-widget elementor-widget-text-editor\" data-id=\"52178d8\" data-element_type=\"widget\" data-e-type=\"widget\" data-widget_type=\"text-editor.default\">\n\t\t\t\t\t\t\t\t\t<p>Bei Skandia Elevator arbeiten wir kontinuierlich daran, Produkte und Dienstleistungen von h\u00f6chster Qualit\u00e4t zu liefern. Als Teil dieser Bem\u00fchungen sind wir nach ISO 9001 zertifiziert, einer international anerkannten Norm f\u00fcr Qualit\u00e4tsmanagementsysteme.F\u00fcr uns ist die Zertifizierung ein Beweis daf\u00fcr, dass wir \u00fcber strukturierte Prozesse, klare Abl\u00e4ufe und eine kontinuierliche Verbesserungsmentalit\u00e4t verf\u00fcgen \u2013 alles, um sicherzustellen, dass wir die Anforderungen und Erwartungen unserer Kunden erf\u00fcllen.<\/p><p>Unsere Qualit\u00e4tsarbeit durchdringt das gesamte Unternehmen und ist ein wichtiger Teil unserer Geschichte sowie unserer zuk\u00fcnftigen langfristigen Entwicklung.<\/p>\t\t\t\t\t\t\t\t<\/div>\n\t\t\t\t<div class=\"elementor-element elementor-element-4dc951c elementor-widget elementor-widget-button\" data-id=\"4dc951c\" data-element_type=\"widget\" data-e-type=\"widget\" data-widget_type=\"button.default\">\n\t\t\t\t\t\t\t\t\t\t<a class=\"elementor-button elementor-button-link elementor-size-sm\" href=\"https:\/\/skandiaelevator.com\/wp-content\/uploads\/2026\/01\/Certifikat-2025-ENG.pdf\">\n\t\t\t\t\t\t<span class=\"elementor-button-content-wrapper\">\n\t\t\t\t\t\t\t\t\t<span class=\"elementor-button-text\">ZERTIFIKAT HERUNTERLADEN<\/span>\n\t\t\t\t\t<\/span>\n\t\t\t\t\t<\/a>\n\t\t\t\t\t\t\t\t<\/div>\n\t\t\t\t<\/div>\n\t\t\t\t<\/div>\n\t\t\t\t\t<\/div>\n\t\t\t\t<\/div>\n\t\t<div class=\"elementor-element elementor-element-ce82223 e-flex e-con-boxed e-con e-parent\" data-id=\"ce82223\" data-element_type=\"container\" data-e-type=\"container\">\n\t\t\t\t\t<div class=\"e-con-inner\">\n\t\t<div class=\"elementor-element elementor-element-1a0442b e-con-full e-flex e-con e-child\" data-id=\"1a0442b\" data-element_type=\"container\" data-e-type=\"container\">\n\t\t<div class=\"elementor-element elementor-element-6877537 e-con-full e-flex e-con e-child\" data-id=\"6877537\" data-element_type=\"container\" data-e-type=\"container\">\n\t\t\t\t<div class=\"elementor-element elementor-element-1e0db4d elementor-widget elementor-widget-heading\" data-id=\"1e0db4d\" data-element_type=\"widget\" data-e-type=\"widget\" data-widget_type=\"heading.default\">\n\t\t\t\t\t<h2 class=\"elementor-heading-title elementor-size-default\">EX &amp; ATEX zertifiziert<\/h2>\t\t\t\t<\/div>\n\t\t\t\t<\/div>\n\t\t<div class=\"elementor-element elementor-element-ceccc97 e-con-full e-flex e-con e-child\" data-id=\"ceccc97\" data-element_type=\"container\" data-e-type=\"container\">\n\t\t\t\t<div class=\"elementor-element elementor-element-035b3ba elementor-widget elementor-widget-text-editor\" data-id=\"035b3ba\" data-element_type=\"widget\" data-e-type=\"widget\" data-widget_type=\"text-editor.default\">\n\t\t\t\t\t\t\t\t\t<p>Sicherheit ist bei der Getreidelagerung von entscheidender Bedeutung, insbesondere in Umgebungen, in denen Staubexplosionen ein Risiko darstellen k\u00f6nnen. Aus diesem Grund sind unsere Temperatur\u00fcberwachungssysteme f\u00fcr Getreidesilos EX-zertifiziert und entsprechen den geltenden ATEX-Richtlinien. Das bedeutet, dass sie f\u00fcr den Einsatz in staubexplosionsgef\u00e4hrdeten Umgebungen (z. B. Zone 20, 21 oder 22, je nach Anlage) zugelassen sind.  <br><br><strong>Die Systeme wurden entwickelt, um:<\/strong><br>&#8211; Sicher in Echtzeit im Silo zu messen, auch unter schwierigen Bedingungen<br>&#8211; \u00dcberhitzung und Selbstentz\u00fcndung durch Fr\u00fchwarnung zu verhindern<br>&#8211; Strenge Anforderungen an Sicherheit und Betriebssicherheit zu erf\u00fcllen<\/p><p><br>Alle Komponenten &#8211; vom Sensor bis zur Elektronik &#8211; sind nach den aktuellen Normen gepr\u00fcft und zertifiziert und werden mit vollst\u00e4ndiger Dokumentation und ATEX-Kennzeichnung geliefert.<br><br>Mit unseren ATEX-zugelassenen L\u00f6sungen erhalten Sie eine sichere und langfristige Temperatur\u00fcberwachung, die sowohl zum Brandschutz als auch zur Qualit\u00e4tssicherung in Ihrem Getreideumschlag beitr\u00e4gt.<\/p>\t\t\t\t\t\t\t\t<\/div>\n\t\t\t\t<div class=\"elementor-element elementor-element-0a514f8 elementor-widget elementor-widget-button\" data-id=\"0a514f8\" data-element_type=\"widget\" data-e-type=\"widget\" data-widget_type=\"button.default\">\n\t\t\t\t\t\t\t\t\t\t<a class=\"elementor-button elementor-button-link elementor-size-sm\" href=\"https:\/\/skandiaelevator.com\/wp-content\/uploads\/2026\/01\/ExVeritas-22UKQAN0244-Issue-1.pdf\">\n\t\t\t\t\t\t<span class=\"elementor-button-content-wrapper\">\n\t\t\t\t\t\t\t\t\t<span class=\"elementor-button-text\">EX-ZERTIFIKAT HERUNTERLADEN<\/span>\n\t\t\t\t\t<\/span>\n\t\t\t\t\t<\/a>\n\t\t\t\t\t\t\t\t<\/div>\n\t\t\t\t<div class=\"elementor-element elementor-element-48e743c elementor-widget elementor-widget-button\" data-id=\"48e743c\" data-element_type=\"widget\" data-e-type=\"widget\" data-widget_type=\"button.default\">\n\t\t\t\t\t\t\t\t\t\t<a class=\"elementor-button elementor-button-link elementor-size-sm\" href=\"https:\/\/skandiaelevator.com\/wp-content\/uploads\/2026\/01\/ExVeritas-22PQAN0232-Issue-1.pdf\">\n\t\t\t\t\t\t<span class=\"elementor-button-content-wrapper\">\n\t\t\t\t\t\t\t\t\t<span class=\"elementor-button-text\">DOWNLOAD ATEX-Bescheinigung<\/span>\n\t\t\t\t\t<\/span>\n\t\t\t\t\t<\/a>\n\t\t\t\t\t\t\t\t<\/div>\n\t\t\t\t<\/div>\n\t\t\t\t<\/div>\n\t\t\t\t\t<\/div>\n\t\t\t\t<\/div>\n\t\t\t\t<\/div>\n\t\t","protected":false},"excerpt":{"rendered":"<p>Wir sind ISO 9001 zertifiziert Bei Skandia Elevator arbeiten wir kontinuierlich daran, Produkte und Dienstleistungen von h\u00f6chster Qualit\u00e4t zu liefern. Als Teil dieser Bem\u00fchungen sind wir nach ISO 9001 zertifiziert, einer international anerkannten Norm f\u00fcr Qualit\u00e4tsmanagementsysteme.F\u00fcr uns ist die Zertifizierung ein Beweis daf\u00fcr, dass wir \u00fcber strukturierte Prozesse, klare Abl\u00e4ufe und eine kontinuierliche Verbesserungsmentalit\u00e4t verf\u00fcgen [&hellip;]<\/p>\n","protected":false},"author":1,"featured_media":0,"parent":0,"menu_order":0,"comment_status":"closed","ping_status":"closed","template":"","meta":{"_acf_changed":false,"footnotes":""},"class_list":["post-7592","page","type-page","status-publish","hentry"],"acf":[],"yoast_head":"<!-- This site is optimized with the Yoast SEO plugin v27.4 - https:\/\/yoast.com\/product\/yoast-seo-wordpress\/ -->\n<title>Zertifizierungen - Skandia elevator<\/title>\n<meta name=\"description\" content=\"Entdecken Sie die verschiedenen Zertifizierungen von Skandia Elevator, die hohe Qualit\u00e4t, Sicherheit und Nachhaltigkeit unserer intelligenten Getreideumschlagssysteme gew\u00e4hrleisten.\" \/>\n<meta name=\"robots\" content=\"index, follow, max-snippet:-1, max-image-preview:large, max-video-preview:-1\" \/>\n<link rel=\"canonical\" href=\"https:\/\/skandiaelevator.com\/de\/zertifizierungen\/\" \/>\n<meta property=\"og:locale\" content=\"de_DE\" \/>\n<meta property=\"og:type\" content=\"article\" \/>\n<meta property=\"og:title\" content=\"Zertifizierungen - Skandia elevator\" \/>\n<meta property=\"og:description\" content=\"Entdecken Sie die verschiedenen Zertifizierungen von Skandia Elevator, die hohe Qualit\u00e4t, Sicherheit und Nachhaltigkeit unserer intelligenten Getreideumschlagssysteme gew\u00e4hrleisten.\" \/>\n<meta property=\"og:url\" content=\"https:\/\/skandiaelevator.com\/de\/zertifizierungen\/\" \/>\n<meta property=\"og:site_name\" content=\"Skandia elevator\" \/>\n<meta property=\"article:modified_time\" content=\"2026-01-26T11:16:59+00:00\" \/>\n<meta property=\"og:image\" content=\"https:\/\/skandiaelevator.com\/wp-content\/uploads\/2025\/09\/cropped-FAV_512x512px.png\" \/>\n\t<meta property=\"og:image:width\" content=\"512\" \/>\n\t<meta property=\"og:image:height\" content=\"512\" \/>\n\t<meta property=\"og:image:type\" content=\"image\/png\" \/>\n<meta name=\"twitter:card\" content=\"summary_large_image\" \/>\n<meta name=\"twitter:label1\" content=\"Gesch\u00e4tzte Lesezeit\" \/>\n\t<meta name=\"twitter:data1\" content=\"1\u00a0Minute\" \/>\n<script type=\"application\/ld+json\" class=\"yoast-schema-graph\">{\"@context\":\"https:\\\/\\\/schema.org\",\"@graph\":[{\"@type\":\"WebPage\",\"@id\":\"https:\\\/\\\/skandiaelevator.com\\\/de\\\/zertifizierungen\\\/\",\"url\":\"https:\\\/\\\/skandiaelevator.com\\\/de\\\/zertifizierungen\\\/\",\"name\":\"Zertifizierungen - Skandia elevator\",\"isPartOf\":{\"@id\":\"https:\\\/\\\/skandiaelevator.com\\\/#website\"},\"datePublished\":\"2025-09-02T13:04:43+00:00\",\"dateModified\":\"2026-01-26T11:16:59+00:00\",\"description\":\"Entdecken Sie die verschiedenen Zertifizierungen von Skandia Elevator, die hohe Qualit\u00e4t, Sicherheit und Nachhaltigkeit unserer intelligenten Getreideumschlagssysteme gew\u00e4hrleisten.\",\"breadcrumb\":{\"@id\":\"https:\\\/\\\/skandiaelevator.com\\\/de\\\/zertifizierungen\\\/#breadcrumb\"},\"inLanguage\":\"de\",\"potentialAction\":[{\"@type\":\"ReadAction\",\"target\":[\"https:\\\/\\\/skandiaelevator.com\\\/de\\\/zertifizierungen\\\/\"]}]},{\"@type\":\"BreadcrumbList\",\"@id\":\"https:\\\/\\\/skandiaelevator.com\\\/de\\\/zertifizierungen\\\/#breadcrumb\",\"itemListElement\":[{\"@type\":\"ListItem\",\"position\":1,\"name\":\"Home\",\"item\":\"https:\\\/\\\/skandiaelevator.com\\\/\"},{\"@type\":\"ListItem\",\"position\":2,\"name\":\"Zertifizierungen\"}]},{\"@type\":\"WebSite\",\"@id\":\"https:\\\/\\\/skandiaelevator.com\\\/#website\",\"url\":\"https:\\\/\\\/skandiaelevator.com\\\/\",\"name\":\"Skandia elevator\",\"description\":\"\",\"publisher\":{\"@id\":\"https:\\\/\\\/skandiaelevator.com\\\/#organization\"},\"potentialAction\":[{\"@type\":\"SearchAction\",\"target\":{\"@type\":\"EntryPoint\",\"urlTemplate\":\"https:\\\/\\\/skandiaelevator.com\\\/?s={search_term_string}\"},\"query-input\":{\"@type\":\"PropertyValueSpecification\",\"valueRequired\":true,\"valueName\":\"search_term_string\"}}],\"inLanguage\":\"de\"},{\"@type\":\"Organization\",\"@id\":\"https:\\\/\\\/skandiaelevator.com\\\/#organization\",\"name\":\"Skandia elevator\",\"url\":\"https:\\\/\\\/skandiaelevator.com\\\/\",\"logo\":{\"@type\":\"ImageObject\",\"inLanguage\":\"de\",\"@id\":\"https:\\\/\\\/skandiaelevator.com\\\/#\\\/schema\\\/logo\\\/image\\\/\",\"url\":\"https:\\\/\\\/skandiaelevator.com\\\/wp-content\\\/uploads\\\/2025\\\/09\\\/cropped-FAV_512x512px.png\",\"contentUrl\":\"https:\\\/\\\/skandiaelevator.com\\\/wp-content\\\/uploads\\\/2025\\\/09\\\/cropped-FAV_512x512px.png\",\"width\":512,\"height\":512,\"caption\":\"Skandia elevator\"},\"image\":{\"@id\":\"https:\\\/\\\/skandiaelevator.com\\\/#\\\/schema\\\/logo\\\/image\\\/\"}}]}<\/script>\n<!-- \/ Yoast SEO plugin. -->","yoast_head_json":{"title":"Zertifizierungen - Skandia elevator","description":"Entdecken Sie die verschiedenen Zertifizierungen von Skandia Elevator, die hohe Qualit\u00e4t, Sicherheit und Nachhaltigkeit unserer intelligenten Getreideumschlagssysteme gew\u00e4hrleisten.","robots":{"index":"index","follow":"follow","max-snippet":"max-snippet:-1","max-image-preview":"max-image-preview:large","max-video-preview":"max-video-preview:-1"},"canonical":"https:\/\/skandiaelevator.com\/de\/zertifizierungen\/","og_locale":"de_DE","og_type":"article","og_title":"Zertifizierungen - Skandia elevator","og_description":"Entdecken Sie die verschiedenen Zertifizierungen von Skandia Elevator, die hohe Qualit\u00e4t, Sicherheit und Nachhaltigkeit unserer intelligenten Getreideumschlagssysteme gew\u00e4hrleisten.","og_url":"https:\/\/skandiaelevator.com\/de\/zertifizierungen\/","og_site_name":"Skandia elevator","article_modified_time":"2026-01-26T11:16:59+00:00","og_image":[{"width":512,"height":512,"url":"https:\/\/skandiaelevator.com\/wp-content\/uploads\/2025\/09\/cropped-FAV_512x512px.png","type":"image\/png"}],"twitter_card":"summary_large_image","twitter_misc":{"Gesch\u00e4tzte Lesezeit":"1\u00a0Minute"},"schema":{"@context":"https:\/\/schema.org","@graph":[{"@type":"WebPage","@id":"https:\/\/skandiaelevator.com\/de\/zertifizierungen\/","url":"https:\/\/skandiaelevator.com\/de\/zertifizierungen\/","name":"Zertifizierungen - Skandia elevator","isPartOf":{"@id":"https:\/\/skandiaelevator.com\/#website"},"datePublished":"2025-09-02T13:04:43+00:00","dateModified":"2026-01-26T11:16:59+00:00","description":"Entdecken Sie die verschiedenen Zertifizierungen von Skandia Elevator, die hohe Qualit\u00e4t, Sicherheit und Nachhaltigkeit unserer intelligenten Getreideumschlagssysteme gew\u00e4hrleisten.","breadcrumb":{"@id":"https:\/\/skandiaelevator.com\/de\/zertifizierungen\/#breadcrumb"},"inLanguage":"de","potentialAction":[{"@type":"ReadAction","target":["https:\/\/skandiaelevator.com\/de\/zertifizierungen\/"]}]},{"@type":"BreadcrumbList","@id":"https:\/\/skandiaelevator.com\/de\/zertifizierungen\/#breadcrumb","itemListElement":[{"@type":"ListItem","position":1,"name":"Home","item":"https:\/\/skandiaelevator.com\/"},{"@type":"ListItem","position":2,"name":"Zertifizierungen"}]},{"@type":"WebSite","@id":"https:\/\/skandiaelevator.com\/#website","url":"https:\/\/skandiaelevator.com\/","name":"Skandia elevator","description":"","publisher":{"@id":"https:\/\/skandiaelevator.com\/#organization"},"potentialAction":[{"@type":"SearchAction","target":{"@type":"EntryPoint","urlTemplate":"https:\/\/skandiaelevator.com\/?s={search_term_string}"},"query-input":{"@type":"PropertyValueSpecification","valueRequired":true,"valueName":"search_term_string"}}],"inLanguage":"de"},{"@type":"Organization","@id":"https:\/\/skandiaelevator.com\/#organization","name":"Skandia elevator","url":"https:\/\/skandiaelevator.com\/","logo":{"@type":"ImageObject","inLanguage":"de","@id":"https:\/\/skandiaelevator.com\/#\/schema\/logo\/image\/","url":"https:\/\/skandiaelevator.com\/wp-content\/uploads\/2025\/09\/cropped-FAV_512x512px.png","contentUrl":"https:\/\/skandiaelevator.com\/wp-content\/uploads\/2025\/09\/cropped-FAV_512x512px.png","width":512,"height":512,"caption":"Skandia elevator"},"image":{"@id":"https:\/\/skandiaelevator.com\/#\/schema\/logo\/image\/"}}]}},"_links":{"self":[{"href":"https:\/\/skandiaelevator.com\/de\/wp-json\/wp\/v2\/pages\/7592","targetHints":{"allow":["GET"]}}],"collection":[{"href":"https:\/\/skandiaelevator.com\/de\/wp-json\/wp\/v2\/pages"}],"about":[{"href":"https:\/\/skandiaelevator.com\/de\/wp-json\/wp\/v2\/types\/page"}],"author":[{"embeddable":true,"href":"https:\/\/skandiaelevator.com\/de\/wp-json\/wp\/v2\/users\/1"}],"replies":[{"embeddable":true,"href":"https:\/\/skandiaelevator.com\/de\/wp-json\/wp\/v2\/comments?post=7592"}],"version-history":[{"count":4,"href":"https:\/\/skandiaelevator.com\/de\/wp-json\/wp\/v2\/pages\/7592\/revisions"}],"predecessor-version":[{"id":8593,"href":"https:\/\/skandiaelevator.com\/de\/wp-json\/wp\/v2\/pages\/7592\/revisions\/8593"}],"wp:attachment":[{"href":"https:\/\/skandiaelevator.com\/de\/wp-json\/wp\/v2\/media?parent=7592"}],"curies":[{"name":"wp","href":"https:\/\/api.w.org\/{rel}","templated":true}]}}