{"id":7588,"date":"2025-09-02T13:03:45","date_gmt":"2025-09-02T13:03:45","guid":{"rendered":"https:\/\/skandiaelevator.com\/datenschutzbestimmungen\/"},"modified":"2025-10-07T09:54:28","modified_gmt":"2025-10-07T09:54:28","slug":"datenschutzbestimmungen","status":"publish","type":"page","link":"https:\/\/skandiaelevator.com\/de\/datenschutzbestimmungen\/","title":{"rendered":"Datenschutzbestimmungen"},"content":{"rendered":"\t\t<div data-elementor-type=\"wp-page\" data-elementor-id=\"7588\" class=\"elementor elementor-7588 elementor-1964\" data-elementor-post-type=\"page\">\n\t\t\t\t<div class=\"elementor-element elementor-element-2201e38 e-flex e-con-boxed e-con e-parent\" data-id=\"2201e38\" data-element_type=\"container\" data-e-type=\"container\">\n\t\t\t\t\t<div class=\"e-con-inner\">\n\t\t\t\t<div class=\"elementor-element elementor-element-779fa54 elementor-widget elementor-widget-breadcrumbs\" data-id=\"779fa54\" data-element_type=\"widget\" data-e-type=\"widget\" data-widget_type=\"breadcrumbs.default\">\n\t\t\t\t\t<p id=\"breadcrumbs\"><span><span><a href=\"https:\/\/skandiaelevator.com\/\">Home<\/a><\/span><\/span><\/p>\t\t\t\t<\/div>\n\t\t\t\t\t<\/div>\n\t\t\t\t<\/div>\n\t\t<div class=\"elementor-element elementor-element-301a6cbb e-flex e-con-boxed e-con e-parent\" data-id=\"301a6cbb\" data-element_type=\"container\" data-e-type=\"container\">\n\t\t\t\t\t<div class=\"e-con-inner\">\n\t\t<div class=\"elementor-element elementor-element-1e0887e1 e-con-full e-flex e-con e-child\" data-id=\"1e0887e1\" data-element_type=\"container\" data-e-type=\"container\">\n\t\t<div class=\"elementor-element elementor-element-705d4547 e-con-full e-flex e-con e-child\" data-id=\"705d4547\" data-element_type=\"container\" data-e-type=\"container\">\n\t\t\t\t<div class=\"elementor-element elementor-element-7c9cbf09 elementor-widget elementor-widget-heading\" data-id=\"7c9cbf09\" data-element_type=\"widget\" data-e-type=\"widget\" data-widget_type=\"heading.default\">\n\t\t\t\t\t<h2 class=\"elementor-heading-title elementor-size-default\">DATENSCHUTZPOLITIK (GDPR)<\/h2>\t\t\t\t<\/div>\n\t\t\t\t<\/div>\n\t\t<div class=\"elementor-element elementor-element-675ddb4e e-con-full e-flex e-con e-child\" data-id=\"675ddb4e\" data-element_type=\"container\" data-e-type=\"container\">\n\t\t\t\t<div class=\"elementor-element elementor-element-38f1008d elementor-widget elementor-widget-text-editor\" data-id=\"38f1008d\" data-element_type=\"widget\" data-e-type=\"widget\" data-widget_type=\"text-editor.default\">\n\t\t\t\t\t\t\t\t\t<p>Skandia Elevator ergreift alle geeigneten Ma\u00dfnahmen, um einen starken Schutz der Privatsph\u00e4re innerhalb des Unternehmens zu gew\u00e4hrleisten. Dies gilt f\u00fcr die Verarbeitung personenbezogener Daten von Kunden, Lieferanten und Mitarbeitern sowie f\u00fcr andere Personen, die in den IT-Systemen des Unternehmens registriert werden k\u00f6nnen.<br>Skandia Elevator ist der Datenverantwortliche f\u00fcr die personenbezogenen Daten, die innerhalb des Unternehmens gesammelt und verarbeitet werden.<br>Skandia Elevator speichert nur die personenbezogenen Daten, die zur Erf\u00fcllung des Vertrags zwischen Skandia Elevator und den Kunden, Lieferanten, Mitarbeitern oder anderen Parteien, die in den IT-Systemen des Unternehmens registriert werden k\u00f6nnen, erforderlich sind. Wir speichern die personenbezogenen Daten so lange, wie es f\u00fcr die Erf\u00fcllung der Zwecke, f\u00fcr die die Daten erhoben wurden, erforderlich ist. Die Daten k\u00f6nnen auch f\u00fcr den Zeitraum gespeichert werden, der gem\u00e4\u00df der geltenden Gesetzgebung erforderlich ist. Bei Skandia Elevator gibt es kontinuierliche Routinen, die sicherstellen, dass wir keine unn\u00f6tigen personenbezogenen Daten speichern und die Speicherdauer so weit wie m\u00f6glich minimieren.    <br><br><strong>FEHLERBEHEBUNG UND TRANSPARENZ<\/strong><br>Skandia Elevator ist bestrebt, dass alle von uns verarbeiteten Informationen korrekt sind. Wenn Sie Auskunft \u00fcber die Verarbeitung Ihrer personenbezogenen Daten w\u00fcnschen, haben Sie das Recht, \u00fcber einen Registerauszug Zugang zu Ihren Daten zu verlangen. Wenn wir einen Antrag von Ihnen erhalten, k\u00f6nnen wir um zus\u00e4tzliche Informationen bitten, um sicherzustellen, dass wir Ihre Daten an die richtige Person weitergeben. Ein Antrag auf einen Registerauszug muss von Ihnen schriftlich unterzeichnet werden. Sie haben auch jederzeit das Recht, die Berichtigung Ihrer personenbezogenen Daten zu verlangen.<br>Sie k\u00f6nnen die L\u00f6schung Ihrer Daten verlangen, soweit dies mit den geltenden Rechtsvorschriften und den getroffenen Vereinbarungen vereinbar ist, und wir werden selbstverst\u00e4ndlich immer unser Bestes tun, um Ihrem L\u00f6schungsantrag nachzukommen. Sie haben auch das Recht, der Verarbeitung Ihrer Daten zu widersprechen (z. B. wenn einige der erhobenen Daten unrichtig sind). In einigen F\u00e4llen kann Skandia Elevator Ihrem Wunsch nach L\u00f6schung nicht nachkommen, wenn die Daten zur Einhaltung der geltenden Rechtsvorschriften ben\u00f6tigt werden.      <br><br><strong>Kontaktieren Sie uns:<\/strong><br>Tel: +46 (0)512-797 020<br>Fax: +46 (0)512-134 00<br>Postanschrift: Kedumsv\u00e4gen 14 Arentorp, 534 94 Vara<br>E-Mail-Adresse: info@skandiaelevator.com<br>und bitten Sie darum, mit dem f\u00fcr die Verarbeitung Verantwortlichen im Unternehmen verbunden zu werden.<\/p>\t\t\t\t\t\t\t\t<\/div>\n\t\t\t\t<\/div>\n\t\t\t\t<\/div>\n\t\t\t\t\t<\/div>\n\t\t\t\t<\/div>\n\t\t\t\t<\/div>\n\t\t","protected":false},"excerpt":{"rendered":"<p>DATENSCHUTZPOLITIK (GDPR) Skandia Elevator ergreift alle geeigneten Ma\u00dfnahmen, um einen starken Schutz der Privatsph\u00e4re innerhalb des Unternehmens zu gew\u00e4hrleisten. Dies gilt f\u00fcr die Verarbeitung personenbezogener Daten von Kunden, Lieferanten und Mitarbeitern sowie f\u00fcr andere Personen, die in den IT-Systemen des Unternehmens registriert werden k\u00f6nnen.Skandia Elevator ist der Datenverantwortliche f\u00fcr die personenbezogenen Daten, die innerhalb des [&hellip;]<\/p>\n","protected":false},"author":1,"featured_media":0,"parent":0,"menu_order":0,"comment_status":"closed","ping_status":"closed","template":"","meta":{"_acf_changed":false,"footnotes":""},"class_list":["post-7588","page","type-page","status-publish","hentry"],"acf":[],"yoast_head":"<!-- This site is optimized with the Yoast SEO plugin v27.5 - https:\/\/yoast.com\/product\/yoast-seo-wordpress\/ -->\n<title>Datenschutzbestimmungen - Skandia elevator<\/title>\n<meta name=\"description\" content=\"Lesen Sie, wie Skandia Elevator personenbezogene Daten in \u00dcbereinstimmung mit der GDPR behandelt - sichere Verwaltung von Kunden-, Lieferanten- und pers\u00f6nlichen Daten\" \/>\n<meta name=\"robots\" content=\"index, follow, max-snippet:-1, max-image-preview:large, max-video-preview:-1\" \/>\n<link rel=\"canonical\" href=\"https:\/\/skandiaelevator.com\/de\/datenschutzbestimmungen\/\" \/>\n<meta property=\"og:locale\" content=\"de_DE\" \/>\n<meta property=\"og:type\" content=\"article\" \/>\n<meta property=\"og:title\" content=\"Datenschutzbestimmungen - Skandia elevator\" \/>\n<meta property=\"og:description\" content=\"Lesen Sie, wie Skandia Elevator personenbezogene Daten in \u00dcbereinstimmung mit der GDPR behandelt - sichere Verwaltung von Kunden-, Lieferanten- und pers\u00f6nlichen Daten\" \/>\n<meta property=\"og:url\" content=\"https:\/\/skandiaelevator.com\/de\/datenschutzbestimmungen\/\" \/>\n<meta property=\"og:site_name\" content=\"Skandia elevator\" \/>\n<meta property=\"article:modified_time\" content=\"2025-10-07T09:54:28+00:00\" \/>\n<meta property=\"og:image\" content=\"https:\/\/skandiaelevator.com\/wp-content\/uploads\/2025\/09\/cropped-FAV_512x512px.png\" \/>\n\t<meta property=\"og:image:width\" content=\"512\" \/>\n\t<meta property=\"og:image:height\" content=\"512\" \/>\n\t<meta property=\"og:image:type\" content=\"image\/png\" \/>\n<meta name=\"twitter:card\" content=\"summary_large_image\" \/>\n<meta name=\"twitter:label1\" content=\"Gesch\u00e4tzte Lesezeit\" \/>\n\t<meta name=\"twitter:data1\" content=\"2\u00a0Minuten\" \/>\n<script type=\"application\/ld+json\" class=\"yoast-schema-graph\">{\"@context\":\"https:\\\/\\\/schema.org\",\"@graph\":[{\"@type\":\"WebPage\",\"@id\":\"https:\\\/\\\/skandiaelevator.com\\\/de\\\/datenschutzbestimmungen\\\/\",\"url\":\"https:\\\/\\\/skandiaelevator.com\\\/de\\\/datenschutzbestimmungen\\\/\",\"name\":\"Datenschutzbestimmungen - Skandia elevator\",\"isPartOf\":{\"@id\":\"https:\\\/\\\/skandiaelevator.com\\\/#website\"},\"datePublished\":\"2025-09-02T13:03:45+00:00\",\"dateModified\":\"2025-10-07T09:54:28+00:00\",\"description\":\"Lesen Sie, wie Skandia Elevator personenbezogene Daten in \u00dcbereinstimmung mit der GDPR behandelt - sichere Verwaltung von Kunden-, Lieferanten- und pers\u00f6nlichen Daten\",\"breadcrumb\":{\"@id\":\"https:\\\/\\\/skandiaelevator.com\\\/de\\\/datenschutzbestimmungen\\\/#breadcrumb\"},\"inLanguage\":\"de\",\"potentialAction\":[{\"@type\":\"ReadAction\",\"target\":[\"https:\\\/\\\/skandiaelevator.com\\\/de\\\/datenschutzbestimmungen\\\/\"]}]},{\"@type\":\"BreadcrumbList\",\"@id\":\"https:\\\/\\\/skandiaelevator.com\\\/de\\\/datenschutzbestimmungen\\\/#breadcrumb\",\"itemListElement\":[{\"@type\":\"ListItem\",\"position\":1,\"name\":\"Home\",\"item\":\"https:\\\/\\\/skandiaelevator.com\\\/\"},{\"@type\":\"ListItem\",\"position\":2,\"name\":\"Datenschutzbestimmungen\"}]},{\"@type\":\"WebSite\",\"@id\":\"https:\\\/\\\/skandiaelevator.com\\\/#website\",\"url\":\"https:\\\/\\\/skandiaelevator.com\\\/\",\"name\":\"Skandia elevator\",\"description\":\"\",\"publisher\":{\"@id\":\"https:\\\/\\\/skandiaelevator.com\\\/#organization\"},\"potentialAction\":[{\"@type\":\"SearchAction\",\"target\":{\"@type\":\"EntryPoint\",\"urlTemplate\":\"https:\\\/\\\/skandiaelevator.com\\\/?s={search_term_string}\"},\"query-input\":{\"@type\":\"PropertyValueSpecification\",\"valueRequired\":true,\"valueName\":\"search_term_string\"}}],\"inLanguage\":\"de\"},{\"@type\":\"Organization\",\"@id\":\"https:\\\/\\\/skandiaelevator.com\\\/#organization\",\"name\":\"Skandia elevator\",\"url\":\"https:\\\/\\\/skandiaelevator.com\\\/\",\"logo\":{\"@type\":\"ImageObject\",\"inLanguage\":\"de\",\"@id\":\"https:\\\/\\\/skandiaelevator.com\\\/#\\\/schema\\\/logo\\\/image\\\/\",\"url\":\"https:\\\/\\\/skandiaelevator.com\\\/wp-content\\\/uploads\\\/2025\\\/09\\\/cropped-FAV_512x512px.png\",\"contentUrl\":\"https:\\\/\\\/skandiaelevator.com\\\/wp-content\\\/uploads\\\/2025\\\/09\\\/cropped-FAV_512x512px.png\",\"width\":512,\"height\":512,\"caption\":\"Skandia elevator\"},\"image\":{\"@id\":\"https:\\\/\\\/skandiaelevator.com\\\/#\\\/schema\\\/logo\\\/image\\\/\"}}]}<\/script>\n<!-- \/ Yoast SEO plugin. -->","yoast_head_json":{"title":"Datenschutzbestimmungen - Skandia elevator","description":"Lesen Sie, wie Skandia Elevator personenbezogene Daten in \u00dcbereinstimmung mit der GDPR behandelt - sichere Verwaltung von Kunden-, Lieferanten- und pers\u00f6nlichen Daten","robots":{"index":"index","follow":"follow","max-snippet":"max-snippet:-1","max-image-preview":"max-image-preview:large","max-video-preview":"max-video-preview:-1"},"canonical":"https:\/\/skandiaelevator.com\/de\/datenschutzbestimmungen\/","og_locale":"de_DE","og_type":"article","og_title":"Datenschutzbestimmungen - Skandia elevator","og_description":"Lesen Sie, wie Skandia Elevator personenbezogene Daten in \u00dcbereinstimmung mit der GDPR behandelt - sichere Verwaltung von Kunden-, Lieferanten- und pers\u00f6nlichen Daten","og_url":"https:\/\/skandiaelevator.com\/de\/datenschutzbestimmungen\/","og_site_name":"Skandia elevator","article_modified_time":"2025-10-07T09:54:28+00:00","og_image":[{"width":512,"height":512,"url":"https:\/\/skandiaelevator.com\/wp-content\/uploads\/2025\/09\/cropped-FAV_512x512px.png","type":"image\/png"}],"twitter_card":"summary_large_image","twitter_misc":{"Gesch\u00e4tzte Lesezeit":"2\u00a0Minuten"},"schema":{"@context":"https:\/\/schema.org","@graph":[{"@type":"WebPage","@id":"https:\/\/skandiaelevator.com\/de\/datenschutzbestimmungen\/","url":"https:\/\/skandiaelevator.com\/de\/datenschutzbestimmungen\/","name":"Datenschutzbestimmungen - Skandia elevator","isPartOf":{"@id":"https:\/\/skandiaelevator.com\/#website"},"datePublished":"2025-09-02T13:03:45+00:00","dateModified":"2025-10-07T09:54:28+00:00","description":"Lesen Sie, wie Skandia Elevator personenbezogene Daten in \u00dcbereinstimmung mit der GDPR behandelt - sichere Verwaltung von Kunden-, Lieferanten- und pers\u00f6nlichen Daten","breadcrumb":{"@id":"https:\/\/skandiaelevator.com\/de\/datenschutzbestimmungen\/#breadcrumb"},"inLanguage":"de","potentialAction":[{"@type":"ReadAction","target":["https:\/\/skandiaelevator.com\/de\/datenschutzbestimmungen\/"]}]},{"@type":"BreadcrumbList","@id":"https:\/\/skandiaelevator.com\/de\/datenschutzbestimmungen\/#breadcrumb","itemListElement":[{"@type":"ListItem","position":1,"name":"Home","item":"https:\/\/skandiaelevator.com\/"},{"@type":"ListItem","position":2,"name":"Datenschutzbestimmungen"}]},{"@type":"WebSite","@id":"https:\/\/skandiaelevator.com\/#website","url":"https:\/\/skandiaelevator.com\/","name":"Skandia elevator","description":"","publisher":{"@id":"https:\/\/skandiaelevator.com\/#organization"},"potentialAction":[{"@type":"SearchAction","target":{"@type":"EntryPoint","urlTemplate":"https:\/\/skandiaelevator.com\/?s={search_term_string}"},"query-input":{"@type":"PropertyValueSpecification","valueRequired":true,"valueName":"search_term_string"}}],"inLanguage":"de"},{"@type":"Organization","@id":"https:\/\/skandiaelevator.com\/#organization","name":"Skandia elevator","url":"https:\/\/skandiaelevator.com\/","logo":{"@type":"ImageObject","inLanguage":"de","@id":"https:\/\/skandiaelevator.com\/#\/schema\/logo\/image\/","url":"https:\/\/skandiaelevator.com\/wp-content\/uploads\/2025\/09\/cropped-FAV_512x512px.png","contentUrl":"https:\/\/skandiaelevator.com\/wp-content\/uploads\/2025\/09\/cropped-FAV_512x512px.png","width":512,"height":512,"caption":"Skandia elevator"},"image":{"@id":"https:\/\/skandiaelevator.com\/#\/schema\/logo\/image\/"}}]}},"_links":{"self":[{"href":"https:\/\/skandiaelevator.com\/de\/wp-json\/wp\/v2\/pages\/7588","targetHints":{"allow":["GET"]}}],"collection":[{"href":"https:\/\/skandiaelevator.com\/de\/wp-json\/wp\/v2\/pages"}],"about":[{"href":"https:\/\/skandiaelevator.com\/de\/wp-json\/wp\/v2\/types\/page"}],"author":[{"embeddable":true,"href":"https:\/\/skandiaelevator.com\/de\/wp-json\/wp\/v2\/users\/1"}],"replies":[{"embeddable":true,"href":"https:\/\/skandiaelevator.com\/de\/wp-json\/wp\/v2\/comments?post=7588"}],"version-history":[{"count":2,"href":"https:\/\/skandiaelevator.com\/de\/wp-json\/wp\/v2\/pages\/7588\/revisions"}],"predecessor-version":[{"id":7590,"href":"https:\/\/skandiaelevator.com\/de\/wp-json\/wp\/v2\/pages\/7588\/revisions\/7590"}],"wp:attachment":[{"href":"https:\/\/skandiaelevator.com\/de\/wp-json\/wp\/v2\/media?parent=7588"}],"curies":[{"name":"wp","href":"https:\/\/api.w.org\/{rel}","templated":true}]}}