{"id":7584,"date":"2025-09-02T17:16:18","date_gmt":"2025-09-02T17:16:18","guid":{"rendered":"https:\/\/skandiaelevator.com\/herunterladen\/"},"modified":"2025-10-07T11:59:40","modified_gmt":"2025-10-07T11:59:40","slug":"herunterladen","status":"publish","type":"page","link":"https:\/\/skandiaelevator.com\/de\/herunterladen\/","title":{"rendered":"Herunterladen"},"content":{"rendered":"\t\t<div data-elementor-type=\"wp-page\" data-elementor-id=\"7584\" class=\"elementor elementor-7584 elementor-2176\" data-elementor-post-type=\"page\">\n\t\t\t\t<div class=\"elementor-element elementor-element-33ba0f3b e-con-full e-flex e-con e-parent\" data-id=\"33ba0f3b\" data-element_type=\"container\" data-e-type=\"container\" data-settings=\"{&quot;background_background&quot;:&quot;classic&quot;}\">\n\t\t<div class=\"elementor-element elementor-element-1d99a0a7 e-flex e-con-boxed e-con e-child\" data-id=\"1d99a0a7\" data-element_type=\"container\" data-e-type=\"container\">\n\t\t\t\t\t<div class=\"e-con-inner\">\n\t\t\t\t<div class=\"elementor-element elementor-element-12f9601 elementor-widget__width-inherit elementor-widget elementor-widget-heading\" data-id=\"12f9601\" data-element_type=\"widget\" data-e-type=\"widget\" data-widget_type=\"heading.default\">\n\t\t\t\t\t<h2 class=\"elementor-heading-title elementor-size-default\">Download-Center<\/h2>\t\t\t\t<\/div>\n\t\t\t\t<div class=\"elementor-element elementor-element-6934dc1b elementor-widget__width-initial elementor-widget elementor-widget-text-editor\" data-id=\"6934dc1b\" data-element_type=\"widget\" data-e-type=\"widget\" data-widget_type=\"text-editor.default\">\n\t\t\t\t\t\t\t\t\t<p>Greifen Sie schnell und einfach auf Brosch\u00fcren, Handb\u00fccher, Zertifikate und Produktbl\u00e4tter zu. Alle Dateien werden regelm\u00e4\u00dfig aktualisiert, um sicherzustellen, dass Sie \u00fcber die neuesten Informationen verf\u00fcgen. <\/p><p>Pressematerial, Logos, Bilder und mehr finden Sie auf unserer <a href=\"https:\/\/skandiaelevator.com\/de\/medien\/\">Medienseite<\/a>.<\/p><p>Dokumente und Materialien zu Grain Cloud finden Sie unter <a href=\"https:\/\/graincloud.com\/\" target=\"_blank\" rel=\"noopener\">graincloud.com<\/a><\/p>\t\t\t\t\t\t\t\t<\/div>\n\t\t\t\t\t<\/div>\n\t\t\t\t<\/div>\n\t\t\t\t<\/div>\n\t\t<div class=\"elementor-element elementor-element-8e436a8 e-con-full e-flex e-con e-parent\" data-id=\"8e436a8\" data-element_type=\"container\" data-e-type=\"container\">\n\t\t\t\t<div class=\"elementor-element elementor-element-f2f3fe4 elementor-widget elementor-widget-html\" data-id=\"f2f3fe4\" data-element_type=\"widget\" data-e-type=\"widget\" data-widget_type=\"html.default\">\n\t\t\t\t\t<iframe src=\"https:\/\/downloads.skandiaelevator.com\/?l=en\" width=\"100%\" height=\"845\" style=\"border:0;\" allowfullscreen=\"\">\n<\/iframe>\n\t\t\t\t<\/div>\n\t\t\t\t<\/div>\n\t\t<div class=\"elementor-element elementor-element-a56fd30 e-flex e-con-boxed e-con e-child\" data-id=\"a56fd30\" data-element_type=\"container\" data-e-type=\"container\" data-settings=\"{&quot;background_background&quot;:&quot;classic&quot;}\">\n\t\t\t\t\t<div class=\"e-con-inner\">\n\t\t<div class=\"elementor-element elementor-element-b96a69f e-con-full e-flex e-con e-child\" data-id=\"b96a69f\" data-element_type=\"container\" data-e-type=\"container\">\n\t\t\t\t<div class=\"elementor-element elementor-element-dc02bdf elementor-widget elementor-widget-text-editor\" data-id=\"dc02bdf\" data-element_type=\"widget\" data-e-type=\"widget\" data-widget_type=\"text-editor.default\">\n\t\t\t\t\t\t\t\t\t<p>Kornwolke<\/p>\t\t\t\t\t\t\t\t<\/div>\n\t\t\t\t<div class=\"elementor-element elementor-element-9b54ef0 elementor-widget elementor-widget-heading\" data-id=\"9b54ef0\" data-element_type=\"widget\" data-e-type=\"widget\" data-widget_type=\"heading.default\">\n\t\t\t\t\t<h3 class=\"elementor-heading-title elementor-size-default\">Suchen Sie nach Grain Cloud<br> Produktdatenbl\u00e4ttern?<\/h3>\t\t\t\t<\/div>\n\t\t\t\t<div class=\"elementor-element elementor-element-02ab0c8 elementor-widget elementor-widget-button\" data-id=\"02ab0c8\" data-element_type=\"widget\" data-e-type=\"widget\" data-widget_type=\"button.default\">\n\t\t\t\t\t\t\t\t\t\t<a class=\"elementor-button elementor-button-link elementor-size-sm\" href=\"https:\/\/graincloud.com\/\" target=\"_blank\">\n\t\t\t\t\t\t<span class=\"elementor-button-content-wrapper\">\n\t\t\t\t\t\t\t\t\t<span class=\"elementor-button-text\">Weiter zu graincloud.com<\/span>\n\t\t\t\t\t<\/span>\n\t\t\t\t\t<\/a>\n\t\t\t\t\t\t\t\t<\/div>\n\t\t\t\t<\/div>\n\t\t\t\t\t<\/div>\n\t\t\t\t<\/div>\n\t\t\t\t<\/div>\n\t\t","protected":false},"excerpt":{"rendered":"<p>Download-Center Greifen Sie schnell und einfach auf Brosch\u00fcren, Handb\u00fccher, Zertifikate und Produktbl\u00e4tter zu. Alle Dateien werden regelm\u00e4\u00dfig aktualisiert, um sicherzustellen, dass Sie \u00fcber die neuesten Informationen verf\u00fcgen. Pressematerial, Logos, Bilder und mehr finden Sie auf unserer Medienseite. Dokumente und Materialien zu Grain Cloud finden Sie unter graincloud.com Kornwolke Suchen Sie nach Grain Cloud Produktdatenbl\u00e4ttern? Weiter [&hellip;]<\/p>\n","protected":false},"author":1,"featured_media":0,"parent":0,"menu_order":0,"comment_status":"closed","ping_status":"closed","template":"","meta":{"_acf_changed":false,"footnotes":""},"class_list":["post-7584","page","type-page","status-publish","hentry"],"acf":[],"yoast_head":"<!-- This site is optimized with the Yoast SEO plugin v27.5 - https:\/\/yoast.com\/product\/yoast-seo-wordpress\/ -->\n<title>Herunterladen - Skandia elevator<\/title>\n<meta name=\"description\" content=\"Laden Sie Brosch\u00fcren, Handb\u00fccher und technische Dokumente von Skandia Elevator herunter. Hier finden Sie alle Informationen, die Sie \u00fcber unsere Getreidetransportsysteme ben\u00f6tigen.\" \/>\n<meta name=\"robots\" content=\"index, follow, max-snippet:-1, max-image-preview:large, max-video-preview:-1\" \/>\n<link rel=\"canonical\" href=\"https:\/\/skandiaelevator.com\/de\/herunterladen\/\" \/>\n<meta property=\"og:locale\" content=\"de_DE\" \/>\n<meta property=\"og:type\" content=\"article\" \/>\n<meta property=\"og:title\" content=\"Herunterladen - Skandia elevator\" \/>\n<meta property=\"og:description\" content=\"Laden Sie Brosch\u00fcren, Handb\u00fccher und technische Dokumente von Skandia Elevator herunter. Hier finden Sie alle Informationen, die Sie \u00fcber unsere Getreidetransportsysteme ben\u00f6tigen.\" \/>\n<meta property=\"og:url\" content=\"https:\/\/skandiaelevator.com\/de\/herunterladen\/\" \/>\n<meta property=\"og:site_name\" content=\"Skandia elevator\" \/>\n<meta property=\"article:modified_time\" content=\"2025-10-07T11:59:40+00:00\" \/>\n<meta property=\"og:image\" content=\"https:\/\/skandiaelevator.com\/wp-content\/uploads\/2025\/09\/cropped-FAV_512x512px.png\" \/>\n\t<meta property=\"og:image:width\" content=\"512\" \/>\n\t<meta property=\"og:image:height\" content=\"512\" \/>\n\t<meta property=\"og:image:type\" content=\"image\/png\" \/>\n<meta name=\"twitter:card\" content=\"summary_large_image\" \/>\n<script type=\"application\/ld+json\" class=\"yoast-schema-graph\">{\"@context\":\"https:\\\/\\\/schema.org\",\"@graph\":[{\"@type\":\"WebPage\",\"@id\":\"https:\\\/\\\/skandiaelevator.com\\\/de\\\/herunterladen\\\/\",\"url\":\"https:\\\/\\\/skandiaelevator.com\\\/de\\\/herunterladen\\\/\",\"name\":\"Herunterladen - Skandia elevator\",\"isPartOf\":{\"@id\":\"https:\\\/\\\/skandiaelevator.com\\\/#website\"},\"datePublished\":\"2025-09-02T17:16:18+00:00\",\"dateModified\":\"2025-10-07T11:59:40+00:00\",\"description\":\"Laden Sie Brosch\u00fcren, Handb\u00fccher und technische Dokumente von Skandia Elevator herunter. Hier finden Sie alle Informationen, die Sie \u00fcber unsere Getreidetransportsysteme ben\u00f6tigen.\",\"breadcrumb\":{\"@id\":\"https:\\\/\\\/skandiaelevator.com\\\/de\\\/herunterladen\\\/#breadcrumb\"},\"inLanguage\":\"de\",\"potentialAction\":[{\"@type\":\"ReadAction\",\"target\":[\"https:\\\/\\\/skandiaelevator.com\\\/de\\\/herunterladen\\\/\"]}]},{\"@type\":\"BreadcrumbList\",\"@id\":\"https:\\\/\\\/skandiaelevator.com\\\/de\\\/herunterladen\\\/#breadcrumb\",\"itemListElement\":[{\"@type\":\"ListItem\",\"position\":1,\"name\":\"Home\",\"item\":\"https:\\\/\\\/skandiaelevator.com\\\/\"},{\"@type\":\"ListItem\",\"position\":2,\"name\":\"Herunterladen\"}]},{\"@type\":\"WebSite\",\"@id\":\"https:\\\/\\\/skandiaelevator.com\\\/#website\",\"url\":\"https:\\\/\\\/skandiaelevator.com\\\/\",\"name\":\"Skandia elevator\",\"description\":\"\",\"publisher\":{\"@id\":\"https:\\\/\\\/skandiaelevator.com\\\/#organization\"},\"potentialAction\":[{\"@type\":\"SearchAction\",\"target\":{\"@type\":\"EntryPoint\",\"urlTemplate\":\"https:\\\/\\\/skandiaelevator.com\\\/?s={search_term_string}\"},\"query-input\":{\"@type\":\"PropertyValueSpecification\",\"valueRequired\":true,\"valueName\":\"search_term_string\"}}],\"inLanguage\":\"de\"},{\"@type\":\"Organization\",\"@id\":\"https:\\\/\\\/skandiaelevator.com\\\/#organization\",\"name\":\"Skandia elevator\",\"url\":\"https:\\\/\\\/skandiaelevator.com\\\/\",\"logo\":{\"@type\":\"ImageObject\",\"inLanguage\":\"de\",\"@id\":\"https:\\\/\\\/skandiaelevator.com\\\/#\\\/schema\\\/logo\\\/image\\\/\",\"url\":\"https:\\\/\\\/skandiaelevator.com\\\/wp-content\\\/uploads\\\/2025\\\/09\\\/cropped-FAV_512x512px.png\",\"contentUrl\":\"https:\\\/\\\/skandiaelevator.com\\\/wp-content\\\/uploads\\\/2025\\\/09\\\/cropped-FAV_512x512px.png\",\"width\":512,\"height\":512,\"caption\":\"Skandia elevator\"},\"image\":{\"@id\":\"https:\\\/\\\/skandiaelevator.com\\\/#\\\/schema\\\/logo\\\/image\\\/\"}}]}<\/script>\n<!-- \/ Yoast SEO plugin. -->","yoast_head_json":{"title":"Herunterladen - Skandia elevator","description":"Laden Sie Brosch\u00fcren, Handb\u00fccher und technische Dokumente von Skandia Elevator herunter. Hier finden Sie alle Informationen, die Sie \u00fcber unsere Getreidetransportsysteme ben\u00f6tigen.","robots":{"index":"index","follow":"follow","max-snippet":"max-snippet:-1","max-image-preview":"max-image-preview:large","max-video-preview":"max-video-preview:-1"},"canonical":"https:\/\/skandiaelevator.com\/de\/herunterladen\/","og_locale":"de_DE","og_type":"article","og_title":"Herunterladen - Skandia elevator","og_description":"Laden Sie Brosch\u00fcren, Handb\u00fccher und technische Dokumente von Skandia Elevator herunter. Hier finden Sie alle Informationen, die Sie \u00fcber unsere Getreidetransportsysteme ben\u00f6tigen.","og_url":"https:\/\/skandiaelevator.com\/de\/herunterladen\/","og_site_name":"Skandia elevator","article_modified_time":"2025-10-07T11:59:40+00:00","og_image":[{"width":512,"height":512,"url":"https:\/\/skandiaelevator.com\/wp-content\/uploads\/2025\/09\/cropped-FAV_512x512px.png","type":"image\/png"}],"twitter_card":"summary_large_image","schema":{"@context":"https:\/\/schema.org","@graph":[{"@type":"WebPage","@id":"https:\/\/skandiaelevator.com\/de\/herunterladen\/","url":"https:\/\/skandiaelevator.com\/de\/herunterladen\/","name":"Herunterladen - Skandia elevator","isPartOf":{"@id":"https:\/\/skandiaelevator.com\/#website"},"datePublished":"2025-09-02T17:16:18+00:00","dateModified":"2025-10-07T11:59:40+00:00","description":"Laden Sie Brosch\u00fcren, Handb\u00fccher und technische Dokumente von Skandia Elevator herunter. Hier finden Sie alle Informationen, die Sie \u00fcber unsere Getreidetransportsysteme ben\u00f6tigen.","breadcrumb":{"@id":"https:\/\/skandiaelevator.com\/de\/herunterladen\/#breadcrumb"},"inLanguage":"de","potentialAction":[{"@type":"ReadAction","target":["https:\/\/skandiaelevator.com\/de\/herunterladen\/"]}]},{"@type":"BreadcrumbList","@id":"https:\/\/skandiaelevator.com\/de\/herunterladen\/#breadcrumb","itemListElement":[{"@type":"ListItem","position":1,"name":"Home","item":"https:\/\/skandiaelevator.com\/"},{"@type":"ListItem","position":2,"name":"Herunterladen"}]},{"@type":"WebSite","@id":"https:\/\/skandiaelevator.com\/#website","url":"https:\/\/skandiaelevator.com\/","name":"Skandia elevator","description":"","publisher":{"@id":"https:\/\/skandiaelevator.com\/#organization"},"potentialAction":[{"@type":"SearchAction","target":{"@type":"EntryPoint","urlTemplate":"https:\/\/skandiaelevator.com\/?s={search_term_string}"},"query-input":{"@type":"PropertyValueSpecification","valueRequired":true,"valueName":"search_term_string"}}],"inLanguage":"de"},{"@type":"Organization","@id":"https:\/\/skandiaelevator.com\/#organization","name":"Skandia elevator","url":"https:\/\/skandiaelevator.com\/","logo":{"@type":"ImageObject","inLanguage":"de","@id":"https:\/\/skandiaelevator.com\/#\/schema\/logo\/image\/","url":"https:\/\/skandiaelevator.com\/wp-content\/uploads\/2025\/09\/cropped-FAV_512x512px.png","contentUrl":"https:\/\/skandiaelevator.com\/wp-content\/uploads\/2025\/09\/cropped-FAV_512x512px.png","width":512,"height":512,"caption":"Skandia elevator"},"image":{"@id":"https:\/\/skandiaelevator.com\/#\/schema\/logo\/image\/"}}]}},"_links":{"self":[{"href":"https:\/\/skandiaelevator.com\/de\/wp-json\/wp\/v2\/pages\/7584","targetHints":{"allow":["GET"]}}],"collection":[{"href":"https:\/\/skandiaelevator.com\/de\/wp-json\/wp\/v2\/pages"}],"about":[{"href":"https:\/\/skandiaelevator.com\/de\/wp-json\/wp\/v2\/types\/page"}],"author":[{"embeddable":true,"href":"https:\/\/skandiaelevator.com\/de\/wp-json\/wp\/v2\/users\/1"}],"replies":[{"embeddable":true,"href":"https:\/\/skandiaelevator.com\/de\/wp-json\/wp\/v2\/comments?post=7584"}],"version-history":[{"count":6,"href":"https:\/\/skandiaelevator.com\/de\/wp-json\/wp\/v2\/pages\/7584\/revisions"}],"predecessor-version":[{"id":7693,"href":"https:\/\/skandiaelevator.com\/de\/wp-json\/wp\/v2\/pages\/7584\/revisions\/7693"}],"wp:attachment":[{"href":"https:\/\/skandiaelevator.com\/de\/wp-json\/wp\/v2\/media?parent=7584"}],"curies":[{"name":"wp","href":"https:\/\/api.w.org\/{rel}","templated":true}]}}