{"id":7582,"date":"2025-09-15T06:49:58","date_gmt":"2025-09-15T06:49:58","guid":{"rendered":"https:\/\/skandiaelevator.com\/whistleblowing-system\/"},"modified":"2025-10-07T09:53:30","modified_gmt":"2025-10-07T09:53:30","slug":"whistleblowing-system","status":"publish","type":"page","link":"https:\/\/skandiaelevator.com\/de\/whistleblowing-system\/","title":{"rendered":"Whistleblowing-System"},"content":{"rendered":"\t\t<div data-elementor-type=\"wp-page\" data-elementor-id=\"7582\" class=\"elementor elementor-7582 elementor-5878\" data-elementor-post-type=\"page\">\n\t\t\t\t<div class=\"elementor-element elementor-element-5eee3bbc e-flex e-con-boxed e-con e-parent\" data-id=\"5eee3bbc\" data-element_type=\"container\" data-e-type=\"container\">\n\t\t\t\t\t<div class=\"e-con-inner\">\n\t\t\t\t<div class=\"elementor-element elementor-element-144a6561 elementor-widget elementor-widget-breadcrumbs\" data-id=\"144a6561\" data-element_type=\"widget\" data-e-type=\"widget\" data-widget_type=\"breadcrumbs.default\">\n\t\t\t\t\t<p id=\"breadcrumbs\"><span><span><a href=\"https:\/\/skandiaelevator.com\/\">Home<\/a><\/span><\/span><\/p>\t\t\t\t<\/div>\n\t\t\t\t\t<\/div>\n\t\t\t\t<\/div>\n\t\t<div class=\"elementor-element elementor-element-2148ba53 e-flex e-con-boxed e-con e-parent\" data-id=\"2148ba53\" data-element_type=\"container\" data-e-type=\"container\">\n\t\t\t\t\t<div class=\"e-con-inner\">\n\t\t<div class=\"elementor-element elementor-element-1e6e01d8 e-con-full e-flex e-con e-child\" data-id=\"1e6e01d8\" data-element_type=\"container\" data-e-type=\"container\">\n\t\t<div class=\"elementor-element elementor-element-46085850 e-con-full e-flex e-con e-child\" data-id=\"46085850\" data-element_type=\"container\" data-e-type=\"container\">\n\t\t\t\t<div class=\"elementor-element elementor-element-1fb3926c elementor-widget elementor-widget-heading\" data-id=\"1fb3926c\" data-element_type=\"widget\" data-e-type=\"widget\" data-widget_type=\"heading.default\">\n\t\t\t\t\t<h2 class=\"elementor-heading-title elementor-size-default\">Skandia Elevator <br>Whistleblowing-System<\/h2>\t\t\t\t<\/div>\n\t\t\t\t<\/div>\n\t\t<div class=\"elementor-element elementor-element-75eaf6c1 e-con-full e-flex e-con e-child\" data-id=\"75eaf6c1\" data-element_type=\"container\" data-e-type=\"container\">\n\t\t\t\t<div class=\"elementor-element elementor-element-6953153e elementor-widget elementor-widget-text-editor\" data-id=\"6953153e\" data-element_type=\"widget\" data-e-type=\"widget\" data-widget_type=\"text-editor.default\">\n\t\t\t\t\t\t\t\t\t<p>Bei Skandia Elevator AB ist es uns wichtig, ein sicheres, faires und transparentes Unternehmen zu sein. Damit wollen wir sicherstellen, dass alle unsere Mitarbeiter ein gutes Arbeitsumfeld haben, dass unsere Kunden darauf vertrauen k\u00f6nnen, dass wir langfristig und nachhaltig arbeiten, und dass wir einen positiven Beitrag zu der Gesellschaft leisten, in der wir t\u00e4tig sind. Wir ermutigen daher unsere Mitarbeiter, Kunden, Lieferanten, Gesch\u00e4ftspartner und andere Interessengruppen, vermutetes berufliches Fehlverhalten und\/oder vermutete Missst\u00e4nde an unsere Whistleblowing-Funktion zu melden.  <\/p>\n\n<p>Wie von Skandia Elevator vorgeschrieben, muss im Falle von Vorf\u00e4llen oder Unregelm\u00e4\u00dfigkeiten ein Manager kontaktiert werden. Dies ist jedoch nicht immer der beste Weg und kann dazu f\u00fchren, dass Berichte nicht eingereicht werden. Skandia Elevator hat daher ein Whistleblowing-System eingef\u00fchrt, das Sie nutzen k\u00f6nnen, um Fehlverhalten zu melden, wenn Sie Ihren Vorgesetzten nicht kontaktieren k\u00f6nnen oder wollen oder wenn Sie einfach anonym bleiben m\u00f6chten.  <\/p>\n\n<p>Das Whistleblowing-System von Skandia Elevator wird von WhistleSystem ApS betrieben, wodurch die vollst\u00e4ndige Anonymit\u00e4t und Sicherheit von Hinweisgebern gew\u00e4hrleistet ist. Das Whistleblowing-System ist f\u00fcr Mitarbeiter oder andere Stakeholder gedacht, die schwerwiegende Unregelm\u00e4\u00dfigkeiten oder Fehlverhalten im Zusammenhang mit Skandia Elevator aufdecken. Die Whistleblower-Politik enth\u00e4lt Beispiele daf\u00fcr, was gemeldet werden kann.  <\/p>\n\n<p>Jeder, der Zugang zum System hat, kann Berichte einreichen. In Ihrem Unternehmen betrifft dies interne Beteiligte, die von Unregelm\u00e4\u00dfigkeiten betroffen waren. <\/p>\n\n<p>Whistleblower-Meldungen k\u00f6nnen sich auf Personen, Situationen und Ereignisse beziehen. Jeder Beteiligte kann eine Meldung einreichen, wenn sie die Meldekriterien erf\u00fcllt und sich auf Skandia Elevator bezieht. <\/p>\n\n<p>Das Whistleblowing-System kann nur genutzt werden, um schwerwiegende Unregelm\u00e4\u00dfigkeiten und Fehlverhalten zu melden. Fragen wie Probleme bei der Zusammenarbeit, Unzufriedenheit mit den R\u00e4umlichkeiten, den Arbeitsbedingungen oder dem Gehalt sollten nicht \u00fcber das Whistleblowing-System gemeldet werden. Stattdessen sollten Sie sich in solchen F\u00e4llen an Ihren Vorgesetzten wenden.  <\/p>\n\n<p>Sie k\u00f6nnen jedoch Alarm schlagen, wenn Sie wissen oder vermuten, dass innerhalb der Organisation Straftaten oder Unregelm\u00e4\u00dfigkeiten begangen werden &#8211; wie Bestechung, Verst\u00f6\u00dfe gegen Umwelt- oder Arbeitsrecht oder Veruntreuung. Es kann auch angebracht sein, bei Missst\u00e4nden in der Verwaltung, die gegen EU-Vorschriften versto\u00dfen &#8211; wie die Allgemeine Datenschutzverordnung (DSGVO) &#8211; Alarm zu schlagen. <\/p>\n\n<p>\u00dcber den Link zur Meldung einer Unregelm\u00e4\u00dfigkeit k\u00f6nnen Sie sich \u00fcber alle relevanten Informationen informieren, die Sie f\u00fcr eine Meldung ben\u00f6tigen, und erfahren, wie der Fall behandelt wird. Sie k\u00f6nnen selbst entscheiden, wie viele Informationen Sie zur Verf\u00fcgung stellen m\u00f6chten, und Ihnen wird w\u00e4hrend des gesamten Prozesses Anonymit\u00e4t garantiert. Sie k\u00f6nnen den Link auch \u00fcber das Intranet von Skandia Elevator aufrufen. Alle F\u00e4lle werden unverz\u00fcglich nach Eingang von einem unabh\u00e4ngigen Ermittler bei Skandia Elevator bearbeitet.   <\/p>\n\n<p>Alle eingereichten Meldungen werden mit einer eindeutigen Fallnummer und einem Pr\u00fcfcode versehen. Diese Angaben m\u00fcssen verwendet werden, um zus\u00e4tzliche Informationen zu \u00fcbermitteln oder um eine R\u00fcckmeldung zu dem Fall zu erhalten, die innerhalb von 90 Tagen nach Eingang erfolgt. Der Untersuchungsbeauftragte nimmt eine erste Bewertung des Falles vor, um festzustellen, ob er die Kriterien f\u00fcr die Bearbeitung durch die Whistleblowing-Funktion erf\u00fcllt.  <\/p>\n\n<p>Wie bereits erw\u00e4hnt, werden alle Meldungen vertraulich behandelt, und der Hinweisgeber bleibt w\u00e4hrend des gesamten Verfahrens v\u00f6llig anonym.<\/p>\t\t\t\t\t\t\t\t<\/div>\n\t\t\t\t<div class=\"elementor-element elementor-element-c335105 elementor-widget elementor-widget-button\" data-id=\"c335105\" data-element_type=\"widget\" data-e-type=\"widget\" data-widget_type=\"button.default\">\n\t\t\t\t\t\t\t\t\t\t<a class=\"elementor-button elementor-button-link elementor-size-sm\" href=\"https:\/\/skandiaelevator.whistlesystem.com\/login\/i96BwPYokLzNhiztKsl\" target=\"_blank\">\n\t\t\t\t\t\t<span class=\"elementor-button-content-wrapper\">\n\t\t\t\t\t\t\t\t\t<span class=\"elementor-button-text\">WHISTLEBLOWING-SYSTEM<\/span>\n\t\t\t\t\t<\/span>\n\t\t\t\t\t<\/a>\n\t\t\t\t\t\t\t\t<\/div>\n\t\t\t\t<\/div>\n\t\t\t\t<\/div>\n\t\t\t\t\t<\/div>\n\t\t\t\t<\/div>\n\t\t\t\t<\/div>\n\t\t","protected":false},"excerpt":{"rendered":"<p>Skandia Elevator Whistleblowing-System Bei Skandia Elevator AB ist es uns wichtig, ein sicheres, faires und transparentes Unternehmen zu sein. Damit wollen wir sicherstellen, dass alle unsere Mitarbeiter ein gutes Arbeitsumfeld haben, dass unsere Kunden darauf vertrauen k\u00f6nnen, dass wir langfristig und nachhaltig arbeiten, und dass wir einen positiven Beitrag zu der Gesellschaft leisten, in der [&hellip;]<\/p>\n","protected":false},"author":1,"featured_media":0,"parent":0,"menu_order":0,"comment_status":"closed","ping_status":"closed","template":"","meta":{"_acf_changed":false,"footnotes":""},"class_list":["post-7582","page","type-page","status-publish","hentry"],"acf":[],"yoast_head":"<!-- This site is optimized with the Yoast SEO plugin v27.5 - https:\/\/yoast.com\/product\/yoast-seo-wordpress\/ -->\n<title>Whistleblowing-System - Skandia elevator<\/title>\n<meta name=\"description\" content=\"Erfahren Sie mehr \u00fcber das sichere Whistleblowing-System von Skandia Elevator. Wir f\u00f6rdern Transparenz, Sicherheit und die M\u00f6glichkeit, Fehlverhalten sicher zu melden.\" \/>\n<meta name=\"robots\" content=\"index, follow, max-snippet:-1, max-image-preview:large, max-video-preview:-1\" \/>\n<link rel=\"canonical\" href=\"https:\/\/skandiaelevator.com\/de\/whistleblowing-system\/\" \/>\n<meta property=\"og:locale\" content=\"de_DE\" \/>\n<meta property=\"og:type\" content=\"article\" \/>\n<meta property=\"og:title\" content=\"Whistleblowing-System - Skandia elevator\" \/>\n<meta property=\"og:description\" content=\"Erfahren Sie mehr \u00fcber das sichere Whistleblowing-System von Skandia Elevator. Wir f\u00f6rdern Transparenz, Sicherheit und die M\u00f6glichkeit, Fehlverhalten sicher zu melden.\" \/>\n<meta property=\"og:url\" content=\"https:\/\/skandiaelevator.com\/de\/whistleblowing-system\/\" \/>\n<meta property=\"og:site_name\" content=\"Skandia elevator\" \/>\n<meta property=\"article:modified_time\" content=\"2025-10-07T09:53:30+00:00\" \/>\n<meta property=\"og:image\" content=\"https:\/\/skandiaelevator.com\/wp-content\/uploads\/2025\/09\/cropped-FAV_512x512px.png\" \/>\n\t<meta property=\"og:image:width\" content=\"512\" \/>\n\t<meta property=\"og:image:height\" content=\"512\" \/>\n\t<meta property=\"og:image:type\" content=\"image\/png\" \/>\n<meta name=\"twitter:card\" content=\"summary_large_image\" \/>\n<meta name=\"twitter:label1\" content=\"Gesch\u00e4tzte Lesezeit\" \/>\n\t<meta name=\"twitter:data1\" content=\"3\u00a0Minuten\" \/>\n<script type=\"application\/ld+json\" class=\"yoast-schema-graph\">{\"@context\":\"https:\\\/\\\/schema.org\",\"@graph\":[{\"@type\":\"WebPage\",\"@id\":\"https:\\\/\\\/skandiaelevator.com\\\/de\\\/whistleblowing-system\\\/\",\"url\":\"https:\\\/\\\/skandiaelevator.com\\\/de\\\/whistleblowing-system\\\/\",\"name\":\"Whistleblowing-System - Skandia elevator\",\"isPartOf\":{\"@id\":\"https:\\\/\\\/skandiaelevator.com\\\/#website\"},\"datePublished\":\"2025-09-15T06:49:58+00:00\",\"dateModified\":\"2025-10-07T09:53:30+00:00\",\"description\":\"Erfahren Sie mehr \u00fcber das sichere Whistleblowing-System von Skandia Elevator. Wir f\u00f6rdern Transparenz, Sicherheit und die M\u00f6glichkeit, Fehlverhalten sicher zu melden.\",\"breadcrumb\":{\"@id\":\"https:\\\/\\\/skandiaelevator.com\\\/de\\\/whistleblowing-system\\\/#breadcrumb\"},\"inLanguage\":\"de\",\"potentialAction\":[{\"@type\":\"ReadAction\",\"target\":[\"https:\\\/\\\/skandiaelevator.com\\\/de\\\/whistleblowing-system\\\/\"]}]},{\"@type\":\"BreadcrumbList\",\"@id\":\"https:\\\/\\\/skandiaelevator.com\\\/de\\\/whistleblowing-system\\\/#breadcrumb\",\"itemListElement\":[{\"@type\":\"ListItem\",\"position\":1,\"name\":\"Home\",\"item\":\"https:\\\/\\\/skandiaelevator.com\\\/\"},{\"@type\":\"ListItem\",\"position\":2,\"name\":\"Whistleblowing-System\"}]},{\"@type\":\"WebSite\",\"@id\":\"https:\\\/\\\/skandiaelevator.com\\\/#website\",\"url\":\"https:\\\/\\\/skandiaelevator.com\\\/\",\"name\":\"Skandia elevator\",\"description\":\"\",\"publisher\":{\"@id\":\"https:\\\/\\\/skandiaelevator.com\\\/#organization\"},\"potentialAction\":[{\"@type\":\"SearchAction\",\"target\":{\"@type\":\"EntryPoint\",\"urlTemplate\":\"https:\\\/\\\/skandiaelevator.com\\\/?s={search_term_string}\"},\"query-input\":{\"@type\":\"PropertyValueSpecification\",\"valueRequired\":true,\"valueName\":\"search_term_string\"}}],\"inLanguage\":\"de\"},{\"@type\":\"Organization\",\"@id\":\"https:\\\/\\\/skandiaelevator.com\\\/#organization\",\"name\":\"Skandia elevator\",\"url\":\"https:\\\/\\\/skandiaelevator.com\\\/\",\"logo\":{\"@type\":\"ImageObject\",\"inLanguage\":\"de\",\"@id\":\"https:\\\/\\\/skandiaelevator.com\\\/#\\\/schema\\\/logo\\\/image\\\/\",\"url\":\"https:\\\/\\\/skandiaelevator.com\\\/wp-content\\\/uploads\\\/2025\\\/09\\\/cropped-FAV_512x512px.png\",\"contentUrl\":\"https:\\\/\\\/skandiaelevator.com\\\/wp-content\\\/uploads\\\/2025\\\/09\\\/cropped-FAV_512x512px.png\",\"width\":512,\"height\":512,\"caption\":\"Skandia elevator\"},\"image\":{\"@id\":\"https:\\\/\\\/skandiaelevator.com\\\/#\\\/schema\\\/logo\\\/image\\\/\"}}]}<\/script>\n<!-- \/ Yoast SEO plugin. -->","yoast_head_json":{"title":"Whistleblowing-System - Skandia elevator","description":"Erfahren Sie mehr \u00fcber das sichere Whistleblowing-System von Skandia Elevator. Wir f\u00f6rdern Transparenz, Sicherheit und die M\u00f6glichkeit, Fehlverhalten sicher zu melden.","robots":{"index":"index","follow":"follow","max-snippet":"max-snippet:-1","max-image-preview":"max-image-preview:large","max-video-preview":"max-video-preview:-1"},"canonical":"https:\/\/skandiaelevator.com\/de\/whistleblowing-system\/","og_locale":"de_DE","og_type":"article","og_title":"Whistleblowing-System - Skandia elevator","og_description":"Erfahren Sie mehr \u00fcber das sichere Whistleblowing-System von Skandia Elevator. Wir f\u00f6rdern Transparenz, Sicherheit und die M\u00f6glichkeit, Fehlverhalten sicher zu melden.","og_url":"https:\/\/skandiaelevator.com\/de\/whistleblowing-system\/","og_site_name":"Skandia elevator","article_modified_time":"2025-10-07T09:53:30+00:00","og_image":[{"width":512,"height":512,"url":"https:\/\/skandiaelevator.com\/wp-content\/uploads\/2025\/09\/cropped-FAV_512x512px.png","type":"image\/png"}],"twitter_card":"summary_large_image","twitter_misc":{"Gesch\u00e4tzte Lesezeit":"3\u00a0Minuten"},"schema":{"@context":"https:\/\/schema.org","@graph":[{"@type":"WebPage","@id":"https:\/\/skandiaelevator.com\/de\/whistleblowing-system\/","url":"https:\/\/skandiaelevator.com\/de\/whistleblowing-system\/","name":"Whistleblowing-System - Skandia elevator","isPartOf":{"@id":"https:\/\/skandiaelevator.com\/#website"},"datePublished":"2025-09-15T06:49:58+00:00","dateModified":"2025-10-07T09:53:30+00:00","description":"Erfahren Sie mehr \u00fcber das sichere Whistleblowing-System von Skandia Elevator. Wir f\u00f6rdern Transparenz, Sicherheit und die M\u00f6glichkeit, Fehlverhalten sicher zu melden.","breadcrumb":{"@id":"https:\/\/skandiaelevator.com\/de\/whistleblowing-system\/#breadcrumb"},"inLanguage":"de","potentialAction":[{"@type":"ReadAction","target":["https:\/\/skandiaelevator.com\/de\/whistleblowing-system\/"]}]},{"@type":"BreadcrumbList","@id":"https:\/\/skandiaelevator.com\/de\/whistleblowing-system\/#breadcrumb","itemListElement":[{"@type":"ListItem","position":1,"name":"Home","item":"https:\/\/skandiaelevator.com\/"},{"@type":"ListItem","position":2,"name":"Whistleblowing-System"}]},{"@type":"WebSite","@id":"https:\/\/skandiaelevator.com\/#website","url":"https:\/\/skandiaelevator.com\/","name":"Skandia elevator","description":"","publisher":{"@id":"https:\/\/skandiaelevator.com\/#organization"},"potentialAction":[{"@type":"SearchAction","target":{"@type":"EntryPoint","urlTemplate":"https:\/\/skandiaelevator.com\/?s={search_term_string}"},"query-input":{"@type":"PropertyValueSpecification","valueRequired":true,"valueName":"search_term_string"}}],"inLanguage":"de"},{"@type":"Organization","@id":"https:\/\/skandiaelevator.com\/#organization","name":"Skandia elevator","url":"https:\/\/skandiaelevator.com\/","logo":{"@type":"ImageObject","inLanguage":"de","@id":"https:\/\/skandiaelevator.com\/#\/schema\/logo\/image\/","url":"https:\/\/skandiaelevator.com\/wp-content\/uploads\/2025\/09\/cropped-FAV_512x512px.png","contentUrl":"https:\/\/skandiaelevator.com\/wp-content\/uploads\/2025\/09\/cropped-FAV_512x512px.png","width":512,"height":512,"caption":"Skandia elevator"},"image":{"@id":"https:\/\/skandiaelevator.com\/#\/schema\/logo\/image\/"}}]}},"_links":{"self":[{"href":"https:\/\/skandiaelevator.com\/de\/wp-json\/wp\/v2\/pages\/7582","targetHints":{"allow":["GET"]}}],"collection":[{"href":"https:\/\/skandiaelevator.com\/de\/wp-json\/wp\/v2\/pages"}],"about":[{"href":"https:\/\/skandiaelevator.com\/de\/wp-json\/wp\/v2\/types\/page"}],"author":[{"embeddable":true,"href":"https:\/\/skandiaelevator.com\/de\/wp-json\/wp\/v2\/users\/1"}],"replies":[{"embeddable":true,"href":"https:\/\/skandiaelevator.com\/de\/wp-json\/wp\/v2\/comments?post=7582"}],"version-history":[{"count":1,"href":"https:\/\/skandiaelevator.com\/de\/wp-json\/wp\/v2\/pages\/7582\/revisions"}],"predecessor-version":[{"id":7583,"href":"https:\/\/skandiaelevator.com\/de\/wp-json\/wp\/v2\/pages\/7582\/revisions\/7583"}],"wp:attachment":[{"href":"https:\/\/skandiaelevator.com\/de\/wp-json\/wp\/v2\/media?parent=7582"}],"curies":[{"name":"wp","href":"https:\/\/api.w.org\/{rel}","templated":true}]}}