{"id":7580,"date":"2025-09-02T13:04:18","date_gmt":"2025-09-02T13:04:18","guid":{"rendered":"https:\/\/skandiaelevator.com\/cookie-richtlinie\/"},"modified":"2025-10-31T10:37:04","modified_gmt":"2025-10-31T10:37:04","slug":"cookie-richtlinie","status":"publish","type":"page","link":"https:\/\/skandiaelevator.com\/de\/cookie-richtlinie\/","title":{"rendered":"Cookie-Richtlinie"},"content":{"rendered":"\t\t<div data-elementor-type=\"wp-page\" data-elementor-id=\"7580\" class=\"elementor elementor-7580 elementor-1966\" data-elementor-post-type=\"page\">\n\t\t\t\t<div class=\"elementor-element elementor-element-dfbca4d e-flex e-con-boxed e-con e-parent\" data-id=\"dfbca4d\" data-element_type=\"container\" data-e-type=\"container\">\n\t\t\t\t\t<div class=\"e-con-inner\">\n\t\t\t\t<div class=\"elementor-element elementor-element-3c52b3b elementor-widget elementor-widget-breadcrumbs\" data-id=\"3c52b3b\" data-element_type=\"widget\" data-e-type=\"widget\" data-widget_type=\"breadcrumbs.default\">\n\t\t\t\t\t<p id=\"breadcrumbs\"><span><span><a href=\"https:\/\/skandiaelevator.com\/\">Home<\/a><\/span><\/span><\/p>\t\t\t\t<\/div>\n\t\t\t\t\t<\/div>\n\t\t\t\t<\/div>\n\t\t<div class=\"elementor-element elementor-element-41cf533a e-flex e-con-boxed e-con e-parent\" data-id=\"41cf533a\" data-element_type=\"container\" data-e-type=\"container\">\n\t\t\t\t\t<div class=\"e-con-inner\">\n\t\t<div class=\"elementor-element elementor-element-4a070330 e-con-full e-flex e-con e-child\" data-id=\"4a070330\" data-element_type=\"container\" data-e-type=\"container\">\n\t\t<div class=\"elementor-element elementor-element-14024a16 e-con-full e-flex e-con e-child\" data-id=\"14024a16\" data-element_type=\"container\" data-e-type=\"container\">\n\t\t\t\t<div class=\"elementor-element elementor-element-72c47166 elementor-widget elementor-widget-heading\" data-id=\"72c47166\" data-element_type=\"widget\" data-e-type=\"widget\" data-widget_type=\"heading.default\">\n\t\t\t\t\t<h2 class=\"elementor-heading-title elementor-size-default\">Cookie-Richtlinie<\/h2>\t\t\t\t<\/div>\n\t\t\t\t<\/div>\n\t\t<div class=\"elementor-element elementor-element-211c22b6 e-con-full e-flex e-con e-child\" data-id=\"211c22b6\" data-element_type=\"container\" data-e-type=\"container\">\n\t\t\t\t<div class=\"elementor-element elementor-element-485fb118 elementor-widget elementor-widget-text-editor\" data-id=\"485fb118\" data-element_type=\"widget\" data-e-type=\"widget\" data-widget_type=\"text-editor.default\">\n\t\t\t\t\t\t\t\t\t<p><b>\u00dcber Cookies auf skandiaelevator.com<br><\/b>Wir bei Skandia Elevator verwenden Cookies, um Ihnen die bestm\u00f6gliche Nutzung unserer Website zu erm\u00f6glichen. Cookies helfen uns, die Funktionalit\u00e4t zu verbessern, die Nutzung der Website zu analysieren und gelegentlich Inhalte zu personalisieren. <\/p><p><strong>Was sind Cookies?<\/strong><br>Cookies sind kleine Textdateien, die auf Ihrem Ger\u00e4t gespeichert werden, wenn Sie eine Website besuchen. Sie k\u00f6nnen verwendet werden, um Ihre Einstellungen zu speichern, die Leistung zu verbessern oder anonyme Statistiken \u00fcber die Nutzung der Website zu sammeln. <\/p><p><strong>Welche Arten von Cookies verwenden wir?<\/strong><\/p><ul><li>Notwendige Cookies &#8211; erforderlich, damit die Website ordnungsgem\u00e4\u00df funktioniert.<\/li><li>Analytics-Cookies &#8211; helfen uns zu verstehen, wie Besucher mit der Website interagieren.<\/li><li>Funktionale Cookies &#8211; werden verwendet, um Pr\u00e4ferenzen zu speichern und Ihre Erfahrung zu verbessern.<\/li><\/ul><p><strong>Verwaltung von Cookies<\/strong><br>Sie k\u00f6nnen w\u00e4hlen, ob Sie Cookies akzeptieren m\u00f6chten. Die meisten Browser akzeptieren Cookies automatisch, aber Sie k\u00f6nnen Ihre Browser-Einstellungen so anpassen, dass sie blockiert oder gel\u00f6scht werden, wenn Sie dies w\u00fcnschen. <\/p><p><strong>Weitere Informationen<\/strong><br>Weitere Informationen \u00fcber den Umgang mit personenbezogenen Daten finden Sie in unserer <a href=\"https:\/\/skandiaelevator.com\/de\/datenschutzbestimmungen\/\">Datenschutzrichtlinie.<\/a><\/p>\t\t\t\t\t\t\t\t<\/div>\n\t\t\t\t<\/div>\n\t\t\t\t<\/div>\n\t\t\t\t\t<\/div>\n\t\t\t\t<\/div>\n\t\t\t\t<\/div>\n\t\t","protected":false},"excerpt":{"rendered":"<p>Cookie-Richtlinie \u00dcber Cookies auf skandiaelevator.comWir bei Skandia Elevator verwenden Cookies, um Ihnen die bestm\u00f6gliche Nutzung unserer Website zu erm\u00f6glichen. Cookies helfen uns, die Funktionalit\u00e4t zu verbessern, die Nutzung der Website zu analysieren und gelegentlich Inhalte zu personalisieren. Was sind Cookies?Cookies sind kleine Textdateien, die auf Ihrem Ger\u00e4t gespeichert werden, wenn Sie eine Website besuchen. Sie [&hellip;]<\/p>\n","protected":false},"author":1,"featured_media":0,"parent":0,"menu_order":0,"comment_status":"closed","ping_status":"closed","template":"","meta":{"_acf_changed":false,"footnotes":""},"class_list":["post-7580","page","type-page","status-publish","hentry"],"acf":[],"yoast_head":"<!-- This site is optimized with the Yoast SEO plugin v27.5 - https:\/\/yoast.com\/product\/yoast-seo-wordpress\/ -->\n<title>Cookie-Richtlinie - Skandia elevator<\/title>\n<meta name=\"description\" content=\"Lesen Sie die Cookie-Richtlinie von Skandia Elevator, um zu erfahren, wie wir Cookies verwenden, um Ihre Erfahrung zu verbessern, den Datenverkehr zu analysieren und unsere Webinhalte anzupassen.\" \/>\n<meta name=\"robots\" content=\"index, follow, max-snippet:-1, max-image-preview:large, max-video-preview:-1\" \/>\n<link rel=\"canonical\" href=\"https:\/\/skandiaelevator.com\/de\/cookie-richtlinie\/\" \/>\n<meta property=\"og:locale\" content=\"de_DE\" \/>\n<meta property=\"og:type\" content=\"article\" \/>\n<meta property=\"og:title\" content=\"Cookie-Richtlinie - Skandia elevator\" \/>\n<meta property=\"og:description\" content=\"Lesen Sie die Cookie-Richtlinie von Skandia Elevator, um zu erfahren, wie wir Cookies verwenden, um Ihre Erfahrung zu verbessern, den Datenverkehr zu analysieren und unsere Webinhalte anzupassen.\" \/>\n<meta property=\"og:url\" content=\"https:\/\/skandiaelevator.com\/de\/cookie-richtlinie\/\" \/>\n<meta property=\"og:site_name\" content=\"Skandia elevator\" \/>\n<meta property=\"article:modified_time\" content=\"2025-10-31T10:37:04+00:00\" \/>\n<meta property=\"og:image\" content=\"https:\/\/skandiaelevator.com\/wp-content\/uploads\/2025\/09\/cropped-FAV_512x512px.png\" \/>\n\t<meta property=\"og:image:width\" content=\"512\" \/>\n\t<meta property=\"og:image:height\" content=\"512\" \/>\n\t<meta property=\"og:image:type\" content=\"image\/png\" \/>\n<meta name=\"twitter:card\" content=\"summary_large_image\" \/>\n<meta name=\"twitter:label1\" content=\"Gesch\u00e4tzte Lesezeit\" \/>\n\t<meta name=\"twitter:data1\" content=\"1\u00a0Minute\" \/>\n<script type=\"application\/ld+json\" class=\"yoast-schema-graph\">{\"@context\":\"https:\\\/\\\/schema.org\",\"@graph\":[{\"@type\":\"WebPage\",\"@id\":\"https:\\\/\\\/skandiaelevator.com\\\/de\\\/cookie-richtlinie\\\/\",\"url\":\"https:\\\/\\\/skandiaelevator.com\\\/de\\\/cookie-richtlinie\\\/\",\"name\":\"Cookie-Richtlinie - Skandia elevator\",\"isPartOf\":{\"@id\":\"https:\\\/\\\/skandiaelevator.com\\\/#website\"},\"datePublished\":\"2025-09-02T13:04:18+00:00\",\"dateModified\":\"2025-10-31T10:37:04+00:00\",\"description\":\"Lesen Sie die Cookie-Richtlinie von Skandia Elevator, um zu erfahren, wie wir Cookies verwenden, um Ihre Erfahrung zu verbessern, den Datenverkehr zu analysieren und unsere Webinhalte anzupassen.\",\"breadcrumb\":{\"@id\":\"https:\\\/\\\/skandiaelevator.com\\\/de\\\/cookie-richtlinie\\\/#breadcrumb\"},\"inLanguage\":\"de\",\"potentialAction\":[{\"@type\":\"ReadAction\",\"target\":[\"https:\\\/\\\/skandiaelevator.com\\\/de\\\/cookie-richtlinie\\\/\"]}]},{\"@type\":\"BreadcrumbList\",\"@id\":\"https:\\\/\\\/skandiaelevator.com\\\/de\\\/cookie-richtlinie\\\/#breadcrumb\",\"itemListElement\":[{\"@type\":\"ListItem\",\"position\":1,\"name\":\"Home\",\"item\":\"https:\\\/\\\/skandiaelevator.com\\\/\"},{\"@type\":\"ListItem\",\"position\":2,\"name\":\"Cookie-Richtlinie\"}]},{\"@type\":\"WebSite\",\"@id\":\"https:\\\/\\\/skandiaelevator.com\\\/#website\",\"url\":\"https:\\\/\\\/skandiaelevator.com\\\/\",\"name\":\"Skandia elevator\",\"description\":\"\",\"publisher\":{\"@id\":\"https:\\\/\\\/skandiaelevator.com\\\/#organization\"},\"potentialAction\":[{\"@type\":\"SearchAction\",\"target\":{\"@type\":\"EntryPoint\",\"urlTemplate\":\"https:\\\/\\\/skandiaelevator.com\\\/?s={search_term_string}\"},\"query-input\":{\"@type\":\"PropertyValueSpecification\",\"valueRequired\":true,\"valueName\":\"search_term_string\"}}],\"inLanguage\":\"de\"},{\"@type\":\"Organization\",\"@id\":\"https:\\\/\\\/skandiaelevator.com\\\/#organization\",\"name\":\"Skandia elevator\",\"url\":\"https:\\\/\\\/skandiaelevator.com\\\/\",\"logo\":{\"@type\":\"ImageObject\",\"inLanguage\":\"de\",\"@id\":\"https:\\\/\\\/skandiaelevator.com\\\/#\\\/schema\\\/logo\\\/image\\\/\",\"url\":\"https:\\\/\\\/skandiaelevator.com\\\/wp-content\\\/uploads\\\/2025\\\/09\\\/cropped-FAV_512x512px.png\",\"contentUrl\":\"https:\\\/\\\/skandiaelevator.com\\\/wp-content\\\/uploads\\\/2025\\\/09\\\/cropped-FAV_512x512px.png\",\"width\":512,\"height\":512,\"caption\":\"Skandia elevator\"},\"image\":{\"@id\":\"https:\\\/\\\/skandiaelevator.com\\\/#\\\/schema\\\/logo\\\/image\\\/\"}}]}<\/script>\n<!-- \/ Yoast SEO plugin. -->","yoast_head_json":{"title":"Cookie-Richtlinie - Skandia elevator","description":"Lesen Sie die Cookie-Richtlinie von Skandia Elevator, um zu erfahren, wie wir Cookies verwenden, um Ihre Erfahrung zu verbessern, den Datenverkehr zu analysieren und unsere Webinhalte anzupassen.","robots":{"index":"index","follow":"follow","max-snippet":"max-snippet:-1","max-image-preview":"max-image-preview:large","max-video-preview":"max-video-preview:-1"},"canonical":"https:\/\/skandiaelevator.com\/de\/cookie-richtlinie\/","og_locale":"de_DE","og_type":"article","og_title":"Cookie-Richtlinie - Skandia elevator","og_description":"Lesen Sie die Cookie-Richtlinie von Skandia Elevator, um zu erfahren, wie wir Cookies verwenden, um Ihre Erfahrung zu verbessern, den Datenverkehr zu analysieren und unsere Webinhalte anzupassen.","og_url":"https:\/\/skandiaelevator.com\/de\/cookie-richtlinie\/","og_site_name":"Skandia elevator","article_modified_time":"2025-10-31T10:37:04+00:00","og_image":[{"width":512,"height":512,"url":"https:\/\/skandiaelevator.com\/wp-content\/uploads\/2025\/09\/cropped-FAV_512x512px.png","type":"image\/png"}],"twitter_card":"summary_large_image","twitter_misc":{"Gesch\u00e4tzte Lesezeit":"1\u00a0Minute"},"schema":{"@context":"https:\/\/schema.org","@graph":[{"@type":"WebPage","@id":"https:\/\/skandiaelevator.com\/de\/cookie-richtlinie\/","url":"https:\/\/skandiaelevator.com\/de\/cookie-richtlinie\/","name":"Cookie-Richtlinie - Skandia elevator","isPartOf":{"@id":"https:\/\/skandiaelevator.com\/#website"},"datePublished":"2025-09-02T13:04:18+00:00","dateModified":"2025-10-31T10:37:04+00:00","description":"Lesen Sie die Cookie-Richtlinie von Skandia Elevator, um zu erfahren, wie wir Cookies verwenden, um Ihre Erfahrung zu verbessern, den Datenverkehr zu analysieren und unsere Webinhalte anzupassen.","breadcrumb":{"@id":"https:\/\/skandiaelevator.com\/de\/cookie-richtlinie\/#breadcrumb"},"inLanguage":"de","potentialAction":[{"@type":"ReadAction","target":["https:\/\/skandiaelevator.com\/de\/cookie-richtlinie\/"]}]},{"@type":"BreadcrumbList","@id":"https:\/\/skandiaelevator.com\/de\/cookie-richtlinie\/#breadcrumb","itemListElement":[{"@type":"ListItem","position":1,"name":"Home","item":"https:\/\/skandiaelevator.com\/"},{"@type":"ListItem","position":2,"name":"Cookie-Richtlinie"}]},{"@type":"WebSite","@id":"https:\/\/skandiaelevator.com\/#website","url":"https:\/\/skandiaelevator.com\/","name":"Skandia elevator","description":"","publisher":{"@id":"https:\/\/skandiaelevator.com\/#organization"},"potentialAction":[{"@type":"SearchAction","target":{"@type":"EntryPoint","urlTemplate":"https:\/\/skandiaelevator.com\/?s={search_term_string}"},"query-input":{"@type":"PropertyValueSpecification","valueRequired":true,"valueName":"search_term_string"}}],"inLanguage":"de"},{"@type":"Organization","@id":"https:\/\/skandiaelevator.com\/#organization","name":"Skandia elevator","url":"https:\/\/skandiaelevator.com\/","logo":{"@type":"ImageObject","inLanguage":"de","@id":"https:\/\/skandiaelevator.com\/#\/schema\/logo\/image\/","url":"https:\/\/skandiaelevator.com\/wp-content\/uploads\/2025\/09\/cropped-FAV_512x512px.png","contentUrl":"https:\/\/skandiaelevator.com\/wp-content\/uploads\/2025\/09\/cropped-FAV_512x512px.png","width":512,"height":512,"caption":"Skandia elevator"},"image":{"@id":"https:\/\/skandiaelevator.com\/#\/schema\/logo\/image\/"}}]}},"_links":{"self":[{"href":"https:\/\/skandiaelevator.com\/de\/wp-json\/wp\/v2\/pages\/7580","targetHints":{"allow":["GET"]}}],"collection":[{"href":"https:\/\/skandiaelevator.com\/de\/wp-json\/wp\/v2\/pages"}],"about":[{"href":"https:\/\/skandiaelevator.com\/de\/wp-json\/wp\/v2\/types\/page"}],"author":[{"embeddable":true,"href":"https:\/\/skandiaelevator.com\/de\/wp-json\/wp\/v2\/users\/1"}],"replies":[{"embeddable":true,"href":"https:\/\/skandiaelevator.com\/de\/wp-json\/wp\/v2\/comments?post=7580"}],"version-history":[{"count":5,"href":"https:\/\/skandiaelevator.com\/de\/wp-json\/wp\/v2\/pages\/7580\/revisions"}],"predecessor-version":[{"id":8076,"href":"https:\/\/skandiaelevator.com\/de\/wp-json\/wp\/v2\/pages\/7580\/revisions\/8076"}],"wp:attachment":[{"href":"https:\/\/skandiaelevator.com\/de\/wp-json\/wp\/v2\/media?parent=7580"}],"curies":[{"name":"wp","href":"https:\/\/api.w.org\/{rel}","templated":true}]}}