{"id":7578,"date":"2025-10-01T06:36:37","date_gmt":"2025-10-01T06:36:37","guid":{"rendered":"https:\/\/skandiaelevator.com\/betreuung-durch-den-arbeitgeber\/"},"modified":"2026-03-16T12:26:54","modified_gmt":"2026-03-16T12:26:54","slug":"betreuung-durch-den-arbeitgeber","status":"publish","type":"page","link":"https:\/\/skandiaelevator.com\/de\/karriere\/betreuung-durch-den-arbeitgeber\/","title":{"rendered":"Betreuung durch den Arbeitgeber"},"content":{"rendered":"\t\t<div data-elementor-type=\"wp-page\" data-elementor-id=\"7578\" class=\"elementor elementor-7578\" data-elementor-post-type=\"page\">\n\t\t\t\t<div class=\"elementor-element elementor-element-16cc4baf e-flex e-con-boxed e-con e-parent\" data-id=\"16cc4baf\" data-element_type=\"container\" data-e-type=\"container\">\n\t\t\t\t\t<div class=\"e-con-inner\">\n\t\t\t\t<div class=\"elementor-element elementor-element-1cc2d1c4 elementor-widget elementor-widget-breadcrumbs\" data-id=\"1cc2d1c4\" data-element_type=\"widget\" data-e-type=\"widget\" data-widget_type=\"breadcrumbs.default\">\n\t\t\t\t\t<p id=\"breadcrumbs\"><span><span><a href=\"https:\/\/skandiaelevator.com\/\">Home<\/a><\/span><\/span><\/p>\t\t\t\t<\/div>\n\t\t\t\t\t<\/div>\n\t\t\t\t<\/div>\n\t\t<div class=\"elementor-element elementor-element-56c02592 e-flex e-con-boxed e-con e-parent\" data-id=\"56c02592\" data-element_type=\"container\" data-e-type=\"container\">\n\t\t\t\t\t<div class=\"e-con-inner\">\n\t\t<div class=\"elementor-element elementor-element-2ea73a42 e-con-full e-flex e-con e-child\" data-id=\"2ea73a42\" data-element_type=\"container\" data-e-type=\"container\">\n\t\t<div class=\"elementor-element elementor-element-7a9133ea e-con-full e-flex e-con e-child\" data-id=\"7a9133ea\" data-element_type=\"container\" data-e-type=\"container\">\n\t\t\t\t<div class=\"elementor-element elementor-element-125bff8f elementor-widget elementor-widget-heading\" data-id=\"125bff8f\" data-element_type=\"widget\" data-e-type=\"widget\" data-widget_type=\"heading.default\">\n\t\t\t\t\t<h2 class=\"elementor-heading-title elementor-size-default\">Betreuung durch den Arbeitgeber<\/h2>\t\t\t\t<\/div>\n\t\t\t\t<\/div>\n\t\t<div class=\"elementor-element elementor-element-7a964e6f e-con-full e-flex e-con e-child\" data-id=\"7a964e6f\" data-element_type=\"container\" data-e-type=\"container\">\n\t\t\t\t<div class=\"elementor-element elementor-element-2453ab69 elementor-widget elementor-widget-text-editor\" data-id=\"2453ab69\" data-element_type=\"widget\" data-e-type=\"widget\" data-widget_type=\"text-editor.default\">\n\t\t\t\t\t\t\t\t\t<p>Die Mitarbeiterbetreuung liegt uns am Herzen, und wir m\u00f6chten, dass sich jedes Teammitglied wohlf\u00fchlt und Freude an seiner Arbeit hat. Sowohl Festangestellten als auch Zeitarbeitskr\u00e4ften wird ein Wellness-Zuschuss gew\u00e4hrt, und es besteht die M\u00f6glichkeit, w\u00e4hrend der Arbeitszeit Massagen in Anspruch zu nehmen. Als Mitarbeiter von Skandia Elevator haben Sie au\u00dferdem freien Zugang zum Schwimmen im N\u00e4steg\u00e5rdsbadet in Kv\u00e4num und im Vara Badhus.  <\/p><p>Unser Versprechen an alle Mitarbeiter lautet:<\/p><ul><li>Schaffen Sie Bedingungen, die sicherstellen, dass sich jeder bei<br>wohl f\u00fchlt und motiviert arbeitet.<\/li><li>Bereitstellung der erforderlichen Schulungen, damit sie ihre Aufgaben wirksam erf\u00fcllen k\u00f6nnen.<\/li><li>F\u00f6rdern Sie die Entwicklung von F\u00e4higkeiten, die Kreativit\u00e4t und Wachstum sowohl f\u00fcr den Einzelnen als auch f\u00fcr das Unternehmen anregen<br>.<\/li><li>Behalten Sie eine positive Einstellung zur internen Mobilit\u00e4t bei, indem Sie Ihren Mitarbeitern die M\u00f6glichkeit geben, neue Rollen auszuprobieren und neue Entwicklungsm\u00f6glichkeiten zu erhalten.<\/li><li>Von den F\u00fchrungskr\u00e4ften bei Skandia Elevator wird erwartet, dass sie:<\/li><li>Zielgerichtetes Arbeiten, um sicherzustellen, dass die Organisation durch Arbeitszufriedenheit, Effizienz und Entwicklung gekennzeichnet ist.<\/li><li>Regelm\u00e4\u00dfige Leistungs- und Entwicklungsbeurteilungen durchf\u00fchren und dabei die Entwicklung von F\u00e4higkeiten<br>auf der Grundlage der individuellen und organisatorischen Bed\u00fcrfnisse er\u00f6rtern.<\/li><li>Seien Sie innovativ, lassen Sie sich auf neue Ideen ein und gehen Sie mit gutem Beispiel voran.<\/li><li>Sie f\u00f6rdern die Beteiligung und gew\u00e4hren ihren Teams Freiraum mit Verantwortung.<\/li><\/ul><p><strong>KRANKHEITSURLAUB UND REHABILITATION<br><\/strong><\/p><p>Unser Ziel ist es, dass niemand aufgrund seiner Arbeit krankgeschrieben werden muss.<br>F\u00fchrungskr\u00e4fte und Mitarbeiter m\u00fcssen gemeinsam auf fr\u00fche Anzeichen von Krankheit achten und l\u00f6sungsorientiert handeln. Wir haben auch gut ausgearbeitete Pl\u00e4ne f\u00fcr die Rehabilitation und die Anpassung des Arbeitsplatzes. <\/p>\t\t\t\t\t\t\t\t<\/div>\n\t\t\t\t<\/div>\n\t\t\t\t<\/div>\n\t\t\t\t\t<\/div>\n\t\t\t\t<\/div>\n\t\t\t\t<\/div>\n\t\t","protected":false},"excerpt":{"rendered":"<p>Betreuung durch den Arbeitgeber Die Mitarbeiterbetreuung liegt uns am Herzen, und wir m\u00f6chten, dass sich jedes Teammitglied wohlf\u00fchlt und Freude an seiner Arbeit hat. Sowohl Festangestellten als auch Zeitarbeitskr\u00e4ften wird ein Wellness-Zuschuss gew\u00e4hrt, und es besteht die M\u00f6glichkeit, w\u00e4hrend der Arbeitszeit Massagen in Anspruch zu nehmen. Als Mitarbeiter von Skandia Elevator haben Sie au\u00dferdem freien [&hellip;]<\/p>\n","protected":false},"author":1,"featured_media":0,"parent":7625,"menu_order":0,"comment_status":"closed","ping_status":"closed","template":"","meta":{"_acf_changed":false,"footnotes":""},"class_list":["post-7578","page","type-page","status-publish","hentry"],"acf":[],"yoast_head":"<!-- This site is optimized with the Yoast SEO plugin v27.4 - https:\/\/yoast.com\/product\/yoast-seo-wordpress\/ -->\n<title>Betreuung durch den Arbeitgeber - Skandia elevator<\/title>\n<meta name=\"robots\" content=\"index, follow, max-snippet:-1, max-image-preview:large, max-video-preview:-1\" \/>\n<link rel=\"canonical\" href=\"https:\/\/skandiaelevator.com\/de\/karriere\/betreuung-durch-den-arbeitgeber\/\" \/>\n<meta property=\"og:locale\" content=\"de_DE\" \/>\n<meta property=\"og:type\" content=\"article\" \/>\n<meta property=\"og:title\" content=\"Betreuung durch den Arbeitgeber - Skandia elevator\" \/>\n<meta property=\"og:description\" content=\"Betreuung durch den Arbeitgeber Die Mitarbeiterbetreuung liegt uns am Herzen, und wir m\u00f6chten, dass sich jedes Teammitglied wohlf\u00fchlt und Freude an seiner Arbeit hat. Sowohl Festangestellten als auch Zeitarbeitskr\u00e4ften wird ein Wellness-Zuschuss gew\u00e4hrt, und es besteht die M\u00f6glichkeit, w\u00e4hrend der Arbeitszeit Massagen in Anspruch zu nehmen. Als Mitarbeiter von Skandia Elevator haben Sie au\u00dferdem freien [&hellip;]\" \/>\n<meta property=\"og:url\" content=\"https:\/\/skandiaelevator.com\/de\/karriere\/betreuung-durch-den-arbeitgeber\/\" \/>\n<meta property=\"og:site_name\" content=\"Skandia elevator\" \/>\n<meta property=\"article:modified_time\" content=\"2026-03-16T12:26:54+00:00\" \/>\n<meta property=\"og:image\" content=\"https:\/\/skandiaelevator.com\/wp-content\/uploads\/2025\/09\/cropped-FAV_512x512px.png\" \/>\n\t<meta property=\"og:image:width\" content=\"512\" \/>\n\t<meta property=\"og:image:height\" content=\"512\" \/>\n\t<meta property=\"og:image:type\" content=\"image\/png\" \/>\n<meta name=\"twitter:card\" content=\"summary_large_image\" \/>\n<meta name=\"twitter:label1\" content=\"Gesch\u00e4tzte Lesezeit\" \/>\n\t<meta name=\"twitter:data1\" content=\"1\u00a0Minute\" \/>\n<script type=\"application\/ld+json\" class=\"yoast-schema-graph\">{\"@context\":\"https:\\\/\\\/schema.org\",\"@graph\":[{\"@type\":\"WebPage\",\"@id\":\"https:\\\/\\\/skandiaelevator.com\\\/de\\\/karriere\\\/betreuung-durch-den-arbeitgeber\\\/\",\"url\":\"https:\\\/\\\/skandiaelevator.com\\\/de\\\/karriere\\\/betreuung-durch-den-arbeitgeber\\\/\",\"name\":\"Betreuung durch den Arbeitgeber - Skandia elevator\",\"isPartOf\":{\"@id\":\"https:\\\/\\\/skandiaelevator.com\\\/#website\"},\"datePublished\":\"2025-10-01T06:36:37+00:00\",\"dateModified\":\"2026-03-16T12:26:54+00:00\",\"breadcrumb\":{\"@id\":\"https:\\\/\\\/skandiaelevator.com\\\/de\\\/karriere\\\/betreuung-durch-den-arbeitgeber\\\/#breadcrumb\"},\"inLanguage\":\"de\",\"potentialAction\":[{\"@type\":\"ReadAction\",\"target\":[\"https:\\\/\\\/skandiaelevator.com\\\/de\\\/karriere\\\/betreuung-durch-den-arbeitgeber\\\/\"]}]},{\"@type\":\"BreadcrumbList\",\"@id\":\"https:\\\/\\\/skandiaelevator.com\\\/de\\\/karriere\\\/betreuung-durch-den-arbeitgeber\\\/#breadcrumb\",\"itemListElement\":[{\"@type\":\"ListItem\",\"position\":1,\"name\":\"Home\",\"item\":\"https:\\\/\\\/skandiaelevator.com\\\/\"},{\"@type\":\"ListItem\",\"position\":2,\"name\":\"Karriere\",\"item\":\"https:\\\/\\\/skandiaelevator.com\\\/de\\\/karriere\\\/\"},{\"@type\":\"ListItem\",\"position\":3,\"name\":\"Betreuung durch den Arbeitgeber\"}]},{\"@type\":\"WebSite\",\"@id\":\"https:\\\/\\\/skandiaelevator.com\\\/#website\",\"url\":\"https:\\\/\\\/skandiaelevator.com\\\/\",\"name\":\"Skandia elevator\",\"description\":\"\",\"publisher\":{\"@id\":\"https:\\\/\\\/skandiaelevator.com\\\/#organization\"},\"potentialAction\":[{\"@type\":\"SearchAction\",\"target\":{\"@type\":\"EntryPoint\",\"urlTemplate\":\"https:\\\/\\\/skandiaelevator.com\\\/?s={search_term_string}\"},\"query-input\":{\"@type\":\"PropertyValueSpecification\",\"valueRequired\":true,\"valueName\":\"search_term_string\"}}],\"inLanguage\":\"de\"},{\"@type\":\"Organization\",\"@id\":\"https:\\\/\\\/skandiaelevator.com\\\/#organization\",\"name\":\"Skandia elevator\",\"url\":\"https:\\\/\\\/skandiaelevator.com\\\/\",\"logo\":{\"@type\":\"ImageObject\",\"inLanguage\":\"de\",\"@id\":\"https:\\\/\\\/skandiaelevator.com\\\/#\\\/schema\\\/logo\\\/image\\\/\",\"url\":\"https:\\\/\\\/skandiaelevator.com\\\/wp-content\\\/uploads\\\/2025\\\/09\\\/cropped-FAV_512x512px.png\",\"contentUrl\":\"https:\\\/\\\/skandiaelevator.com\\\/wp-content\\\/uploads\\\/2025\\\/09\\\/cropped-FAV_512x512px.png\",\"width\":512,\"height\":512,\"caption\":\"Skandia elevator\"},\"image\":{\"@id\":\"https:\\\/\\\/skandiaelevator.com\\\/#\\\/schema\\\/logo\\\/image\\\/\"}}]}<\/script>\n<!-- \/ Yoast SEO plugin. -->","yoast_head_json":{"title":"Betreuung durch den Arbeitgeber - Skandia elevator","robots":{"index":"index","follow":"follow","max-snippet":"max-snippet:-1","max-image-preview":"max-image-preview:large","max-video-preview":"max-video-preview:-1"},"canonical":"https:\/\/skandiaelevator.com\/de\/karriere\/betreuung-durch-den-arbeitgeber\/","og_locale":"de_DE","og_type":"article","og_title":"Betreuung durch den Arbeitgeber - Skandia elevator","og_description":"Betreuung durch den Arbeitgeber Die Mitarbeiterbetreuung liegt uns am Herzen, und wir m\u00f6chten, dass sich jedes Teammitglied wohlf\u00fchlt und Freude an seiner Arbeit hat. Sowohl Festangestellten als auch Zeitarbeitskr\u00e4ften wird ein Wellness-Zuschuss gew\u00e4hrt, und es besteht die M\u00f6glichkeit, w\u00e4hrend der Arbeitszeit Massagen in Anspruch zu nehmen. Als Mitarbeiter von Skandia Elevator haben Sie au\u00dferdem freien [&hellip;]","og_url":"https:\/\/skandiaelevator.com\/de\/karriere\/betreuung-durch-den-arbeitgeber\/","og_site_name":"Skandia elevator","article_modified_time":"2026-03-16T12:26:54+00:00","og_image":[{"width":512,"height":512,"url":"https:\/\/skandiaelevator.com\/wp-content\/uploads\/2025\/09\/cropped-FAV_512x512px.png","type":"image\/png"}],"twitter_card":"summary_large_image","twitter_misc":{"Gesch\u00e4tzte Lesezeit":"1\u00a0Minute"},"schema":{"@context":"https:\/\/schema.org","@graph":[{"@type":"WebPage","@id":"https:\/\/skandiaelevator.com\/de\/karriere\/betreuung-durch-den-arbeitgeber\/","url":"https:\/\/skandiaelevator.com\/de\/karriere\/betreuung-durch-den-arbeitgeber\/","name":"Betreuung durch den Arbeitgeber - Skandia elevator","isPartOf":{"@id":"https:\/\/skandiaelevator.com\/#website"},"datePublished":"2025-10-01T06:36:37+00:00","dateModified":"2026-03-16T12:26:54+00:00","breadcrumb":{"@id":"https:\/\/skandiaelevator.com\/de\/karriere\/betreuung-durch-den-arbeitgeber\/#breadcrumb"},"inLanguage":"de","potentialAction":[{"@type":"ReadAction","target":["https:\/\/skandiaelevator.com\/de\/karriere\/betreuung-durch-den-arbeitgeber\/"]}]},{"@type":"BreadcrumbList","@id":"https:\/\/skandiaelevator.com\/de\/karriere\/betreuung-durch-den-arbeitgeber\/#breadcrumb","itemListElement":[{"@type":"ListItem","position":1,"name":"Home","item":"https:\/\/skandiaelevator.com\/"},{"@type":"ListItem","position":2,"name":"Karriere","item":"https:\/\/skandiaelevator.com\/de\/karriere\/"},{"@type":"ListItem","position":3,"name":"Betreuung durch den Arbeitgeber"}]},{"@type":"WebSite","@id":"https:\/\/skandiaelevator.com\/#website","url":"https:\/\/skandiaelevator.com\/","name":"Skandia elevator","description":"","publisher":{"@id":"https:\/\/skandiaelevator.com\/#organization"},"potentialAction":[{"@type":"SearchAction","target":{"@type":"EntryPoint","urlTemplate":"https:\/\/skandiaelevator.com\/?s={search_term_string}"},"query-input":{"@type":"PropertyValueSpecification","valueRequired":true,"valueName":"search_term_string"}}],"inLanguage":"de"},{"@type":"Organization","@id":"https:\/\/skandiaelevator.com\/#organization","name":"Skandia elevator","url":"https:\/\/skandiaelevator.com\/","logo":{"@type":"ImageObject","inLanguage":"de","@id":"https:\/\/skandiaelevator.com\/#\/schema\/logo\/image\/","url":"https:\/\/skandiaelevator.com\/wp-content\/uploads\/2025\/09\/cropped-FAV_512x512px.png","contentUrl":"https:\/\/skandiaelevator.com\/wp-content\/uploads\/2025\/09\/cropped-FAV_512x512px.png","width":512,"height":512,"caption":"Skandia elevator"},"image":{"@id":"https:\/\/skandiaelevator.com\/#\/schema\/logo\/image\/"}}]}},"_links":{"self":[{"href":"https:\/\/skandiaelevator.com\/de\/wp-json\/wp\/v2\/pages\/7578","targetHints":{"allow":["GET"]}}],"collection":[{"href":"https:\/\/skandiaelevator.com\/de\/wp-json\/wp\/v2\/pages"}],"about":[{"href":"https:\/\/skandiaelevator.com\/de\/wp-json\/wp\/v2\/types\/page"}],"author":[{"embeddable":true,"href":"https:\/\/skandiaelevator.com\/de\/wp-json\/wp\/v2\/users\/1"}],"replies":[{"embeddable":true,"href":"https:\/\/skandiaelevator.com\/de\/wp-json\/wp\/v2\/comments?post=7578"}],"version-history":[{"count":1,"href":"https:\/\/skandiaelevator.com\/de\/wp-json\/wp\/v2\/pages\/7578\/revisions"}],"predecessor-version":[{"id":7579,"href":"https:\/\/skandiaelevator.com\/de\/wp-json\/wp\/v2\/pages\/7578\/revisions\/7579"}],"up":[{"embeddable":true,"href":"https:\/\/skandiaelevator.com\/de\/wp-json\/wp\/v2\/pages\/7625"}],"wp:attachment":[{"href":"https:\/\/skandiaelevator.com\/de\/wp-json\/wp\/v2\/media?parent=7578"}],"curies":[{"name":"wp","href":"https:\/\/api.w.org\/{rel}","templated":true}]}}