{"id":7576,"date":"2025-10-01T06:35:51","date_gmt":"2025-10-01T06:35:51","guid":{"rendered":"https:\/\/skandiaelevator.com\/arbeitsumfeld\/"},"modified":"2026-03-16T12:26:32","modified_gmt":"2026-03-16T12:26:32","slug":"arbeitsumfeld","status":"publish","type":"page","link":"https:\/\/skandiaelevator.com\/de\/karriere\/arbeitsumfeld\/","title":{"rendered":"Arbeitsumfeld"},"content":{"rendered":"\t\t<div data-elementor-type=\"wp-page\" data-elementor-id=\"7576\" class=\"elementor elementor-7576\" data-elementor-post-type=\"page\">\n\t\t\t\t<div class=\"elementor-element elementor-element-59b4d73b e-flex e-con-boxed e-con e-parent\" data-id=\"59b4d73b\" data-element_type=\"container\" data-e-type=\"container\">\n\t\t\t\t\t<div class=\"e-con-inner\">\n\t\t\t\t<div class=\"elementor-element elementor-element-1bb0db50 elementor-widget elementor-widget-breadcrumbs\" data-id=\"1bb0db50\" data-element_type=\"widget\" data-e-type=\"widget\" data-widget_type=\"breadcrumbs.default\">\n\t\t\t\t\t<p id=\"breadcrumbs\"><span><span><a href=\"https:\/\/skandiaelevator.com\/\">Home<\/a><\/span><\/span><\/p>\t\t\t\t<\/div>\n\t\t\t\t\t<\/div>\n\t\t\t\t<\/div>\n\t\t<div class=\"elementor-element elementor-element-2cf5b3c5 e-flex e-con-boxed e-con e-parent\" data-id=\"2cf5b3c5\" data-element_type=\"container\" data-e-type=\"container\">\n\t\t\t\t\t<div class=\"e-con-inner\">\n\t\t<div class=\"elementor-element elementor-element-771ac218 e-con-full e-flex e-con e-child\" data-id=\"771ac218\" data-element_type=\"container\" data-e-type=\"container\">\n\t\t<div class=\"elementor-element elementor-element-6dbc58e3 e-con-full e-flex e-con e-child\" data-id=\"6dbc58e3\" data-element_type=\"container\" data-e-type=\"container\">\n\t\t\t\t<div class=\"elementor-element elementor-element-6665b297 elementor-widget elementor-widget-heading\" data-id=\"6665b297\" data-element_type=\"widget\" data-e-type=\"widget\" data-widget_type=\"heading.default\">\n\t\t\t\t\t<h2 class=\"elementor-heading-title elementor-size-default\">Arbeitsumfeld<\/h2>\t\t\t\t<\/div>\n\t\t\t\t<\/div>\n\t\t<div class=\"elementor-element elementor-element-520c34aa e-con-full e-flex e-con e-child\" data-id=\"520c34aa\" data-element_type=\"container\" data-e-type=\"container\">\n\t\t\t\t<div class=\"elementor-element elementor-element-70f77701 elementor-widget elementor-widget-text-editor\" data-id=\"70f77701\" data-element_type=\"widget\" data-e-type=\"widget\" data-widget_type=\"text-editor.default\">\n\t\t\t\t\t\t\t\t\t<p>Bei Skandia Elevator arbeiten wir alle zusammen, um ein sicheres und gesundes<br>Arbeitsumfeld zu schaffen &#8211; sowohl physisch als auch psychisch. Um erfolgreich zu sein, muss jeder<br>Verantwortung \u00fcbernehmen und seinen Beitrag leisten, indem er zum Beispiel bestehende Anweisungen befolgt und die erforderliche Schutzausr\u00fcstung verwendet. Wichtig ist auch, dass man sich zu Wort meldet, wenn man bei der t\u00e4glichen Arbeit Risiken oder M\u00e4ngel feststellt.  <\/p><p>Ein gutes Arbeitsumfeld verringert nicht nur das Risiko von Unf\u00e4llen, Verletzungen durch wiederkehrende Belastungen und anderen gesundheitlichen Problemen. Es schafft auch ein Gef\u00fchl der Sicherheit bei den t\u00e4glichen Aufgaben, erh\u00f6ht das Engagement und die Arbeitszufriedenheit und verbessert so das Wohlbefinden. Langfristig f\u00fchrt dies zu einer gr\u00f6\u00dferen beruflichen Erf\u00fcllung und mehr M\u00f6glichkeiten zur pers\u00f6nlichen Entwicklung.  <\/p><p>Ein sicherer und gesunder Arbeitsplatz ist auch die Grundlage f\u00fcr Ordnung und Struktur und f\u00f6rdert eine st\u00e4rkere Ausrichtung auf Qualit\u00e4t. Dies steht in vollem Einklang mit unserem Bestreben, die Dinge von Anfang an richtig zu machen und uns st\u00e4ndig zu verbessern. Unsere Werte leiten alles, was wir tun &#8211; wir streben danach, positiv, innovativ und verantwortungsbewusst zu sein.  <\/p><p>F\u00fcr Skandia Elevator bedeutet dies, dass:<\/p><ul><li>Bem\u00fchungen um das Arbeitsumfeld sind ein nat\u00fcrlicher Bestandteil unserer Arbeit.<\/li><li>Alle Mitarbeiter erhalten die f\u00fcr ein sicheres Arbeiten erforderliche Einf\u00fchrung und Schulung.<\/li><li>Wir bewerten regelm\u00e4\u00dfig &#8211; vor allem in Zeiten des Wandels &#8211; das Arbeitsumfeld anhand von physischen, organisatorischen und sozialen Faktoren.<\/li><li>Wir ergreifen die notwendigen Ma\u00dfnahmen, um einen sicheren Arbeitsplatz zu schaffen.<\/li><li>Alle Vorf\u00e4lle und Unf\u00e4lle werden gemeldet und untersucht, damit geeignete Ma\u00dfnahmen ergriffen werden k\u00f6nnen.<\/li><li>Wir halten uns an die geltenden Arbeitsplatzgesetze und erreichen unsere Ziele f\u00fcr das Arbeitsumfeld.<\/li><li>Wir \u00fcberpr\u00fcfen unser systematisches Arbeitsumfeldmanagement j\u00e4hrlich.<\/li><\/ul><p>Wir tun dies, weil ein sicheres und unterst\u00fctzendes Arbeitsumfeld sowohl eine Voraussetzung als auch ein nat\u00fcrliches Ziel ist, um produktiv und wettbewerbsf\u00e4hig zu sein.<\/p>\t\t\t\t\t\t\t\t<\/div>\n\t\t\t\t<\/div>\n\t\t\t\t<\/div>\n\t\t\t\t\t<\/div>\n\t\t\t\t<\/div>\n\t\t\t\t<\/div>\n\t\t","protected":false},"excerpt":{"rendered":"<p>Arbeitsumfeld Bei Skandia Elevator arbeiten wir alle zusammen, um ein sicheres und gesundesArbeitsumfeld zu schaffen &#8211; sowohl physisch als auch psychisch. Um erfolgreich zu sein, muss jederVerantwortung \u00fcbernehmen und seinen Beitrag leisten, indem er zum Beispiel bestehende Anweisungen befolgt und die erforderliche Schutzausr\u00fcstung verwendet. Wichtig ist auch, dass man sich zu Wort meldet, wenn man [&hellip;]<\/p>\n","protected":false},"author":1,"featured_media":0,"parent":7625,"menu_order":0,"comment_status":"closed","ping_status":"closed","template":"","meta":{"_acf_changed":false,"footnotes":""},"class_list":["post-7576","page","type-page","status-publish","hentry"],"acf":[],"yoast_head":"<!-- This site is optimized with the Yoast SEO plugin v27.4 - https:\/\/yoast.com\/product\/yoast-seo-wordpress\/ -->\n<title>Arbeitsumfeld - Skandia elevator<\/title>\n<meta name=\"robots\" content=\"index, follow, max-snippet:-1, max-image-preview:large, max-video-preview:-1\" \/>\n<link rel=\"canonical\" href=\"https:\/\/skandiaelevator.com\/de\/karriere\/arbeitsumfeld\/\" \/>\n<meta property=\"og:locale\" content=\"de_DE\" \/>\n<meta property=\"og:type\" content=\"article\" \/>\n<meta property=\"og:title\" content=\"Arbeitsumfeld - Skandia elevator\" \/>\n<meta property=\"og:description\" content=\"Arbeitsumfeld Bei Skandia Elevator arbeiten wir alle zusammen, um ein sicheres und gesundesArbeitsumfeld zu schaffen &#8211; sowohl physisch als auch psychisch. Um erfolgreich zu sein, muss jederVerantwortung \u00fcbernehmen und seinen Beitrag leisten, indem er zum Beispiel bestehende Anweisungen befolgt und die erforderliche Schutzausr\u00fcstung verwendet. Wichtig ist auch, dass man sich zu Wort meldet, wenn man [&hellip;]\" \/>\n<meta property=\"og:url\" content=\"https:\/\/skandiaelevator.com\/de\/karriere\/arbeitsumfeld\/\" \/>\n<meta property=\"og:site_name\" content=\"Skandia elevator\" \/>\n<meta property=\"article:modified_time\" content=\"2026-03-16T12:26:32+00:00\" \/>\n<meta property=\"og:image\" content=\"https:\/\/skandiaelevator.com\/wp-content\/uploads\/2025\/09\/cropped-FAV_512x512px.png\" \/>\n\t<meta property=\"og:image:width\" content=\"512\" \/>\n\t<meta property=\"og:image:height\" content=\"512\" \/>\n\t<meta property=\"og:image:type\" content=\"image\/png\" \/>\n<meta name=\"twitter:card\" content=\"summary_large_image\" \/>\n<meta name=\"twitter:label1\" content=\"Gesch\u00e4tzte Lesezeit\" \/>\n\t<meta name=\"twitter:data1\" content=\"2\u00a0Minuten\" \/>\n<script type=\"application\/ld+json\" class=\"yoast-schema-graph\">{\"@context\":\"https:\\\/\\\/schema.org\",\"@graph\":[{\"@type\":\"WebPage\",\"@id\":\"https:\\\/\\\/skandiaelevator.com\\\/de\\\/karriere\\\/arbeitsumfeld\\\/\",\"url\":\"https:\\\/\\\/skandiaelevator.com\\\/de\\\/karriere\\\/arbeitsumfeld\\\/\",\"name\":\"Arbeitsumfeld - Skandia elevator\",\"isPartOf\":{\"@id\":\"https:\\\/\\\/skandiaelevator.com\\\/#website\"},\"datePublished\":\"2025-10-01T06:35:51+00:00\",\"dateModified\":\"2026-03-16T12:26:32+00:00\",\"breadcrumb\":{\"@id\":\"https:\\\/\\\/skandiaelevator.com\\\/de\\\/karriere\\\/arbeitsumfeld\\\/#breadcrumb\"},\"inLanguage\":\"de\",\"potentialAction\":[{\"@type\":\"ReadAction\",\"target\":[\"https:\\\/\\\/skandiaelevator.com\\\/de\\\/karriere\\\/arbeitsumfeld\\\/\"]}]},{\"@type\":\"BreadcrumbList\",\"@id\":\"https:\\\/\\\/skandiaelevator.com\\\/de\\\/karriere\\\/arbeitsumfeld\\\/#breadcrumb\",\"itemListElement\":[{\"@type\":\"ListItem\",\"position\":1,\"name\":\"Home\",\"item\":\"https:\\\/\\\/skandiaelevator.com\\\/\"},{\"@type\":\"ListItem\",\"position\":2,\"name\":\"Karriere\",\"item\":\"https:\\\/\\\/skandiaelevator.com\\\/de\\\/karriere\\\/\"},{\"@type\":\"ListItem\",\"position\":3,\"name\":\"Arbeitsumfeld\"}]},{\"@type\":\"WebSite\",\"@id\":\"https:\\\/\\\/skandiaelevator.com\\\/#website\",\"url\":\"https:\\\/\\\/skandiaelevator.com\\\/\",\"name\":\"Skandia elevator\",\"description\":\"\",\"publisher\":{\"@id\":\"https:\\\/\\\/skandiaelevator.com\\\/#organization\"},\"potentialAction\":[{\"@type\":\"SearchAction\",\"target\":{\"@type\":\"EntryPoint\",\"urlTemplate\":\"https:\\\/\\\/skandiaelevator.com\\\/?s={search_term_string}\"},\"query-input\":{\"@type\":\"PropertyValueSpecification\",\"valueRequired\":true,\"valueName\":\"search_term_string\"}}],\"inLanguage\":\"de\"},{\"@type\":\"Organization\",\"@id\":\"https:\\\/\\\/skandiaelevator.com\\\/#organization\",\"name\":\"Skandia elevator\",\"url\":\"https:\\\/\\\/skandiaelevator.com\\\/\",\"logo\":{\"@type\":\"ImageObject\",\"inLanguage\":\"de\",\"@id\":\"https:\\\/\\\/skandiaelevator.com\\\/#\\\/schema\\\/logo\\\/image\\\/\",\"url\":\"https:\\\/\\\/skandiaelevator.com\\\/wp-content\\\/uploads\\\/2025\\\/09\\\/cropped-FAV_512x512px.png\",\"contentUrl\":\"https:\\\/\\\/skandiaelevator.com\\\/wp-content\\\/uploads\\\/2025\\\/09\\\/cropped-FAV_512x512px.png\",\"width\":512,\"height\":512,\"caption\":\"Skandia elevator\"},\"image\":{\"@id\":\"https:\\\/\\\/skandiaelevator.com\\\/#\\\/schema\\\/logo\\\/image\\\/\"}}]}<\/script>\n<!-- \/ Yoast SEO plugin. -->","yoast_head_json":{"title":"Arbeitsumfeld - Skandia elevator","robots":{"index":"index","follow":"follow","max-snippet":"max-snippet:-1","max-image-preview":"max-image-preview:large","max-video-preview":"max-video-preview:-1"},"canonical":"https:\/\/skandiaelevator.com\/de\/karriere\/arbeitsumfeld\/","og_locale":"de_DE","og_type":"article","og_title":"Arbeitsumfeld - Skandia elevator","og_description":"Arbeitsumfeld Bei Skandia Elevator arbeiten wir alle zusammen, um ein sicheres und gesundesArbeitsumfeld zu schaffen &#8211; sowohl physisch als auch psychisch. Um erfolgreich zu sein, muss jederVerantwortung \u00fcbernehmen und seinen Beitrag leisten, indem er zum Beispiel bestehende Anweisungen befolgt und die erforderliche Schutzausr\u00fcstung verwendet. Wichtig ist auch, dass man sich zu Wort meldet, wenn man [&hellip;]","og_url":"https:\/\/skandiaelevator.com\/de\/karriere\/arbeitsumfeld\/","og_site_name":"Skandia elevator","article_modified_time":"2026-03-16T12:26:32+00:00","og_image":[{"width":512,"height":512,"url":"https:\/\/skandiaelevator.com\/wp-content\/uploads\/2025\/09\/cropped-FAV_512x512px.png","type":"image\/png"}],"twitter_card":"summary_large_image","twitter_misc":{"Gesch\u00e4tzte Lesezeit":"2\u00a0Minuten"},"schema":{"@context":"https:\/\/schema.org","@graph":[{"@type":"WebPage","@id":"https:\/\/skandiaelevator.com\/de\/karriere\/arbeitsumfeld\/","url":"https:\/\/skandiaelevator.com\/de\/karriere\/arbeitsumfeld\/","name":"Arbeitsumfeld - Skandia elevator","isPartOf":{"@id":"https:\/\/skandiaelevator.com\/#website"},"datePublished":"2025-10-01T06:35:51+00:00","dateModified":"2026-03-16T12:26:32+00:00","breadcrumb":{"@id":"https:\/\/skandiaelevator.com\/de\/karriere\/arbeitsumfeld\/#breadcrumb"},"inLanguage":"de","potentialAction":[{"@type":"ReadAction","target":["https:\/\/skandiaelevator.com\/de\/karriere\/arbeitsumfeld\/"]}]},{"@type":"BreadcrumbList","@id":"https:\/\/skandiaelevator.com\/de\/karriere\/arbeitsumfeld\/#breadcrumb","itemListElement":[{"@type":"ListItem","position":1,"name":"Home","item":"https:\/\/skandiaelevator.com\/"},{"@type":"ListItem","position":2,"name":"Karriere","item":"https:\/\/skandiaelevator.com\/de\/karriere\/"},{"@type":"ListItem","position":3,"name":"Arbeitsumfeld"}]},{"@type":"WebSite","@id":"https:\/\/skandiaelevator.com\/#website","url":"https:\/\/skandiaelevator.com\/","name":"Skandia elevator","description":"","publisher":{"@id":"https:\/\/skandiaelevator.com\/#organization"},"potentialAction":[{"@type":"SearchAction","target":{"@type":"EntryPoint","urlTemplate":"https:\/\/skandiaelevator.com\/?s={search_term_string}"},"query-input":{"@type":"PropertyValueSpecification","valueRequired":true,"valueName":"search_term_string"}}],"inLanguage":"de"},{"@type":"Organization","@id":"https:\/\/skandiaelevator.com\/#organization","name":"Skandia elevator","url":"https:\/\/skandiaelevator.com\/","logo":{"@type":"ImageObject","inLanguage":"de","@id":"https:\/\/skandiaelevator.com\/#\/schema\/logo\/image\/","url":"https:\/\/skandiaelevator.com\/wp-content\/uploads\/2025\/09\/cropped-FAV_512x512px.png","contentUrl":"https:\/\/skandiaelevator.com\/wp-content\/uploads\/2025\/09\/cropped-FAV_512x512px.png","width":512,"height":512,"caption":"Skandia elevator"},"image":{"@id":"https:\/\/skandiaelevator.com\/#\/schema\/logo\/image\/"}}]}},"_links":{"self":[{"href":"https:\/\/skandiaelevator.com\/de\/wp-json\/wp\/v2\/pages\/7576","targetHints":{"allow":["GET"]}}],"collection":[{"href":"https:\/\/skandiaelevator.com\/de\/wp-json\/wp\/v2\/pages"}],"about":[{"href":"https:\/\/skandiaelevator.com\/de\/wp-json\/wp\/v2\/types\/page"}],"author":[{"embeddable":true,"href":"https:\/\/skandiaelevator.com\/de\/wp-json\/wp\/v2\/users\/1"}],"replies":[{"embeddable":true,"href":"https:\/\/skandiaelevator.com\/de\/wp-json\/wp\/v2\/comments?post=7576"}],"version-history":[{"count":1,"href":"https:\/\/skandiaelevator.com\/de\/wp-json\/wp\/v2\/pages\/7576\/revisions"}],"predecessor-version":[{"id":7577,"href":"https:\/\/skandiaelevator.com\/de\/wp-json\/wp\/v2\/pages\/7576\/revisions\/7577"}],"up":[{"embeddable":true,"href":"https:\/\/skandiaelevator.com\/de\/wp-json\/wp\/v2\/pages\/7625"}],"wp:attachment":[{"href":"https:\/\/skandiaelevator.com\/de\/wp-json\/wp\/v2\/media?parent=7576"}],"curies":[{"name":"wp","href":"https:\/\/api.w.org\/{rel}","templated":true}]}}